{"id":139,"date":"2016-03-25T20:21:07","date_gmt":"2016-03-25T19:21:07","guid":{"rendered":"http:\/\/ffw-rehau.net\/wordpress\/?page_id=139"},"modified":"2025-12-15T17:54:55","modified_gmt":"2025-12-15T15:54:55","slug":"einsatzleitwagen-elw-1","status":"publish","type":"page","link":"https:\/\/feuerwehr-rehau.de\/?page_id=139","title":{"rendered":"Einsatzleitwagen ELW 1"},"content":{"rendered":"\n<div class=\"wp-block-media-text alignwide is-stacked-on-mobile\"><figure class=\"wp-block-media-text__media\"><img decoding=\"async\" width=\"1365\" height=\"1024\" src=\"https:\/\/feuerwehr-rehau.de\/wp-content\/uploads\/2021\/08\/1365-1024-1-1.jpg\" alt=\"\" class=\"wp-image-4742 size-full\"\/><\/figure><div class=\"wp-block-media-text__content\">\n<p class=\"has-text-align-center has-large-font-size\"><\/p>\n\n\n\n<p style=\"text-align: center;\"><strong>ELW<\/strong><\/p>\n<p style=\"text-align: center;\">Einsatzleitwagen<\/p>\n<p style=\"text-align: center;\">Florian Rehau 10\/<\/p>\n<p style=\"text-align: center;\">Mercedes Benz Vito 116 cdi 4&#215;4<\/p>\n<p style=\"text-align: center;\">Hensel \/ Waldbrunn<\/p>\n<p style=\"text-align: center;\">Baujahr 2013<\/p>\n<hr \/>\n<p>Der ELW 1 ist ein Einsatzleitwagen. Mit diesem Fahrzeug fahren die Kommandanten oder Zugf\u00fchrer zum Einsatzort. Das Fahrzeug verf\u00fcgt \u00fcber Allradantrieb und ist mit Funkger\u00e4ten und der notwendigen feuerwehrtechnischen Beladung zur Erkundung und Erstma\u00dfnahmen an Einsatzstellen ausger\u00fcstet. Fahrer- und Beifahrersitz sind drehbar um bei verschiedenen Einsatzlagen den Arbeitsplatz mit maximal 4 Einsatzkr\u00e4ften optimal nutzen zu k\u00f6nnen. Gasmessger\u00e4t, Laptop, Fax, Drucker, High-Press, Drohne, Absicherungsmaterial Autobahn, Notfallrucksack und Stofftiere als Seelentr\u00f6ster f\u00fcr Kinder runden die umfangreiche Beladung ab.\u00a0<\/p>\n<\/div><\/div>\n\n\n\n<p><\/p>\n\n\n\n<figure class=\"wp-block-gallery has-nested-images columns-4 is-cropped wp-block-gallery-1 is-layout-flex wp-block-gallery-is-layout-flex\">\n<figure class=\"wp-block-image size-thumbnail\"><a href=\"https:\/\/feuerwehr-rehau.de\/wp-content\/uploads\/2021\/09\/DSC01849-scaled.jpg\"><img decoding=\"async\" width=\"200\" height=\"200\" data-id=\"4884\" src=\"https:\/\/feuerwehr-rehau.de\/wp-content\/uploads\/2021\/09\/DSC01849-200x200.jpg\" alt=\"\" class=\"wp-image-4884\"\/><\/a><\/figure>\n\n\n\n<figure class=\"wp-block-image size-thumbnail\"><a href=\"https:\/\/feuerwehr-rehau.de\/wp-content\/uploads\/2021\/09\/DSC01850-scaled.jpg\"><img decoding=\"async\" width=\"200\" height=\"200\" data-id=\"4885\" src=\"https:\/\/feuerwehr-rehau.de\/wp-content\/uploads\/2021\/09\/DSC01850-200x200.jpg\" alt=\"\" class=\"wp-image-4885\"\/><\/a><\/figure>\n\n\n\n<figure class=\"wp-block-image size-thumbnail\"><a href=\"https:\/\/feuerwehr-rehau.de\/wp-content\/uploads\/2021\/09\/DSC01851-scaled.jpg\"><img decoding=\"async\" width=\"200\" height=\"200\" data-id=\"4887\" src=\"https:\/\/feuerwehr-rehau.de\/wp-content\/uploads\/2021\/09\/DSC01851-200x200.jpg\" alt=\"\" class=\"wp-image-4887\"\/><\/a><\/figure>\n\n\n\n<figure class=\"wp-block-image size-thumbnail\"><a href=\"https:\/\/feuerwehr-rehau.de\/wp-content\/uploads\/2021\/09\/DSC01852-scaled.jpg\"><img decoding=\"async\" width=\"200\" height=\"200\" data-id=\"4888\" src=\"https:\/\/feuerwehr-rehau.de\/wp-content\/uploads\/2021\/09\/DSC01852-200x200.jpg\" alt=\"\" class=\"wp-image-4888\"\/><\/a><\/figure>\n<\/figure>\n","protected":false},"excerpt":{"rendered":"<p>ELW Einsatzleitwagen Florian Rehau 10\/ Mercedes Benz Vito 116 cdi 4&#215;4 Hensel \/ Waldbrunn Baujahr 2013 Der ELW 1 ist ein Einsatzleitwagen. Mit diesem Fahrzeug fahren die Kommandanten oder Zugf\u00fchrer zum Einsatzort. Das Fahrzeug verf\u00fcgt \u00fcber Allradantrieb und ist mit Funkger\u00e4ten und der notwendigen feuerwehrtechnischen Beladung zur Erkundung und Erstma\u00dfnahmen an Einsatzstellen ausger\u00fcstet. Fahrer- und [&hellip;]<\/p>\n","protected":false},"author":4,"featured_media":0,"parent":4795,"menu_order":1,"comment_status":"closed","ping_status":"closed","template":"","meta":{"footnotes":""},"class_list":["post-139","page","type-page","status-publish","czr-hentry"],"_links":{"self":[{"href":"https:\/\/feuerwehr-rehau.de\/index.php?rest_route=\/wp\/v2\/pages\/139","targetHints":{"allow":["GET"]}}],"collection":[{"href":"https:\/\/feuerwehr-rehau.de\/index.php?rest_route=\/wp\/v2\/pages"}],"about":[{"href":"https:\/\/feuerwehr-rehau.de\/index.php?rest_route=\/wp\/v2\/types\/page"}],"author":[{"embeddable":true,"href":"https:\/\/feuerwehr-rehau.de\/index.php?rest_route=\/wp\/v2\/users\/4"}],"replies":[{"embeddable":true,"href":"https:\/\/feuerwehr-rehau.de\/index.php?rest_route=%2Fwp%2Fv2%2Fcomments&post=139"}],"version-history":[{"count":20,"href":"https:\/\/feuerwehr-rehau.de\/index.php?rest_route=\/wp\/v2\/pages\/139\/revisions"}],"predecessor-version":[{"id":9197,"href":"https:\/\/feuerwehr-rehau.de\/index.php?rest_route=\/wp\/v2\/pages\/139\/revisions\/9197"}],"up":[{"embeddable":true,"href":"https:\/\/feuerwehr-rehau.de\/index.php?rest_route=\/wp\/v2\/pages\/4795"}],"wp:attachment":[{"href":"https:\/\/feuerwehr-rehau.de\/index.php?rest_route=%2Fwp%2Fv2%2Fmedia&parent=139"}],"curies":[{"name":"wp","href":"https:\/\/api.w.org\/{rel}","templated":true}]}}