{"id":156,"date":"2016-03-27T14:55:25","date_gmt":"2016-03-27T12:55:25","guid":{"rendered":"http:\/\/ffw-rehau.net\/wordpress\/?page_id=156"},"modified":"2021-09-09T12:24:33","modified_gmt":"2021-09-09T10:24:33","slug":"tankloeschfahrzeug-tlf-2450-cafs","status":"publish","type":"page","link":"https:\/\/feuerwehr-rehau.de\/?page_id=156","title":{"rendered":"Tankl\u00f6schfahrzeug TLF 24\/50-CAFS"},"content":{"rendered":"\n<div class=\"wp-block-media-text alignwide is-stacked-on-mobile\"><figure class=\"wp-block-media-text__media\"><img decoding=\"async\" width=\"1365\" height=\"1024\" src=\"https:\/\/feuerwehr-rehau.de\/wp-content\/uploads\/2021\/08\/1365-1024-3.jpg\" alt=\"\" class=\"wp-image-4749 size-full\"\/><\/figure><div class=\"wp-block-media-text__content\">\n<p class=\"has-text-align-center has-large-font-size\"><\/p>\n\n\n\n<p><\/p>\n\n\n\n<p style=\"text-align: center;\"><strong>TLF 24\/50-CAFS<\/strong><\/p>\n<p style=\"text-align: center;\">Tankl\u00f6schfahrzeug<\/p>\n<p style=\"text-align: center;\">Florian Rehau 23\/1<\/p>\n<p style=\"text-align: center;\">Mercedes Benz Actros 1832<\/p>\n<p style=\"text-align: center;\">Ziegler \/ Giengen<\/p>\n<p style=\"text-align: center;\">Baujahr 2005<\/p>\n<hr>\n<p style=\"text-align: center;\">Das Tankl\u00f6schfahrzeug TLF 24\/50 ist ein Tankl\u00f6schfahrzeug mit Truppbesatzung (1\/2) und beinhaltet eine integrierte Feuerl\u00f6sch-Kreiselpumpe mit einem Pumpen-Nennf\u00f6rderstrom von 2400 l\/min,&nbsp;einen L\u00f6schwasserbeh\u00e4lter von 5000 l, einem Schaummittelbeh\u00e4lter mit 200 l Schaum A und einen Schaummittelbeh\u00e4lter mit 500 l Schaum B, Schaum-Zumischeinrichtung POWER FOAM PRO, Fa.Ziegler-Hale, eine Schnellangriffsl\u00f6scheinrichtung sowie folgende&nbsp;feuerwehrtechnische Beladung:<\/p>\n<p style=\"text-align: center;\">Stromerzeuger 8 kVA, 2 x 1000 W-Strahler, Lichtmast am Fahrzeugheck, 4 Pressluftatmer, Faltsignale, Verkehrsleitkegel, Warnleuchten, Euro-Blitzer, Motors\u00e4ge Stihl MS46, 2 Hitzeschutzkleidungen Form II, Wassersauger, Verkehrswarneinrichtung am Heck.<\/p>\n<\/div><\/div>\n\n\n\n<p><\/p>\n\n\n\n<figure class=\"wp-block-gallery columns-4 is-cropped wp-block-gallery-1 is-layout-flex wp-block-gallery-is-layout-flex\"><ul class=\"blocks-gallery-grid\"><li class=\"blocks-gallery-item\"><figure><a href=\"https:\/\/feuerwehr-rehau.de\/wp-content\/uploads\/2021\/09\/DSC01882-1-scaled.jpg\"><img decoding=\"async\" width=\"2500\" height=\"1875\" src=\"https:\/\/feuerwehr-rehau.de\/wp-content\/uploads\/2021\/09\/DSC01882-1-2500x1875.jpg\" alt=\"\" data-id=\"4893\" data-full-url=\"https:\/\/feuerwehr-rehau.de\/wp-content\/uploads\/2021\/09\/DSC01882-1-scaled.jpg\" data-link=\"https:\/\/feuerwehr-rehau.de\/?attachment_id=4893\" class=\"wp-image-4893\" srcset=\"https:\/\/feuerwehr-rehau.de\/wp-content\/uploads\/2021\/09\/DSC01882-1-2500x1875.jpg 2500w, https:\/\/feuerwehr-rehau.de\/wp-content\/uploads\/2021\/09\/DSC01882-1-1600x1200.jpg 1600w, https:\/\/feuerwehr-rehau.de\/wp-content\/uploads\/2021\/09\/DSC01882-1-1536x1152.jpg 1536w, https:\/\/feuerwehr-rehau.de\/wp-content\/uploads\/2021\/09\/DSC01882-1-2048x1536.jpg 2048w\" sizes=\"(max-width: 2500px) 100vw, 2500px\" \/><\/a><\/figure><\/li><li class=\"blocks-gallery-item\"><figure><a href=\"https:\/\/feuerwehr-rehau.de\/wp-content\/uploads\/2021\/09\/DSC01889-scaled.jpg\"><img decoding=\"async\" width=\"2500\" height=\"1875\" src=\"https:\/\/feuerwehr-rehau.de\/wp-content\/uploads\/2021\/09\/DSC01889-2500x1875.jpg\" alt=\"\" data-id=\"4901\" data-full-url=\"https:\/\/feuerwehr-rehau.de\/wp-content\/uploads\/2021\/09\/DSC01889-scaled.jpg\" data-link=\"https:\/\/feuerwehr-rehau.de\/?attachment_id=4901\" class=\"wp-image-4901\" srcset=\"https:\/\/feuerwehr-rehau.de\/wp-content\/uploads\/2021\/09\/DSC01889-2500x1875.jpg 2500w, https:\/\/feuerwehr-rehau.de\/wp-content\/uploads\/2021\/09\/DSC01889-1600x1200.jpg 1600w, https:\/\/feuerwehr-rehau.de\/wp-content\/uploads\/2021\/09\/DSC01889-1536x1152.jpg 1536w, https:\/\/feuerwehr-rehau.de\/wp-content\/uploads\/2021\/09\/DSC01889-2048x1536.jpg 2048w\" sizes=\"(max-width: 2500px) 100vw, 2500px\" \/><\/a><\/figure><\/li><li class=\"blocks-gallery-item\"><figure><a href=\"https:\/\/feuerwehr-rehau.de\/wp-content\/uploads\/2021\/09\/DSC01891-scaled.jpg\"><img decoding=\"async\" width=\"2500\" height=\"1875\" src=\"https:\/\/feuerwehr-rehau.de\/wp-content\/uploads\/2021\/09\/DSC01891-2500x1875.jpg\" alt=\"\" data-id=\"4903\" data-full-url=\"https:\/\/feuerwehr-rehau.de\/wp-content\/uploads\/2021\/09\/DSC01891-scaled.jpg\" data-link=\"https:\/\/feuerwehr-rehau.de\/?attachment_id=4903\" class=\"wp-image-4903\" srcset=\"https:\/\/feuerwehr-rehau.de\/wp-content\/uploads\/2021\/09\/DSC01891-2500x1875.jpg 2500w, https:\/\/feuerwehr-rehau.de\/wp-content\/uploads\/2021\/09\/DSC01891-1600x1200.jpg 1600w, https:\/\/feuerwehr-rehau.de\/wp-content\/uploads\/2021\/09\/DSC01891-1536x1152.jpg 1536w, https:\/\/feuerwehr-rehau.de\/wp-content\/uploads\/2021\/09\/DSC01891-2048x1536.jpg 2048w\" sizes=\"(max-width: 2500px) 100vw, 2500px\" \/><\/a><\/figure><\/li><li class=\"blocks-gallery-item\"><figure><a href=\"https:\/\/feuerwehr-rehau.de\/wp-content\/uploads\/2021\/09\/DSC01890-scaled.jpg\"><img decoding=\"async\" width=\"2500\" height=\"1875\" src=\"https:\/\/feuerwehr-rehau.de\/wp-content\/uploads\/2021\/09\/DSC01890-2500x1875.jpg\" alt=\"\" data-id=\"4902\" data-full-url=\"https:\/\/feuerwehr-rehau.de\/wp-content\/uploads\/2021\/09\/DSC01890-scaled.jpg\" data-link=\"https:\/\/feuerwehr-rehau.de\/?attachment_id=4902\" class=\"wp-image-4902\" srcset=\"https:\/\/feuerwehr-rehau.de\/wp-content\/uploads\/2021\/09\/DSC01890-2500x1875.jpg 2500w, https:\/\/feuerwehr-rehau.de\/wp-content\/uploads\/2021\/09\/DSC01890-1600x1200.jpg 1600w, https:\/\/feuerwehr-rehau.de\/wp-content\/uploads\/2021\/09\/DSC01890-1536x1152.jpg 1536w, https:\/\/feuerwehr-rehau.de\/wp-content\/uploads\/2021\/09\/DSC01890-2048x1536.jpg 2048w\" sizes=\"(max-width: 2500px) 100vw, 2500px\" \/><\/a><\/figure><\/li><li class=\"blocks-gallery-item\"><figure><a href=\"https:\/\/feuerwehr-rehau.de\/wp-content\/uploads\/2021\/09\/DSC01883-scaled.jpg\"><img decoding=\"async\" width=\"2500\" height=\"1875\" src=\"https:\/\/feuerwehr-rehau.de\/wp-content\/uploads\/2021\/09\/DSC01883-2500x1875.jpg\" alt=\"\" data-id=\"4895\" data-full-url=\"https:\/\/feuerwehr-rehau.de\/wp-content\/uploads\/2021\/09\/DSC01883-scaled.jpg\" data-link=\"https:\/\/feuerwehr-rehau.de\/?attachment_id=4895\" class=\"wp-image-4895\" srcset=\"https:\/\/feuerwehr-rehau.de\/wp-content\/uploads\/2021\/09\/DSC01883-2500x1875.jpg 2500w, https:\/\/feuerwehr-rehau.de\/wp-content\/uploads\/2021\/09\/DSC01883-1600x1200.jpg 1600w, https:\/\/feuerwehr-rehau.de\/wp-content\/uploads\/2021\/09\/DSC01883-1536x1152.jpg 1536w, https:\/\/feuerwehr-rehau.de\/wp-content\/uploads\/2021\/09\/DSC01883-2048x1536.jpg 2048w\" sizes=\"(max-width: 2500px) 100vw, 2500px\" \/><\/a><\/figure><\/li><li class=\"blocks-gallery-item\"><figure><a href=\"https:\/\/feuerwehr-rehau.de\/wp-content\/uploads\/2021\/09\/DSC01885-scaled.jpg\"><img decoding=\"async\" width=\"2500\" height=\"1875\" src=\"https:\/\/feuerwehr-rehau.de\/wp-content\/uploads\/2021\/09\/DSC01885-2500x1875.jpg\" alt=\"\" data-id=\"4897\" data-full-url=\"https:\/\/feuerwehr-rehau.de\/wp-content\/uploads\/2021\/09\/DSC01885-scaled.jpg\" data-link=\"https:\/\/feuerwehr-rehau.de\/?attachment_id=4897\" class=\"wp-image-4897\" srcset=\"https:\/\/feuerwehr-rehau.de\/wp-content\/uploads\/2021\/09\/DSC01885-2500x1875.jpg 2500w, https:\/\/feuerwehr-rehau.de\/wp-content\/uploads\/2021\/09\/DSC01885-1600x1200.jpg 1600w, https:\/\/feuerwehr-rehau.de\/wp-content\/uploads\/2021\/09\/DSC01885-1536x1152.jpg 1536w, https:\/\/feuerwehr-rehau.de\/wp-content\/uploads\/2021\/09\/DSC01885-2048x1536.jpg 2048w\" sizes=\"(max-width: 2500px) 100vw, 2500px\" \/><\/a><\/figure><\/li><li class=\"blocks-gallery-item\"><figure><a href=\"https:\/\/feuerwehr-rehau.de\/wp-content\/uploads\/2021\/09\/DSC01886-scaled.jpg\"><img decoding=\"async\" width=\"2500\" height=\"1875\" src=\"https:\/\/feuerwehr-rehau.de\/wp-content\/uploads\/2021\/09\/DSC01886-2500x1875.jpg\" alt=\"\" data-id=\"4898\" data-full-url=\"https:\/\/feuerwehr-rehau.de\/wp-content\/uploads\/2021\/09\/DSC01886-scaled.jpg\" data-link=\"https:\/\/feuerwehr-rehau.de\/?attachment_id=4898\" class=\"wp-image-4898\" srcset=\"https:\/\/feuerwehr-rehau.de\/wp-content\/uploads\/2021\/09\/DSC01886-2500x1875.jpg 2500w, https:\/\/feuerwehr-rehau.de\/wp-content\/uploads\/2021\/09\/DSC01886-1600x1200.jpg 1600w, https:\/\/feuerwehr-rehau.de\/wp-content\/uploads\/2021\/09\/DSC01886-1536x1152.jpg 1536w, https:\/\/feuerwehr-rehau.de\/wp-content\/uploads\/2021\/09\/DSC01886-2048x1536.jpg 2048w\" sizes=\"(max-width: 2500px) 100vw, 2500px\" \/><\/a><\/figure><\/li><li class=\"blocks-gallery-item\"><figure><a href=\"https:\/\/feuerwehr-rehau.de\/wp-content\/uploads\/2021\/09\/DSC01887-scaled.jpg\"><img decoding=\"async\" width=\"2500\" height=\"1875\" src=\"https:\/\/feuerwehr-rehau.de\/wp-content\/uploads\/2021\/09\/DSC01887-2500x1875.jpg\" alt=\"\" data-id=\"4899\" data-full-url=\"https:\/\/feuerwehr-rehau.de\/wp-content\/uploads\/2021\/09\/DSC01887-scaled.jpg\" data-link=\"https:\/\/feuerwehr-rehau.de\/?attachment_id=4899\" class=\"wp-image-4899\" srcset=\"https:\/\/feuerwehr-rehau.de\/wp-content\/uploads\/2021\/09\/DSC01887-2500x1875.jpg 2500w, https:\/\/feuerwehr-rehau.de\/wp-content\/uploads\/2021\/09\/DSC01887-1600x1200.jpg 1600w, https:\/\/feuerwehr-rehau.de\/wp-content\/uploads\/2021\/09\/DSC01887-1536x1152.jpg 1536w, https:\/\/feuerwehr-rehau.de\/wp-content\/uploads\/2021\/09\/DSC01887-2048x1536.jpg 2048w\" sizes=\"(max-width: 2500px) 100vw, 2500px\" \/><\/a><\/figure><\/li><\/ul><\/figure>\n","protected":false},"excerpt":{"rendered":"<p>TLF 24\/50-CAFS Tankl\u00f6schfahrzeug Florian Rehau 23\/1 Mercedes Benz Actros 1832 Ziegler \/ Giengen Baujahr 2005 Das Tankl\u00f6schfahrzeug TLF 24\/50 ist ein Tankl\u00f6schfahrzeug mit Truppbesatzung (1\/2) und beinhaltet eine integrierte Feuerl\u00f6sch-Kreiselpumpe mit einem Pumpen-Nennf\u00f6rderstrom von 2400 l\/min,&nbsp;einen L\u00f6schwasserbeh\u00e4lter von 5000 l, einem Schaummittelbeh\u00e4lter mit 200 l Schaum A und einen Schaummittelbeh\u00e4lter mit 500 l Schaum B, [&hellip;]<\/p>\n","protected":false},"author":4,"featured_media":0,"parent":4795,"menu_order":3,"comment_status":"closed","ping_status":"closed","template":"","meta":{"footnotes":""},"class_list":["post-156","page","type-page","status-publish","czr-hentry"],"_links":{"self":[{"href":"https:\/\/feuerwehr-rehau.de\/index.php?rest_route=\/wp\/v2\/pages\/156","targetHints":{"allow":["GET"]}}],"collection":[{"href":"https:\/\/feuerwehr-rehau.de\/index.php?rest_route=\/wp\/v2\/pages"}],"about":[{"href":"https:\/\/feuerwehr-rehau.de\/index.php?rest_route=\/wp\/v2\/types\/page"}],"author":[{"embeddable":true,"href":"https:\/\/feuerwehr-rehau.de\/index.php?rest_route=\/wp\/v2\/users\/4"}],"replies":[{"embeddable":true,"href":"https:\/\/feuerwehr-rehau.de\/index.php?rest_route=%2Fwp%2Fv2%2Fcomments&post=156"}],"version-history":[{"count":14,"href":"https:\/\/feuerwehr-rehau.de\/index.php?rest_route=\/wp\/v2\/pages\/156\/revisions"}],"predecessor-version":[{"id":4914,"href":"https:\/\/feuerwehr-rehau.de\/index.php?rest_route=\/wp\/v2\/pages\/156\/revisions\/4914"}],"up":[{"embeddable":true,"href":"https:\/\/feuerwehr-rehau.de\/index.php?rest_route=\/wp\/v2\/pages\/4795"}],"wp:attachment":[{"href":"https:\/\/feuerwehr-rehau.de\/index.php?rest_route=%2Fwp%2Fv2%2Fmedia&parent=156"}],"curies":[{"name":"wp","href":"https:\/\/api.w.org\/{rel}","templated":true}]}}