{"id":169,"date":"2016-03-27T14:55:36","date_gmt":"2016-03-27T12:55:36","guid":{"rendered":"http:\/\/ffw-rehau.net\/wordpress\/?page_id=169"},"modified":"2025-12-15T17:53:53","modified_gmt":"2025-12-15T15:53:53","slug":"loeschgruppenfahrzeug-lf-2016-p750-cafs","status":"publish","type":"page","link":"https:\/\/feuerwehr-rehau.de\/?page_id=169","title":{"rendered":"L\u00f6schgruppenfahrzeug LF 20\/16-P750-CAFS"},"content":{"rendered":"\n<div class=\"wp-block-media-text alignwide is-stacked-on-mobile\"><figure class=\"wp-block-media-text__media\"><img decoding=\"async\" width=\"1365\" height=\"1024\" src=\"https:\/\/feuerwehr-rehau.de\/wp-content\/uploads\/2021\/08\/1365-1024-1-3.jpg\" alt=\"\" class=\"wp-image-4752 size-full\"\/><\/figure><div class=\"wp-block-media-text__content\">\n<p><\/p>\n\n\n\n<p style=\"text-align: center;\"><strong>20\/16-P750-CAFS<\/strong><\/p>\n<p style=\"text-align: center;\">L\u00f6schgruppenfahrzeug<\/p>\n<p style=\"text-align: center;\">Florian Rehau 41\/1<\/p>\n<p style=\"text-align: center;\">Mercedes Benz Atego 1629<\/p>\n<p style=\"text-align: center;\">Ziegler \/ Giengen<\/p>\n<p style=\"text-align: center;\">Baujahr 2010<\/p>\n<hr \/>\n<p>Das LF 20\/16-P750-CAFS ist speziell zur Brandbek\u00e4mpfung ausger\u00fcstet und somit auch das erstausr\u00fcckende Fahrzeug des Rehauer L\u00f6schzuges. Aufgrund der umfangreichen L\u00f6schmittel r\u00fcckt es weiterhin im Gefahrgutzug zur Sicherstellung des 3-fachen Brandschutzes aus.<\/p>\n<p>Neben 1600 Liter L\u00f6schwasser verf\u00fcgt das L\u00f6schgruppenfahrzeug \u00fcber eine CAFS &#8211; Druckluftschaumanlage POWER FOAM PRO Basic NA der Firma Ziegler mit 100 Liter Schaum A und 100 Liter Schaum B.<\/p>\n<hr \/>\n<p>Herzst\u00fcck des Fahrzeuges ist die 750kg Pulverl\u00f6schanlage MINIMAX mit je einem Pulverrohr pro Fahrzeugseite und einer Abgabemenge von 2kg\/Sekunde.<\/p>\n<p>Neben der DIN Beladung besitzt das Fahrzeug zus\u00e4tzlich:<\/p>\n<p>W\u00e4rmebildkamera der FLIR K-Serie, Dachmonitor AWG HH1260, Tempest-\u00dcberdruckl\u00fcfter mit Elektroantrieb, Schlauchpaket f\u00fcr Angriffstrupp, C-Schnellangriff in Buchten, 2 mobile Rauchverschl\u00fcsse, Gasmessger\u00e4t, Rettungss\u00e4ge, Hygiene-Board, Verkehrsabsicherungssatz &#8222;Autobahn&#8220;, Stromerzeuger 8kVA, Lichtmast in der Fahrzeugmitte, Verkehrswarneinrichtung am Fahrzeugheck<\/p>\n<\/div><\/div>\n\n\n\n<p><\/p>\n\n\n\n<figure class=\"wp-block-gallery has-nested-images columns-7 is-cropped wp-block-gallery-1 is-layout-flex wp-block-gallery-is-layout-flex\">\n<figure class=\"wp-block-image size-large\"><a href=\"https:\/\/feuerwehr-rehau.de\/wp-content\/uploads\/2021\/09\/DSC01860-scaled.jpg\"><img decoding=\"async\" width=\"2500\" height=\"1875\" data-id=\"4921\" src=\"https:\/\/feuerwehr-rehau.de\/wp-content\/uploads\/2021\/09\/DSC01860-2500x1875.jpg\" alt=\"\" class=\"wp-image-4921\" srcset=\"https:\/\/feuerwehr-rehau.de\/wp-content\/uploads\/2021\/09\/DSC01860-2500x1875.jpg 2500w, https:\/\/feuerwehr-rehau.de\/wp-content\/uploads\/2021\/09\/DSC01860-1600x1200.jpg 1600w, https:\/\/feuerwehr-rehau.de\/wp-content\/uploads\/2021\/09\/DSC01860-1536x1152.jpg 1536w, https:\/\/feuerwehr-rehau.de\/wp-content\/uploads\/2021\/09\/DSC01860-2048x1536.jpg 2048w\" sizes=\"(max-width: 2500px) 100vw, 2500px\" \/><\/a><\/figure>\n\n\n\n<figure class=\"wp-block-image size-large\"><a href=\"https:\/\/feuerwehr-rehau.de\/wp-content\/uploads\/2021\/09\/DSC01857-scaled.jpg\"><img decoding=\"async\" width=\"2500\" height=\"1875\" data-id=\"4917\" src=\"https:\/\/feuerwehr-rehau.de\/wp-content\/uploads\/2021\/09\/DSC01857-2500x1875.jpg\" alt=\"\" class=\"wp-image-4917\" srcset=\"https:\/\/feuerwehr-rehau.de\/wp-content\/uploads\/2021\/09\/DSC01857-2500x1875.jpg 2500w, https:\/\/feuerwehr-rehau.de\/wp-content\/uploads\/2021\/09\/DSC01857-1600x1200.jpg 1600w, https:\/\/feuerwehr-rehau.de\/wp-content\/uploads\/2021\/09\/DSC01857-1536x1152.jpg 1536w, https:\/\/feuerwehr-rehau.de\/wp-content\/uploads\/2021\/09\/DSC01857-2048x1536.jpg 2048w\" sizes=\"(max-width: 2500px) 100vw, 2500px\" \/><\/a><\/figure>\n\n\n\n<figure class=\"wp-block-image size-large\"><a href=\"https:\/\/feuerwehr-rehau.de\/wp-content\/uploads\/2021\/09\/DSC01858-scaled.jpg\"><img decoding=\"async\" width=\"2500\" height=\"1875\" data-id=\"4919\" src=\"https:\/\/feuerwehr-rehau.de\/wp-content\/uploads\/2021\/09\/DSC01858-2500x1875.jpg\" alt=\"\" class=\"wp-image-4919\" srcset=\"https:\/\/feuerwehr-rehau.de\/wp-content\/uploads\/2021\/09\/DSC01858-2500x1875.jpg 2500w, https:\/\/feuerwehr-rehau.de\/wp-content\/uploads\/2021\/09\/DSC01858-1600x1200.jpg 1600w, https:\/\/feuerwehr-rehau.de\/wp-content\/uploads\/2021\/09\/DSC01858-1536x1152.jpg 1536w, https:\/\/feuerwehr-rehau.de\/wp-content\/uploads\/2021\/09\/DSC01858-2048x1536.jpg 2048w\" sizes=\"(max-width: 2500px) 100vw, 2500px\" \/><\/a><\/figure>\n\n\n\n<figure class=\"wp-block-image size-large\"><a href=\"https:\/\/feuerwehr-rehau.de\/wp-content\/uploads\/2021\/09\/DSC01863-scaled.jpg\"><img decoding=\"async\" width=\"2500\" height=\"1875\" data-id=\"4924\" src=\"https:\/\/feuerwehr-rehau.de\/wp-content\/uploads\/2021\/09\/DSC01863-2500x1875.jpg\" alt=\"\" class=\"wp-image-4924\" srcset=\"https:\/\/feuerwehr-rehau.de\/wp-content\/uploads\/2021\/09\/DSC01863-2500x1875.jpg 2500w, https:\/\/feuerwehr-rehau.de\/wp-content\/uploads\/2021\/09\/DSC01863-1600x1200.jpg 1600w, https:\/\/feuerwehr-rehau.de\/wp-content\/uploads\/2021\/09\/DSC01863-1536x1152.jpg 1536w, https:\/\/feuerwehr-rehau.de\/wp-content\/uploads\/2021\/09\/DSC01863-2048x1536.jpg 2048w\" sizes=\"(max-width: 2500px) 100vw, 2500px\" \/><\/a><\/figure>\n\n\n\n<figure class=\"wp-block-image size-large\"><a href=\"https:\/\/feuerwehr-rehau.de\/wp-content\/uploads\/2021\/09\/DSC01870-scaled.jpg\"><img decoding=\"async\" width=\"2500\" height=\"1875\" data-id=\"4931\" src=\"https:\/\/feuerwehr-rehau.de\/wp-content\/uploads\/2021\/09\/DSC01870-2500x1875.jpg\" alt=\"\" class=\"wp-image-4931\" srcset=\"https:\/\/feuerwehr-rehau.de\/wp-content\/uploads\/2021\/09\/DSC01870-2500x1875.jpg 2500w, https:\/\/feuerwehr-rehau.de\/wp-content\/uploads\/2021\/09\/DSC01870-1600x1200.jpg 1600w, https:\/\/feuerwehr-rehau.de\/wp-content\/uploads\/2021\/09\/DSC01870-1536x1152.jpg 1536w, https:\/\/feuerwehr-rehau.de\/wp-content\/uploads\/2021\/09\/DSC01870-2048x1536.jpg 2048w\" sizes=\"(max-width: 2500px) 100vw, 2500px\" \/><\/a><\/figure>\n\n\n\n<figure class=\"wp-block-image size-large\"><a href=\"https:\/\/feuerwehr-rehau.de\/wp-content\/uploads\/2021\/09\/DSC01871-scaled.jpg\"><img decoding=\"async\" width=\"2500\" height=\"1875\" data-id=\"4932\" src=\"https:\/\/feuerwehr-rehau.de\/wp-content\/uploads\/2021\/09\/DSC01871-2500x1875.jpg\" alt=\"\" class=\"wp-image-4932\" srcset=\"https:\/\/feuerwehr-rehau.de\/wp-content\/uploads\/2021\/09\/DSC01871-2500x1875.jpg 2500w, https:\/\/feuerwehr-rehau.de\/wp-content\/uploads\/2021\/09\/DSC01871-1600x1200.jpg 1600w, https:\/\/feuerwehr-rehau.de\/wp-content\/uploads\/2021\/09\/DSC01871-1536x1152.jpg 1536w, https:\/\/feuerwehr-rehau.de\/wp-content\/uploads\/2021\/09\/DSC01871-2048x1536.jpg 2048w\" sizes=\"(max-width: 2500px) 100vw, 2500px\" \/><\/a><\/figure>\n\n\n\n<figure class=\"wp-block-image size-large\"><a href=\"https:\/\/feuerwehr-rehau.de\/wp-content\/uploads\/2021\/09\/DSC01864-scaled.jpg\"><img decoding=\"async\" width=\"2500\" height=\"1875\" data-id=\"4925\" src=\"https:\/\/feuerwehr-rehau.de\/wp-content\/uploads\/2021\/09\/DSC01864-2500x1875.jpg\" alt=\"\" class=\"wp-image-4925\" srcset=\"https:\/\/feuerwehr-rehau.de\/wp-content\/uploads\/2021\/09\/DSC01864-2500x1875.jpg 2500w, https:\/\/feuerwehr-rehau.de\/wp-content\/uploads\/2021\/09\/DSC01864-1600x1200.jpg 1600w, https:\/\/feuerwehr-rehau.de\/wp-content\/uploads\/2021\/09\/DSC01864-1536x1152.jpg 1536w, https:\/\/feuerwehr-rehau.de\/wp-content\/uploads\/2021\/09\/DSC01864-2048x1536.jpg 2048w\" sizes=\"(max-width: 2500px) 100vw, 2500px\" \/><\/a><\/figure>\n\n\n\n<figure class=\"wp-block-image size-large\"><a href=\"https:\/\/feuerwehr-rehau.de\/wp-content\/uploads\/2021\/09\/DSC01866-scaled.jpg\"><img decoding=\"async\" width=\"2500\" height=\"1875\" data-id=\"4927\" src=\"https:\/\/feuerwehr-rehau.de\/wp-content\/uploads\/2021\/09\/DSC01866-2500x1875.jpg\" alt=\"\" class=\"wp-image-4927\" srcset=\"https:\/\/feuerwehr-rehau.de\/wp-content\/uploads\/2021\/09\/DSC01866-2500x1875.jpg 2500w, https:\/\/feuerwehr-rehau.de\/wp-content\/uploads\/2021\/09\/DSC01866-1600x1200.jpg 1600w, https:\/\/feuerwehr-rehau.de\/wp-content\/uploads\/2021\/09\/DSC01866-1536x1152.jpg 1536w, https:\/\/feuerwehr-rehau.de\/wp-content\/uploads\/2021\/09\/DSC01866-2048x1536.jpg 2048w\" sizes=\"(max-width: 2500px) 100vw, 2500px\" \/><\/a><\/figure>\n\n\n\n<figure class=\"wp-block-image size-large\"><a href=\"https:\/\/feuerwehr-rehau.de\/wp-content\/uploads\/2021\/09\/DSC01867-scaled.jpg\"><img decoding=\"async\" width=\"2500\" height=\"1875\" data-id=\"4928\" src=\"https:\/\/feuerwehr-rehau.de\/wp-content\/uploads\/2021\/09\/DSC01867-2500x1875.jpg\" alt=\"\" class=\"wp-image-4928\" srcset=\"https:\/\/feuerwehr-rehau.de\/wp-content\/uploads\/2021\/09\/DSC01867-2500x1875.jpg 2500w, https:\/\/feuerwehr-rehau.de\/wp-content\/uploads\/2021\/09\/DSC01867-1600x1200.jpg 1600w, https:\/\/feuerwehr-rehau.de\/wp-content\/uploads\/2021\/09\/DSC01867-1536x1152.jpg 1536w, https:\/\/feuerwehr-rehau.de\/wp-content\/uploads\/2021\/09\/DSC01867-2048x1536.jpg 2048w\" sizes=\"(max-width: 2500px) 100vw, 2500px\" \/><\/a><\/figure>\n\n\n\n<figure class=\"wp-block-image size-large\"><a href=\"https:\/\/feuerwehr-rehau.de\/wp-content\/uploads\/2021\/09\/DSC01868-scaled.jpg\"><img decoding=\"async\" width=\"2500\" height=\"1875\" data-id=\"4929\" src=\"https:\/\/feuerwehr-rehau.de\/wp-content\/uploads\/2021\/09\/DSC01868-2500x1875.jpg\" alt=\"\" class=\"wp-image-4929\" srcset=\"https:\/\/feuerwehr-rehau.de\/wp-content\/uploads\/2021\/09\/DSC01868-2500x1875.jpg 2500w, https:\/\/feuerwehr-rehau.de\/wp-content\/uploads\/2021\/09\/DSC01868-1600x1200.jpg 1600w, https:\/\/feuerwehr-rehau.de\/wp-content\/uploads\/2021\/09\/DSC01868-1536x1152.jpg 1536w, https:\/\/feuerwehr-rehau.de\/wp-content\/uploads\/2021\/09\/DSC01868-2048x1536.jpg 2048w\" sizes=\"(max-width: 2500px) 100vw, 2500px\" \/><\/a><\/figure>\n\n\n\n<figure class=\"wp-block-image size-large\"><a href=\"https:\/\/feuerwehr-rehau.de\/wp-content\/uploads\/2021\/09\/DSC01869-scaled.jpg\"><img decoding=\"async\" width=\"2500\" height=\"1875\" data-id=\"4930\" src=\"https:\/\/feuerwehr-rehau.de\/wp-content\/uploads\/2021\/09\/DSC01869-2500x1875.jpg\" alt=\"\" class=\"wp-image-4930\" srcset=\"https:\/\/feuerwehr-rehau.de\/wp-content\/uploads\/2021\/09\/DSC01869-2500x1875.jpg 2500w, https:\/\/feuerwehr-rehau.de\/wp-content\/uploads\/2021\/09\/DSC01869-1600x1200.jpg 1600w, https:\/\/feuerwehr-rehau.de\/wp-content\/uploads\/2021\/09\/DSC01869-1536x1152.jpg 1536w, https:\/\/feuerwehr-rehau.de\/wp-content\/uploads\/2021\/09\/DSC01869-2048x1536.jpg 2048w\" sizes=\"(max-width: 2500px) 100vw, 2500px\" \/><\/a><\/figure>\n\n\n\n<figure class=\"wp-block-image size-large\"><a href=\"https:\/\/feuerwehr-rehau.de\/wp-content\/uploads\/2021\/09\/DSC01862-scaled.jpg\"><img decoding=\"async\" width=\"2500\" height=\"1875\" data-id=\"4923\" src=\"https:\/\/feuerwehr-rehau.de\/wp-content\/uploads\/2021\/09\/DSC01862-2500x1875.jpg\" alt=\"\" class=\"wp-image-4923\" srcset=\"https:\/\/feuerwehr-rehau.de\/wp-content\/uploads\/2021\/09\/DSC01862-2500x1875.jpg 2500w, https:\/\/feuerwehr-rehau.de\/wp-content\/uploads\/2021\/09\/DSC01862-1600x1200.jpg 1600w, https:\/\/feuerwehr-rehau.de\/wp-content\/uploads\/2021\/09\/DSC01862-1536x1152.jpg 1536w, https:\/\/feuerwehr-rehau.de\/wp-content\/uploads\/2021\/09\/DSC01862-2048x1536.jpg 2048w\" sizes=\"(max-width: 2500px) 100vw, 2500px\" \/><\/a><\/figure>\n\n\n\n<figure class=\"wp-block-image size-large\"><a href=\"https:\/\/feuerwehr-rehau.de\/wp-content\/uploads\/2021\/09\/DSC01872-scaled.jpg\"><img decoding=\"async\" width=\"2500\" height=\"1875\" data-id=\"4933\" src=\"https:\/\/feuerwehr-rehau.de\/wp-content\/uploads\/2021\/09\/DSC01872-2500x1875.jpg\" alt=\"\" class=\"wp-image-4933\" srcset=\"https:\/\/feuerwehr-rehau.de\/wp-content\/uploads\/2021\/09\/DSC01872-2500x1875.jpg 2500w, https:\/\/feuerwehr-rehau.de\/wp-content\/uploads\/2021\/09\/DSC01872-1600x1200.jpg 1600w, https:\/\/feuerwehr-rehau.de\/wp-content\/uploads\/2021\/09\/DSC01872-1536x1152.jpg 1536w, https:\/\/feuerwehr-rehau.de\/wp-content\/uploads\/2021\/09\/DSC01872-2048x1536.jpg 2048w\" sizes=\"(max-width: 2500px) 100vw, 2500px\" \/><\/a><\/figure>\n\n\n\n<figure class=\"wp-block-image size-large\"><a href=\"https:\/\/feuerwehr-rehau.de\/wp-content\/uploads\/2021\/09\/DSC01873-scaled.jpg\"><img decoding=\"async\" width=\"2500\" height=\"1875\" data-id=\"4934\" src=\"https:\/\/feuerwehr-rehau.de\/wp-content\/uploads\/2021\/09\/DSC01873-2500x1875.jpg\" alt=\"\" class=\"wp-image-4934\" srcset=\"https:\/\/feuerwehr-rehau.de\/wp-content\/uploads\/2021\/09\/DSC01873-2500x1875.jpg 2500w, https:\/\/feuerwehr-rehau.de\/wp-content\/uploads\/2021\/09\/DSC01873-1600x1200.jpg 1600w, https:\/\/feuerwehr-rehau.de\/wp-content\/uploads\/2021\/09\/DSC01873-1536x1152.jpg 1536w, https:\/\/feuerwehr-rehau.de\/wp-content\/uploads\/2021\/09\/DSC01873-2048x1536.jpg 2048w\" sizes=\"(max-width: 2500px) 100vw, 2500px\" \/><\/a><\/figure>\n<\/figure>\n","protected":false},"excerpt":{"rendered":"<p>20\/16-P750-CAFS L\u00f6schgruppenfahrzeug Florian Rehau 41\/1 Mercedes Benz Atego 1629 Ziegler \/ Giengen Baujahr 2010 Das LF 20\/16-P750-CAFS ist speziell zur Brandbek\u00e4mpfung ausger\u00fcstet und somit auch das erstausr\u00fcckende Fahrzeug des Rehauer L\u00f6schzuges. Aufgrund der umfangreichen L\u00f6schmittel r\u00fcckt es weiterhin im Gefahrgutzug zur Sicherstellung des 3-fachen Brandschutzes aus. Neben 1600 Liter L\u00f6schwasser verf\u00fcgt das L\u00f6schgruppenfahrzeug \u00fcber eine [&hellip;]<\/p>\n","protected":false},"author":4,"featured_media":0,"parent":4795,"menu_order":6,"comment_status":"closed","ping_status":"closed","template":"","meta":{"footnotes":""},"class_list":["post-169","page","type-page","status-publish","czr-hentry"],"_links":{"self":[{"href":"https:\/\/feuerwehr-rehau.de\/index.php?rest_route=\/wp\/v2\/pages\/169","targetHints":{"allow":["GET"]}}],"collection":[{"href":"https:\/\/feuerwehr-rehau.de\/index.php?rest_route=\/wp\/v2\/pages"}],"about":[{"href":"https:\/\/feuerwehr-rehau.de\/index.php?rest_route=\/wp\/v2\/types\/page"}],"author":[{"embeddable":true,"href":"https:\/\/feuerwehr-rehau.de\/index.php?rest_route=\/wp\/v2\/users\/4"}],"replies":[{"embeddable":true,"href":"https:\/\/feuerwehr-rehau.de\/index.php?rest_route=%2Fwp%2Fv2%2Fcomments&post=169"}],"version-history":[{"count":14,"href":"https:\/\/feuerwehr-rehau.de\/index.php?rest_route=\/wp\/v2\/pages\/169\/revisions"}],"predecessor-version":[{"id":9196,"href":"https:\/\/feuerwehr-rehau.de\/index.php?rest_route=\/wp\/v2\/pages\/169\/revisions\/9196"}],"up":[{"embeddable":true,"href":"https:\/\/feuerwehr-rehau.de\/index.php?rest_route=\/wp\/v2\/pages\/4795"}],"wp:attachment":[{"href":"https:\/\/feuerwehr-rehau.de\/index.php?rest_route=%2Fwp%2Fv2%2Fmedia&parent=169"}],"curies":[{"name":"wp","href":"https:\/\/api.w.org\/{rel}","templated":true}]}}