{"id":175,"date":"2016-03-27T14:54:50","date_gmt":"2016-03-27T12:54:50","guid":{"rendered":"http:\/\/ffw-rehau.net\/wordpress\/?page_id=175"},"modified":"2021-08-27T10:41:03","modified_gmt":"2021-08-27T08:41:03","slug":"schlauchwagen-sw-2000","status":"publish","type":"page","link":"https:\/\/feuerwehr-rehau.de\/?page_id=175","title":{"rendered":"Schlauchwagen SW 2000"},"content":{"rendered":"\n<div class=\"wp-block-media-text alignwide is-stacked-on-mobile\"><figure class=\"wp-block-media-text__media\"><img decoding=\"async\" width=\"1365\" height=\"1024\" src=\"https:\/\/feuerwehr-rehau.de\/wp-content\/uploads\/2021\/08\/1365-1024-1-4.jpg\" alt=\"\" class=\"wp-image-4755 size-full\"\/><\/figure><div class=\"wp-block-media-text__content\">\n<p class=\"has-text-align-center has-large-font-size\"><\/p>\n\n\n\n<p style=\"text-align: center;\"><strong>SW 2000<\/strong><\/p>\n<p style=\"text-align: center;\">Schlauchwagen<\/p>\n<p style=\"text-align: center;\">Florian Rehau 58\/1<\/p>\n<p style=\"text-align: center;\">MAN TGM 13.250<\/p>\n<p style=\"text-align: center;\">Hensel \/ Waldbrunn<\/p>\n<p style=\"text-align: center;\">Baujahr 2009<\/p>\n<hr>\n<p>Florian Rehau 58\/1 ersetzte 2009 einen SW 2000 sowie einen LKW. Eine komplette SW 2000 Beladung befindet sich st\u00e4ndig einsatzbereit auf dem Fahrzeug. Aufgrund der gro\u00dfen Ladefl\u00e4che ist es m\u00f6glich weitere Rollwagen, je nach Einsatzlage, einfach zuzuladen.<\/p>\n<p>Der SW 2000 \u00fcbernimmt bei Autobahneins\u00e4tzen zusammen mit dem VSA die Einsatzstellenabsicherung.<\/p>\n<p>Besonderheiten:<\/p>\n<p>Ladebordwand 1500 kg, R\u00fcckfahrkamera, spezielles Sicherungssystem f\u00fcr Rollcontainer, Verkehrswarneinrichtung am Heck<br>Beladung: Material zur Verkehrsabsicherung, Material zur Ladungssicherung, Rollcontainer je nach Bedarf:<br>&#8211; 1 Rollcontainer mit TS 8\/8<br>&#8211; 3 Rollcontainer mit je 500m B-Schlauch, gerollt in Buchten<br>&#8211; 1 Rollcontainer mit 500m B-Schlauch<br>&#8211; 1 Rollcontainer &#8222;Wasserabgabe&#8220;<\/p>\n<p>&#8211; 1 Rollcontainer zur \u00d6lspurbeseitigung<br>&#8211; 1 Rollcontainer &#8222;Beschilderung&#8220;<br>&#8211; 1 Rollcontainer &#8222;Wasserschaden&#8220;<\/p>\n<\/div><\/div>\n\n\n\n<p><\/p>\n\n\n\n<figure class=\"wp-block-gallery columns-5 is-cropped wp-block-gallery-1 is-layout-flex wp-block-gallery-is-layout-flex\"><ul class=\"blocks-gallery-grid\"><li class=\"blocks-gallery-item\"><figure><a href=\"https:\/\/feuerwehr-rehau.de\/wp-content\/uploads\/2016\/04\/SW-2000-4.jpg\"><img decoding=\"async\" width=\"1600\" height=\"1071\" src=\"https:\/\/feuerwehr-rehau.de\/wp-content\/uploads\/2016\/04\/SW-2000-4-1600x1071.jpg\" alt=\"\" data-id=\"782\" data-full-url=\"https:\/\/feuerwehr-rehau.de\/wp-content\/uploads\/2016\/04\/SW-2000-4.jpg\" data-link=\"https:\/\/feuerwehr-rehau.de\/?attachment_id=782\" class=\"wp-image-782\"\/><\/a><\/figure><\/li><li class=\"blocks-gallery-item\"><figure><a href=\"https:\/\/feuerwehr-rehau.de\/wp-content\/uploads\/2016\/04\/SW-2000-15.jpg\"><img decoding=\"async\" width=\"1600\" height=\"1071\" src=\"https:\/\/feuerwehr-rehau.de\/wp-content\/uploads\/2016\/04\/SW-2000-15-1600x1071.jpg\" alt=\"\" data-id=\"785\" data-full-url=\"https:\/\/feuerwehr-rehau.de\/wp-content\/uploads\/2016\/04\/SW-2000-15.jpg\" data-link=\"https:\/\/feuerwehr-rehau.de\/?attachment_id=785\" class=\"wp-image-785\"\/><\/a><\/figure><\/li><li class=\"blocks-gallery-item\"><figure><a href=\"https:\/\/feuerwehr-rehau.de\/wp-content\/uploads\/2016\/04\/SW-2000-14.jpg\"><img decoding=\"async\" width=\"1600\" height=\"1071\" src=\"https:\/\/feuerwehr-rehau.de\/wp-content\/uploads\/2016\/04\/SW-2000-14-1600x1071.jpg\" alt=\"\" data-id=\"787\" data-full-url=\"https:\/\/feuerwehr-rehau.de\/wp-content\/uploads\/2016\/04\/SW-2000-14.jpg\" data-link=\"https:\/\/feuerwehr-rehau.de\/?attachment_id=787\" class=\"wp-image-787\"\/><\/a><\/figure><\/li><li class=\"blocks-gallery-item\"><figure><a href=\"https:\/\/feuerwehr-rehau.de\/wp-content\/uploads\/2016\/04\/SW-2000-22.jpg\"><img decoding=\"async\" width=\"1600\" height=\"1071\" src=\"https:\/\/feuerwehr-rehau.de\/wp-content\/uploads\/2016\/04\/SW-2000-22-1600x1071.jpg\" alt=\"\" data-id=\"786\" data-full-url=\"https:\/\/feuerwehr-rehau.de\/wp-content\/uploads\/2016\/04\/SW-2000-22.jpg\" data-link=\"https:\/\/feuerwehr-rehau.de\/?attachment_id=786\" class=\"wp-image-786\"\/><\/a><\/figure><\/li><li class=\"blocks-gallery-item\"><figure><a href=\"https:\/\/feuerwehr-rehau.de\/wp-content\/uploads\/2016\/04\/SW-2000-7.jpg\"><img decoding=\"async\" width=\"1600\" height=\"1071\" src=\"https:\/\/feuerwehr-rehau.de\/wp-content\/uploads\/2016\/04\/SW-2000-7-1600x1071.jpg\" alt=\"\" data-id=\"784\" data-full-url=\"https:\/\/feuerwehr-rehau.de\/wp-content\/uploads\/2016\/04\/SW-2000-7.jpg\" data-link=\"https:\/\/feuerwehr-rehau.de\/?attachment_id=784\" class=\"wp-image-784\"\/><\/a><\/figure><\/li><\/ul><\/figure>\n","protected":false},"excerpt":{"rendered":"<p>SW 2000 Schlauchwagen Florian Rehau 58\/1 MAN TGM 13.250 Hensel \/ Waldbrunn Baujahr 2009 Florian Rehau 58\/1 ersetzte 2009 einen SW 2000 sowie einen LKW. Eine komplette SW 2000 Beladung befindet sich st\u00e4ndig einsatzbereit auf dem Fahrzeug. Aufgrund der gro\u00dfen Ladefl\u00e4che ist es m\u00f6glich weitere Rollwagen, je nach Einsatzlage, einfach zuzuladen. Der SW 2000 \u00fcbernimmt [&hellip;]<\/p>\n","protected":false},"author":4,"featured_media":0,"parent":4795,"menu_order":7,"comment_status":"closed","ping_status":"closed","template":"","meta":{"footnotes":""},"class_list":["post-175","page","type-page","status-publish","czr-hentry"],"_links":{"self":[{"href":"https:\/\/feuerwehr-rehau.de\/index.php?rest_route=\/wp\/v2\/pages\/175","targetHints":{"allow":["GET"]}}],"collection":[{"href":"https:\/\/feuerwehr-rehau.de\/index.php?rest_route=\/wp\/v2\/pages"}],"about":[{"href":"https:\/\/feuerwehr-rehau.de\/index.php?rest_route=\/wp\/v2\/types\/page"}],"author":[{"embeddable":true,"href":"https:\/\/feuerwehr-rehau.de\/index.php?rest_route=\/wp\/v2\/users\/4"}],"replies":[{"embeddable":true,"href":"https:\/\/feuerwehr-rehau.de\/index.php?rest_route=%2Fwp%2Fv2%2Fcomments&post=175"}],"version-history":[{"count":9,"href":"https:\/\/feuerwehr-rehau.de\/index.php?rest_route=\/wp\/v2\/pages\/175\/revisions"}],"predecessor-version":[{"id":4823,"href":"https:\/\/feuerwehr-rehau.de\/index.php?rest_route=\/wp\/v2\/pages\/175\/revisions\/4823"}],"up":[{"embeddable":true,"href":"https:\/\/feuerwehr-rehau.de\/index.php?rest_route=\/wp\/v2\/pages\/4795"}],"wp:attachment":[{"href":"https:\/\/feuerwehr-rehau.de\/index.php?rest_route=%2Fwp%2Fv2%2Fmedia&parent=175"}],"curies":[{"name":"wp","href":"https:\/\/api.w.org\/{rel}","templated":true}]}}