{"id":179,"date":"2016-03-27T14:54:37","date_gmt":"2016-03-27T12:54:37","guid":{"rendered":"http:\/\/ffw-rehau.net\/wordpress\/?page_id=179"},"modified":"2021-09-14T12:53:01","modified_gmt":"2021-09-14T10:53:01","slug":"ruestwagen-rw-2","status":"publish","type":"page","link":"https:\/\/feuerwehr-rehau.de\/?page_id=179","title":{"rendered":"R\u00fcstwagen RW 2"},"content":{"rendered":"\n<div class=\"wp-block-media-text alignwide is-stacked-on-mobile\"><figure class=\"wp-block-media-text__media\"><img decoding=\"async\" width=\"1365\" height=\"1024\" src=\"https:\/\/feuerwehr-rehau.de\/wp-content\/uploads\/2021\/08\/1365-1024-2-1.jpg\" alt=\"\" class=\"wp-image-4758 size-full\"\/><\/figure><div class=\"wp-block-media-text__content\">\n<p class=\"has-text-align-center has-large-font-size\"><\/p>\n\n\n\n<p style=\"text-align: center;\"><strong>R\u00fcstwagen<\/strong><\/p>\n<p style=\"text-align: center;\">Florian Rehau 61\/1<\/p>\n<p style=\"text-align: center;\">Mercedes Benz 1124 AF<\/p>\n<p style=\"text-align: center;\">Ziegler \/ Giengen<\/p>\n<p style=\"text-align: center;\">1997<\/p>\n<hr>\n<p style=\"text-align: center;\">Der R\u00fcstwagen ist ein Fahrzeug, welches zum durchf\u00fchren aller technischen Hilfeleistungen &#8211; auch gr\u00f6\u00dferen Umfangs &#8211; dient. In der Regel r\u00fcckt der RW 2, bis auf Einzelanforderungen, immer mindestens mit dem HLF 16\/20 aus. Neben der DIN Beladung sowie der Zusatzbeladung \u00d6L f\u00fchrt der Rehauer RW noch viele weitere Ger\u00e4te mit wie zum Beispiel:<\/p>\n<p style=\"text-align: center;\">HPC-Winde, Pedalschneider, 6 Chemieschutzanz\u00fcge, Hipress, LKW-Rettungsplattform, Schleifkorbtrage, festeingebauter Druckluftkompressor incl. Werkzeug, TriBlitz, Stromerzeuger 8 kVA, 2 x 1000 W-Strahler, Be- und Entl\u00fcftger\u00e4t incl. Schaumaufsatz, Lichtmast in der Fahrzeugmitte mit 4. Blaulicht<\/p>\n\n\n\n<p><\/p>\n<\/div><\/div>\n\n\n\n<p><\/p>\n\n\n\n<figure class=\"wp-block-gallery columns-5 is-cropped wp-block-gallery-1 is-layout-flex wp-block-gallery-is-layout-flex\"><ul class=\"blocks-gallery-grid\"><li class=\"blocks-gallery-item\"><figure><a href=\"https:\/\/feuerwehr-rehau.de\/wp-content\/uploads\/2021\/09\/DSC01939-scaled.jpg\"><img decoding=\"async\" width=\"2500\" height=\"1875\" src=\"https:\/\/feuerwehr-rehau.de\/wp-content\/uploads\/2021\/09\/DSC01939-2500x1875.jpg\" alt=\"\" data-id=\"4960\" data-full-url=\"https:\/\/feuerwehr-rehau.de\/wp-content\/uploads\/2021\/09\/DSC01939-scaled.jpg\" data-link=\"https:\/\/feuerwehr-rehau.de\/?attachment_id=4960\" class=\"wp-image-4960\" srcset=\"https:\/\/feuerwehr-rehau.de\/wp-content\/uploads\/2021\/09\/DSC01939-2500x1875.jpg 2500w, https:\/\/feuerwehr-rehau.de\/wp-content\/uploads\/2021\/09\/DSC01939-1600x1200.jpg 1600w, https:\/\/feuerwehr-rehau.de\/wp-content\/uploads\/2021\/09\/DSC01939-1536x1152.jpg 1536w, https:\/\/feuerwehr-rehau.de\/wp-content\/uploads\/2021\/09\/DSC01939-2048x1536.jpg 2048w\" sizes=\"(max-width: 2500px) 100vw, 2500px\" \/><\/a><\/figure><\/li><li class=\"blocks-gallery-item\"><figure><a href=\"https:\/\/feuerwehr-rehau.de\/wp-content\/uploads\/2021\/09\/DSC01926-scaled.jpg\"><img decoding=\"async\" width=\"2500\" height=\"1875\" src=\"https:\/\/feuerwehr-rehau.de\/wp-content\/uploads\/2021\/09\/DSC01926-2500x1875.jpg\" alt=\"\" data-id=\"4946\" data-full-url=\"https:\/\/feuerwehr-rehau.de\/wp-content\/uploads\/2021\/09\/DSC01926-scaled.jpg\" data-link=\"https:\/\/feuerwehr-rehau.de\/?attachment_id=4946\" class=\"wp-image-4946\" srcset=\"https:\/\/feuerwehr-rehau.de\/wp-content\/uploads\/2021\/09\/DSC01926-2500x1875.jpg 2500w, https:\/\/feuerwehr-rehau.de\/wp-content\/uploads\/2021\/09\/DSC01926-1600x1200.jpg 1600w, https:\/\/feuerwehr-rehau.de\/wp-content\/uploads\/2021\/09\/DSC01926-1536x1152.jpg 1536w, https:\/\/feuerwehr-rehau.de\/wp-content\/uploads\/2021\/09\/DSC01926-2048x1536.jpg 2048w\" sizes=\"(max-width: 2500px) 100vw, 2500px\" \/><\/a><\/figure><\/li><li class=\"blocks-gallery-item\"><figure><a href=\"https:\/\/feuerwehr-rehau.de\/wp-content\/uploads\/2021\/09\/DSC01942-scaled.jpg\"><img decoding=\"async\" width=\"2500\" height=\"1875\" src=\"https:\/\/feuerwehr-rehau.de\/wp-content\/uploads\/2021\/09\/DSC01942-2500x1875.jpg\" alt=\"\" data-id=\"4963\" data-full-url=\"https:\/\/feuerwehr-rehau.de\/wp-content\/uploads\/2021\/09\/DSC01942-scaled.jpg\" data-link=\"https:\/\/feuerwehr-rehau.de\/?attachment_id=4963\" class=\"wp-image-4963\" srcset=\"https:\/\/feuerwehr-rehau.de\/wp-content\/uploads\/2021\/09\/DSC01942-2500x1875.jpg 2500w, https:\/\/feuerwehr-rehau.de\/wp-content\/uploads\/2021\/09\/DSC01942-1600x1200.jpg 1600w, https:\/\/feuerwehr-rehau.de\/wp-content\/uploads\/2021\/09\/DSC01942-1536x1152.jpg 1536w, https:\/\/feuerwehr-rehau.de\/wp-content\/uploads\/2021\/09\/DSC01942-2048x1536.jpg 2048w\" sizes=\"(max-width: 2500px) 100vw, 2500px\" \/><\/a><\/figure><\/li><li class=\"blocks-gallery-item\"><figure><a href=\"https:\/\/feuerwehr-rehau.de\/wp-content\/uploads\/2021\/09\/DSC01931-scaled.jpg\"><img decoding=\"async\" width=\"2500\" height=\"1875\" src=\"https:\/\/feuerwehr-rehau.de\/wp-content\/uploads\/2021\/09\/DSC01931-2500x1875.jpg\" alt=\"\" data-id=\"4952\" data-full-url=\"https:\/\/feuerwehr-rehau.de\/wp-content\/uploads\/2021\/09\/DSC01931-scaled.jpg\" data-link=\"https:\/\/feuerwehr-rehau.de\/?attachment_id=4952\" class=\"wp-image-4952\" srcset=\"https:\/\/feuerwehr-rehau.de\/wp-content\/uploads\/2021\/09\/DSC01931-2500x1875.jpg 2500w, https:\/\/feuerwehr-rehau.de\/wp-content\/uploads\/2021\/09\/DSC01931-1600x1200.jpg 1600w, https:\/\/feuerwehr-rehau.de\/wp-content\/uploads\/2021\/09\/DSC01931-1536x1152.jpg 1536w, https:\/\/feuerwehr-rehau.de\/wp-content\/uploads\/2021\/09\/DSC01931-2048x1536.jpg 2048w\" sizes=\"(max-width: 2500px) 100vw, 2500px\" \/><\/a><\/figure><\/li><li class=\"blocks-gallery-item\"><figure><a href=\"https:\/\/feuerwehr-rehau.de\/wp-content\/uploads\/2021\/09\/DSC01928-scaled.jpg\"><img decoding=\"async\" width=\"2500\" height=\"1875\" src=\"https:\/\/feuerwehr-rehau.de\/wp-content\/uploads\/2021\/09\/DSC01928-2500x1875.jpg\" alt=\"\" data-id=\"4949\" data-full-url=\"https:\/\/feuerwehr-rehau.de\/wp-content\/uploads\/2021\/09\/DSC01928-scaled.jpg\" data-link=\"https:\/\/feuerwehr-rehau.de\/?attachment_id=4949\" class=\"wp-image-4949\" srcset=\"https:\/\/feuerwehr-rehau.de\/wp-content\/uploads\/2021\/09\/DSC01928-2500x1875.jpg 2500w, https:\/\/feuerwehr-rehau.de\/wp-content\/uploads\/2021\/09\/DSC01928-1600x1200.jpg 1600w, https:\/\/feuerwehr-rehau.de\/wp-content\/uploads\/2021\/09\/DSC01928-1536x1152.jpg 1536w, https:\/\/feuerwehr-rehau.de\/wp-content\/uploads\/2021\/09\/DSC01928-2048x1536.jpg 2048w\" sizes=\"(max-width: 2500px) 100vw, 2500px\" \/><\/a><\/figure><\/li><li class=\"blocks-gallery-item\"><figure><a href=\"https:\/\/feuerwehr-rehau.de\/wp-content\/uploads\/2021\/09\/DSC01929-scaled.jpg\"><img decoding=\"async\" width=\"2500\" height=\"1875\" src=\"https:\/\/feuerwehr-rehau.de\/wp-content\/uploads\/2021\/09\/DSC01929-2500x1875.jpg\" alt=\"\" data-id=\"4950\" data-full-url=\"https:\/\/feuerwehr-rehau.de\/wp-content\/uploads\/2021\/09\/DSC01929-scaled.jpg\" data-link=\"https:\/\/feuerwehr-rehau.de\/?attachment_id=4950\" class=\"wp-image-4950\" srcset=\"https:\/\/feuerwehr-rehau.de\/wp-content\/uploads\/2021\/09\/DSC01929-2500x1875.jpg 2500w, https:\/\/feuerwehr-rehau.de\/wp-content\/uploads\/2021\/09\/DSC01929-1600x1200.jpg 1600w, https:\/\/feuerwehr-rehau.de\/wp-content\/uploads\/2021\/09\/DSC01929-1536x1152.jpg 1536w, https:\/\/feuerwehr-rehau.de\/wp-content\/uploads\/2021\/09\/DSC01929-2048x1536.jpg 2048w\" sizes=\"(max-width: 2500px) 100vw, 2500px\" \/><\/a><\/figure><\/li><li class=\"blocks-gallery-item\"><figure><a href=\"https:\/\/feuerwehr-rehau.de\/wp-content\/uploads\/2021\/09\/DSC01930-scaled.jpg\"><img decoding=\"async\" width=\"2500\" height=\"1875\" src=\"https:\/\/feuerwehr-rehau.de\/wp-content\/uploads\/2021\/09\/DSC01930-2500x1875.jpg\" alt=\"\" data-id=\"4951\" data-full-url=\"https:\/\/feuerwehr-rehau.de\/wp-content\/uploads\/2021\/09\/DSC01930-scaled.jpg\" data-link=\"https:\/\/feuerwehr-rehau.de\/?attachment_id=4951\" class=\"wp-image-4951\" srcset=\"https:\/\/feuerwehr-rehau.de\/wp-content\/uploads\/2021\/09\/DSC01930-2500x1875.jpg 2500w, https:\/\/feuerwehr-rehau.de\/wp-content\/uploads\/2021\/09\/DSC01930-1600x1200.jpg 1600w, https:\/\/feuerwehr-rehau.de\/wp-content\/uploads\/2021\/09\/DSC01930-1536x1152.jpg 1536w, https:\/\/feuerwehr-rehau.de\/wp-content\/uploads\/2021\/09\/DSC01930-2048x1536.jpg 2048w\" sizes=\"(max-width: 2500px) 100vw, 2500px\" \/><\/a><\/figure><\/li><li class=\"blocks-gallery-item\"><figure><a href=\"https:\/\/feuerwehr-rehau.de\/wp-content\/uploads\/2021\/09\/DSC01933-scaled.jpg\"><img decoding=\"async\" width=\"2500\" height=\"1875\" src=\"https:\/\/feuerwehr-rehau.de\/wp-content\/uploads\/2021\/09\/DSC01933-2500x1875.jpg\" alt=\"\" data-id=\"4954\" data-full-url=\"https:\/\/feuerwehr-rehau.de\/wp-content\/uploads\/2021\/09\/DSC01933-scaled.jpg\" data-link=\"https:\/\/feuerwehr-rehau.de\/?attachment_id=4954\" class=\"wp-image-4954\" srcset=\"https:\/\/feuerwehr-rehau.de\/wp-content\/uploads\/2021\/09\/DSC01933-2500x1875.jpg 2500w, https:\/\/feuerwehr-rehau.de\/wp-content\/uploads\/2021\/09\/DSC01933-1600x1200.jpg 1600w, https:\/\/feuerwehr-rehau.de\/wp-content\/uploads\/2021\/09\/DSC01933-1536x1152.jpg 1536w, https:\/\/feuerwehr-rehau.de\/wp-content\/uploads\/2021\/09\/DSC01933-2048x1536.jpg 2048w\" sizes=\"(max-width: 2500px) 100vw, 2500px\" \/><\/a><\/figure><\/li><li class=\"blocks-gallery-item\"><figure><a href=\"https:\/\/feuerwehr-rehau.de\/wp-content\/uploads\/2021\/09\/DSC01935-scaled.jpg\"><img decoding=\"async\" width=\"2500\" height=\"1875\" src=\"https:\/\/feuerwehr-rehau.de\/wp-content\/uploads\/2021\/09\/DSC01935-2500x1875.jpg\" alt=\"\" data-id=\"4956\" data-full-url=\"https:\/\/feuerwehr-rehau.de\/wp-content\/uploads\/2021\/09\/DSC01935-scaled.jpg\" data-link=\"https:\/\/feuerwehr-rehau.de\/?attachment_id=4956\" class=\"wp-image-4956\" srcset=\"https:\/\/feuerwehr-rehau.de\/wp-content\/uploads\/2021\/09\/DSC01935-2500x1875.jpg 2500w, https:\/\/feuerwehr-rehau.de\/wp-content\/uploads\/2021\/09\/DSC01935-1600x1200.jpg 1600w, https:\/\/feuerwehr-rehau.de\/wp-content\/uploads\/2021\/09\/DSC01935-1536x1152.jpg 1536w, https:\/\/feuerwehr-rehau.de\/wp-content\/uploads\/2021\/09\/DSC01935-2048x1536.jpg 2048w\" sizes=\"(max-width: 2500px) 100vw, 2500px\" \/><\/a><\/figure><\/li><li class=\"blocks-gallery-item\"><figure><a href=\"https:\/\/feuerwehr-rehau.de\/wp-content\/uploads\/2021\/09\/DSC01938-scaled.jpg\"><img decoding=\"async\" width=\"2500\" height=\"1875\" src=\"https:\/\/feuerwehr-rehau.de\/wp-content\/uploads\/2021\/09\/DSC01938-2500x1875.jpg\" alt=\"\" data-id=\"4959\" data-full-url=\"https:\/\/feuerwehr-rehau.de\/wp-content\/uploads\/2021\/09\/DSC01938-scaled.jpg\" data-link=\"https:\/\/feuerwehr-rehau.de\/?attachment_id=4959\" class=\"wp-image-4959\" srcset=\"https:\/\/feuerwehr-rehau.de\/wp-content\/uploads\/2021\/09\/DSC01938-2500x1875.jpg 2500w, https:\/\/feuerwehr-rehau.de\/wp-content\/uploads\/2021\/09\/DSC01938-1600x1200.jpg 1600w, https:\/\/feuerwehr-rehau.de\/wp-content\/uploads\/2021\/09\/DSC01938-1536x1152.jpg 1536w, https:\/\/feuerwehr-rehau.de\/wp-content\/uploads\/2021\/09\/DSC01938-2048x1536.jpg 2048w\" sizes=\"(max-width: 2500px) 100vw, 2500px\" \/><\/a><\/figure><\/li><\/ul><\/figure>\n","protected":false},"excerpt":{"rendered":"<p>R\u00fcstwagen Florian Rehau 61\/1 Mercedes Benz 1124 AF Ziegler \/ Giengen 1997 Der R\u00fcstwagen ist ein Fahrzeug, welches zum durchf\u00fchren aller technischen Hilfeleistungen &#8211; auch gr\u00f6\u00dferen Umfangs &#8211; dient. In der Regel r\u00fcckt der RW 2, bis auf Einzelanforderungen, immer mindestens mit dem HLF 16\/20 aus. Neben der DIN Beladung sowie der Zusatzbeladung \u00d6L f\u00fchrt [&hellip;]<\/p>\n","protected":false},"author":4,"featured_media":0,"parent":4795,"menu_order":8,"comment_status":"closed","ping_status":"closed","template":"","meta":{"footnotes":""},"class_list":["post-179","page","type-page","status-publish","czr-hentry"],"_links":{"self":[{"href":"https:\/\/feuerwehr-rehau.de\/index.php?rest_route=\/wp\/v2\/pages\/179","targetHints":{"allow":["GET"]}}],"collection":[{"href":"https:\/\/feuerwehr-rehau.de\/index.php?rest_route=\/wp\/v2\/pages"}],"about":[{"href":"https:\/\/feuerwehr-rehau.de\/index.php?rest_route=\/wp\/v2\/types\/page"}],"author":[{"embeddable":true,"href":"https:\/\/feuerwehr-rehau.de\/index.php?rest_route=\/wp\/v2\/users\/4"}],"replies":[{"embeddable":true,"href":"https:\/\/feuerwehr-rehau.de\/index.php?rest_route=%2Fwp%2Fv2%2Fcomments&post=179"}],"version-history":[{"count":15,"href":"https:\/\/feuerwehr-rehau.de\/index.php?rest_route=\/wp\/v2\/pages\/179\/revisions"}],"predecessor-version":[{"id":4965,"href":"https:\/\/feuerwehr-rehau.de\/index.php?rest_route=\/wp\/v2\/pages\/179\/revisions\/4965"}],"up":[{"embeddable":true,"href":"https:\/\/feuerwehr-rehau.de\/index.php?rest_route=\/wp\/v2\/pages\/4795"}],"wp:attachment":[{"href":"https:\/\/feuerwehr-rehau.de\/index.php?rest_route=%2Fwp%2Fv2%2Fmedia&parent=179"}],"curies":[{"name":"wp","href":"https:\/\/api.w.org\/{rel}","templated":true}]}}