{"id":183,"date":"2016-03-27T14:55:50","date_gmt":"2016-03-27T12:55:50","guid":{"rendered":"http:\/\/ffw-rehau.net\/wordpress\/?page_id=183"},"modified":"2025-12-15T17:57:04","modified_gmt":"2025-12-15T15:57:04","slug":"dekontaminationsfahrzeug-dekon-p","status":"publish","type":"page","link":"https:\/\/feuerwehr-rehau.de\/?page_id=183","title":{"rendered":"Dekontaminationsfahrzeug Dekon-P"},"content":{"rendered":"<p style=\"text-align: center;\"><a href=\"http:\/\/ffw-rehau.net\/wordpress\/wp-content\/uploads\/2016\/03\/Dekon-P.jpg\"><img decoding=\"async\" class=\"alignleft wp-image-614\" src=\"http:\/\/ffw-rehau.net\/wordpress\/wp-content\/uploads\/2016\/03\/Dekon-P.jpg\" alt=\"Dekon P\" width=\"550\" height=\"366\" srcset=\"https:\/\/feuerwehr-rehau.de\/wp-content\/uploads\/2016\/03\/Dekon-P.jpg 1600w, https:\/\/feuerwehr-rehau.de\/wp-content\/uploads\/2016\/03\/Dekon-P-1200x800.jpg 1200w\" sizes=\"(max-width: 550px) 100vw, 550px\" \/><\/a><\/p>\n<p style=\"text-align: center;\">Dekontaminationsfahrzeug<\/p>\n<p style=\"text-align: center;\">Florian Rehau 67\/1<\/p>\n<p style=\"text-align: center;\">MAN TGM 18.340 4&#215;4 BB<\/p>\n<p style=\"text-align: center;\">Freytag \/ Elze<\/p>\n<p style=\"text-align: center;\">2014<\/p>\n<hr \/>\n<p>Der Dekontaminationslastkraftwagen Personen (kurz: Dekon-LKW P oder auch <em>Dekon P<\/em>) ist ein von der Bundesregierung f\u00fcr den Katastrophenschutz beschafftes Einsatzfahrzeug, welches f\u00fcr den Einsatz bei <a href=\"https:\/\/de.wikipedia.org\/wiki\/Gefahrstoffunfall\">Gefahrstoffunf\u00e4llen<\/a> bzw. <a href=\"https:\/\/de.wikipedia.org\/wiki\/ABC-Einsatz\">ABC-Eins\u00e4tzen<\/a> konzipiert ist. Seine Beladung dient der Einrichtung eines <a href=\"https:\/\/de.wikipedia.org\/wiki\/Dekontaminationsplatz\">Dekontaminationsplatzes<\/a>, der Stufe II und III auf dem Einsatzkr\u00e4fte und Betroffene, die bei einem solchen Unfall mit gef\u00e4hrlichen Substanzen in Ber\u00fchrung gekommen sind, durch die Besatzung <a href=\"https:\/\/de.wikipedia.org\/wiki\/Dekontamination\">dekontaminiert<\/a> werden k\u00f6nnen.<\/p>\n<p>Komponenten des System Dekon P:<\/p>\n<ul>\n<li>LKW mit Plane, Spriegel und Ladebordwand.- Staffelbesatzung<\/li>\n<li>Einpersonenduschkabine<\/li>\n<li>Auskleide Zelt, Duschzelt, Ankleidezelt<\/li>\n<li>Anlage zum hygienischen warmen Duschen von Personen an der Einsatzstelle<\/li>\n<li>Schmutzwasser Komponente<\/li>\n<li>Beleuchtungseinrichtung<\/li>\n<\/ul>\n","protected":false},"excerpt":{"rendered":"<p>Dekontaminationsfahrzeug Florian Rehau 67\/1 MAN TGM 18.340 4&#215;4 BB Freytag \/ Elze 2014 Der Dekontaminationslastkraftwagen Personen (kurz: Dekon-LKW P oder auch Dekon P) ist ein von der Bundesregierung f\u00fcr den Katastrophenschutz beschafftes Einsatzfahrzeug, welches f\u00fcr den Einsatz bei Gefahrstoffunf\u00e4llen bzw. ABC-Eins\u00e4tzen konzipiert ist. Seine Beladung dient der Einrichtung eines Dekontaminationsplatzes, der Stufe II und III [&hellip;]<\/p>\n","protected":false},"author":4,"featured_media":0,"parent":4795,"menu_order":10,"comment_status":"closed","ping_status":"closed","template":"","meta":{"footnotes":""},"class_list":["post-183","page","type-page","status-publish","czr-hentry"],"_links":{"self":[{"href":"https:\/\/feuerwehr-rehau.de\/index.php?rest_route=\/wp\/v2\/pages\/183","targetHints":{"allow":["GET"]}}],"collection":[{"href":"https:\/\/feuerwehr-rehau.de\/index.php?rest_route=\/wp\/v2\/pages"}],"about":[{"href":"https:\/\/feuerwehr-rehau.de\/index.php?rest_route=\/wp\/v2\/types\/page"}],"author":[{"embeddable":true,"href":"https:\/\/feuerwehr-rehau.de\/index.php?rest_route=\/wp\/v2\/users\/4"}],"replies":[{"embeddable":true,"href":"https:\/\/feuerwehr-rehau.de\/index.php?rest_route=%2Fwp%2Fv2%2Fcomments&post=183"}],"version-history":[{"count":6,"href":"https:\/\/feuerwehr-rehau.de\/index.php?rest_route=\/wp\/v2\/pages\/183\/revisions"}],"predecessor-version":[{"id":8248,"href":"https:\/\/feuerwehr-rehau.de\/index.php?rest_route=\/wp\/v2\/pages\/183\/revisions\/8248"}],"up":[{"embeddable":true,"href":"https:\/\/feuerwehr-rehau.de\/index.php?rest_route=\/wp\/v2\/pages\/4795"}],"wp:attachment":[{"href":"https:\/\/feuerwehr-rehau.de\/index.php?rest_route=%2Fwp%2Fv2%2Fmedia&parent=183"}],"curies":[{"name":"wp","href":"https:\/\/api.w.org\/{rel}","templated":true}]}}