{"id":302,"date":"2016-03-28T14:30:12","date_gmt":"2016-03-28T12:30:12","guid":{"rendered":"http:\/\/ffw-rehau.net\/wordpress\/?page_id=302"},"modified":"2025-07-18T15:31:19","modified_gmt":"2025-07-18T13:31:19","slug":"jugendgruppe","status":"publish","type":"page","link":"https:\/\/feuerwehr-rehau.de\/?page_id=302","title":{"rendered":"Jugendgruppe"},"content":{"rendered":"<h1 style=\"text-align: center;\"><span style=\"color: #ff0000;\">Jugendgruppe<\/span><\/h1>\n<p align=\"center\"><strong>Willst du mehr aus deiner Freizeit machen, dein K\u00f6nnen und Wissen einsetzen,<br \/>\num zu lernen, anderen zu helfen, dann bist du bei uns richtig!<\/strong><\/p>\n<p align=\"center\"><span style=\"color: #ff0000;\">Komm`mach mit &#8211; Jugendfeuerwehr Rehau<\/span><\/p>\n<p><span style=\"text-decoration: underline;\"><strong>Die Jugendgruppe der Feuerwehr Rehau \u2013 ein starkes Team.<\/strong><\/span><\/p>\n<p>In jedem Verein ist es wichtig f\u00fcr Nachwuchs zu sorgen. So ist es auch bei uns, in der Freiwilligen Feuerwehr, neue Mitglieder f\u00fcr die interessante Arbeit bei der Feuerwehr zu gewinnen. Mitglieder unserer Jugendgruppe erhalten eine weitreichende Ausbildung zum Feuerwehrmann bzw. zur Feuerwehrfrau. Dar\u00fcber hinaus werden auch Werte wie Teamgeist, Engagement f\u00fcr die Gemeinschaft und Zuverl\u00e4ssigkeit vermittelt, aber auch der Spa\u00df kommt bei uns nicht zu kurz.<\/p>\n<p>Unsere Jugendgruppe besteht bereits seit 1974 und mitmachen k\u00f6nnen bei uns M\u00e4dels und Jungs ab 12 Jahre. Geleitet wird die Gruppe von zwei Jugendwarten und einer Jugendwartin, die ihr Wissen und Erfahrung an den Nachwuchs weiter geben.<\/p>\n<p><a href=\"http:\/\/ffw-rehau.net\/wordpress\/wp-content\/uploads\/2016\/03\/Jugend-1.jpg\"><img decoding=\"async\" class=\"aligncenter wp-image-457\" src=\"http:\/\/ffw-rehau.net\/wordpress\/wp-content\/uploads\/2016\/03\/Jugend-1.jpg\" alt=\"Jugend (1)\" width=\"1000\" height=\"666\" srcset=\"https:\/\/feuerwehr-rehau.de\/wp-content\/uploads\/2016\/03\/Jugend-1.jpg 1280w, https:\/\/feuerwehr-rehau.de\/wp-content\/uploads\/2016\/03\/Jugend-1-200x133.jpg 200w\" sizes=\"(max-width: 1000px) 100vw, 1000px\" \/><\/a><\/p>\n<p>Wir treffen uns jeden zweiten Freitag &#8222;An der Feuerwache 1&#8220;\u00a0 um 19 Uhr. Zus\u00e4tzlich findet einmal im Monat eine \u00dcbung mit der aktiven Einsatzmannschaft statt.<\/p>\n<p>Um das gelernte auch anzuwenden, nehmen wir regelm\u00e4\u00dfig an Wettbewerben und Leistungspr\u00fcfungen teil. So findet j\u00e4hrlich ein Bayernweiter Wissenstest statt oder es k\u00f6nnen verschiedene Leistungsspangen erworben werden.<\/p>\n<p><a href=\"http:\/\/ffw-rehau.net\/wordpress\/wp-content\/uploads\/2016\/03\/Jugend-2.jpg\"><img decoding=\"async\" class=\"aligncenter wp-image-458\" src=\"http:\/\/ffw-rehau.net\/wordpress\/wp-content\/uploads\/2016\/03\/Jugend-2.jpg\" alt=\"Jugend (2)\" width=\"650\" height=\"975\" srcset=\"https:\/\/feuerwehr-rehau.de\/wp-content\/uploads\/2016\/03\/Jugend-2.jpg 853w, https:\/\/feuerwehr-rehau.de\/wp-content\/uploads\/2016\/03\/Jugend-2-133x200.jpg 133w\" sizes=\"(max-width: 650px) 100vw, 650px\" \/><\/a><\/p>\n<p>Nicht nur der Feuerwehrdienst steht bei uns im Vordergrund, gemeinsame Freizeitaktivit\u00e4ten wie Zeltlager, Tagesfahrten und Ausfl\u00fcge f\u00f6rdern den Gemeinschaftssinn.<\/p>\n<p>Interesse geweckt? Dann schau einfach einmal bei uns vorbei.<\/p>\n<p><span style=\"text-decoration: underline;\"><strong>Das Wichtigste:<\/strong><\/span><\/p>\n<p><span style=\"text-decoration: underline;\"><strong>Wer:\u00a0<\/strong><\/span>\u00a0\u00a0\u00a0 Jungs und M\u00e4dels ab 12 Jahre<\/p>\n<p><span style=\"text-decoration: underline;\"><strong>Wo:\u00a0<\/strong><\/span>\u00a0 \u00a0 \u00a0An der Feuerwache 1<\/p>\n<p><strong><span style=\"text-decoration: underline;\">Was:<\/span><\/strong>\u00a0\u00a0\u00a0 Ausbildung, Erlebnisse, Technik,&#8230; und Spa\u00df<\/p>\n<p>Fragen? E-Mail: <a href=\"mailto:jugendwart@feuerwehr-rehau.de\">jugendwart@feuerwehr-rehau.de<\/a><\/p>\n","protected":false},"excerpt":{"rendered":"<p>Jugendgruppe Willst du mehr aus deiner Freizeit machen, dein K\u00f6nnen und Wissen einsetzen, um zu lernen, anderen zu helfen, dann bist du bei uns richtig! Komm`mach mit &#8211; Jugendfeuerwehr Rehau Die Jugendgruppe der Feuerwehr Rehau \u2013 ein starkes Team. In jedem Verein ist es wichtig f\u00fcr Nachwuchs zu sorgen. So ist es auch bei uns, [&hellip;]<\/p>\n","protected":false},"author":4,"featured_media":8723,"parent":0,"menu_order":0,"comment_status":"closed","ping_status":"closed","template":"","meta":{"footnotes":""},"class_list":["post-302","page","type-page","status-publish","has-post-thumbnail","czr-hentry"],"_links":{"self":[{"href":"https:\/\/feuerwehr-rehau.de\/index.php?rest_route=\/wp\/v2\/pages\/302","targetHints":{"allow":["GET"]}}],"collection":[{"href":"https:\/\/feuerwehr-rehau.de\/index.php?rest_route=\/wp\/v2\/pages"}],"about":[{"href":"https:\/\/feuerwehr-rehau.de\/index.php?rest_route=\/wp\/v2\/types\/page"}],"author":[{"embeddable":true,"href":"https:\/\/feuerwehr-rehau.de\/index.php?rest_route=\/wp\/v2\/users\/4"}],"replies":[{"embeddable":true,"href":"https:\/\/feuerwehr-rehau.de\/index.php?rest_route=%2Fwp%2Fv2%2Fcomments&post=302"}],"version-history":[{"count":14,"href":"https:\/\/feuerwehr-rehau.de\/index.php?rest_route=\/wp\/v2\/pages\/302\/revisions"}],"predecessor-version":[{"id":4371,"href":"https:\/\/feuerwehr-rehau.de\/index.php?rest_route=\/wp\/v2\/pages\/302\/revisions\/4371"}],"wp:featuredmedia":[{"embeddable":true,"href":"https:\/\/feuerwehr-rehau.de\/index.php?rest_route=\/wp\/v2\/media\/8723"}],"wp:attachment":[{"href":"https:\/\/feuerwehr-rehau.de\/index.php?rest_route=%2Fwp%2Fv2%2Fmedia&parent=302"}],"curies":[{"name":"wp","href":"https:\/\/api.w.org\/{rel}","templated":true}]}}