{"id":3313,"date":"2020-06-09T13:11:47","date_gmt":"2020-06-09T11:11:47","guid":{"rendered":"https:\/\/feuerwehr-rehau.de\/?page_id=3313"},"modified":"2026-04-05T09:36:07","modified_gmt":"2026-04-05T08:36:07","slug":"kommandanten","status":"publish","type":"page","link":"https:\/\/feuerwehr-rehau.de\/?page_id=3313","title":{"rendered":"Kommandanten"},"content":{"rendered":"\n<div class=\"wp-block-media-text alignwide is-stacked-on-mobile is-image-fill-element\"><figure class=\"wp-block-media-text__media\"><a href=\"https:\/\/feuerwehr-rehau.de\/wp-content\/uploads\/2026\/02\/IMG_8755-scaled.jpeg\"><img decoding=\"async\" width=\"1875\" height=\"2500\" src=\"https:\/\/feuerwehr-rehau.de\/wp-content\/uploads\/2026\/02\/IMG_8755-1875x2500.jpeg\" alt=\"\" class=\"wp-image-9336 size-full\" style=\"object-position:50% 50%\" srcset=\"https:\/\/feuerwehr-rehau.de\/wp-content\/uploads\/2026\/02\/IMG_8755-1875x2500.jpeg 1875w, https:\/\/feuerwehr-rehau.de\/wp-content\/uploads\/2026\/02\/IMG_8755-1200x1600.jpeg 1200w, https:\/\/feuerwehr-rehau.de\/wp-content\/uploads\/2026\/02\/IMG_8755-1152x1536.jpeg 1152w, https:\/\/feuerwehr-rehau.de\/wp-content\/uploads\/2026\/02\/IMG_8755-1536x2048.jpeg 1536w, https:\/\/feuerwehr-rehau.de\/wp-content\/uploads\/2026\/02\/IMG_8755-scaled.jpeg 1920w\" sizes=\"(max-width: 1875px) 100vw, 1875px\" \/><\/a><\/figure><div class=\"wp-block-media-text__content\">\n<p class=\"has-text-align-center has-large-font-size\">Kommandant<\/p>\n\n\n\n<p class=\"has-text-align-center\">Thomas Schaller<\/p>\n\n\n\n<p class=\"has-text-align-center\">Florian Rehau 1<\/p>\n\n\n\n<p class=\"has-text-align-center\">Verbandsf\u00fchrer<\/p>\n<\/div><\/div>\n\n\n\n<p><\/p>\n\n\n\n<div class=\"wp-block-media-text alignwide is-stacked-on-mobile is-vertically-aligned-center is-image-fill-element\"><figure class=\"wp-block-media-text__media\"><a href=\"https:\/\/feuerwehr-rehau.de\/wp-content\/uploads\/2024\/07\/20240719_194948-scaled.jpg\"><img decoding=\"async\" width=\"1168\" height=\"2500\" src=\"https:\/\/feuerwehr-rehau.de\/wp-content\/uploads\/2024\/07\/20240719_194948-1168x2500.jpg\" alt=\"\" class=\"wp-image-7186 size-full\" style=\"object-position:50% 50%\" srcset=\"https:\/\/feuerwehr-rehau.de\/wp-content\/uploads\/2024\/07\/20240719_194948-1168x2500.jpg 1168w, https:\/\/feuerwehr-rehau.de\/wp-content\/uploads\/2024\/07\/20240719_194948-747x1600.jpg 747w, https:\/\/feuerwehr-rehau.de\/wp-content\/uploads\/2024\/07\/20240719_194948-717x1536.jpg 717w, https:\/\/feuerwehr-rehau.de\/wp-content\/uploads\/2024\/07\/20240719_194948-scaled.jpg 1196w\" sizes=\"(max-width: 1168px) 100vw, 1168px\" \/><\/a><\/figure><div class=\"wp-block-media-text__content\">\n<p class=\"has-text-align-center has-large-font-size\">Stellv. Kommandant<\/p>\n\n\n\n<p class=\"has-text-align-center\">Florian Konrad<\/p>\n\n\n\n<p class=\"has-text-align-center\">Florian Rehau 2<\/p>\n\n\n\n<p class=\"has-text-align-center\">Zugf\u00fchrer<\/p>\n<\/div><\/div>\n\n\n\n<p><\/p>\n\n\n\n<div class=\"wp-block-media-text alignwide is-stacked-on-mobile is-image-fill-element\"><figure class=\"wp-block-media-text__media\"><a href=\"https:\/\/feuerwehr-rehau.de\/wp-content\/uploads\/2026\/04\/IMG_8753-scaled.jpeg\"><img decoding=\"async\" width=\"1875\" height=\"2500\" src=\"https:\/\/feuerwehr-rehau.de\/wp-content\/uploads\/2026\/04\/IMG_8753-1875x2500.jpeg\" alt=\"\" class=\"wp-image-9522 size-full\" style=\"object-position:50% 50%\" srcset=\"https:\/\/feuerwehr-rehau.de\/wp-content\/uploads\/2026\/04\/IMG_8753-1875x2500.jpeg 1875w, https:\/\/feuerwehr-rehau.de\/wp-content\/uploads\/2026\/04\/IMG_8753-1200x1600.jpeg 1200w, https:\/\/feuerwehr-rehau.de\/wp-content\/uploads\/2026\/04\/IMG_8753-1152x1536.jpeg 1152w, https:\/\/feuerwehr-rehau.de\/wp-content\/uploads\/2026\/04\/IMG_8753-1536x2048.jpeg 1536w, https:\/\/feuerwehr-rehau.de\/wp-content\/uploads\/2026\/04\/IMG_8753-scaled.jpeg 1920w\" sizes=\"(max-width: 1875px) 100vw, 1875px\" \/><\/a><\/figure><div class=\"wp-block-media-text__content\">\n<p class=\"has-text-align-center has-large-font-size\">Stellv. Kommandant<\/p>\n\n\n\n<p class=\"has-text-align-center\">Michael Winterling<\/p>\n\n\n\n<p class=\"has-text-align-center\">Florian Rehau 3<\/p>\n\n\n\n<p class=\"has-text-align-center\">Zugf\u00fchrer<\/p>\n<\/div><\/div>\n","protected":false},"excerpt":{"rendered":"<p>Kommandant Thomas Schaller Florian Rehau 1 Verbandsf\u00fchrer Stellv. Kommandant Florian Konrad Florian Rehau 2 Zugf\u00fchrer Stellv. Kommandant Michael Winterling Florian Rehau 3 Zugf\u00fchrer<\/p>\n","protected":false},"author":72,"featured_media":0,"parent":97,"menu_order":1,"comment_status":"closed","ping_status":"closed","template":"","meta":{"footnotes":""},"class_list":["post-3313","page","type-page","status-publish","czr-hentry"],"_links":{"self":[{"href":"https:\/\/feuerwehr-rehau.de\/index.php?rest_route=\/wp\/v2\/pages\/3313","targetHints":{"allow":["GET"]}}],"collection":[{"href":"https:\/\/feuerwehr-rehau.de\/index.php?rest_route=\/wp\/v2\/pages"}],"about":[{"href":"https:\/\/feuerwehr-rehau.de\/index.php?rest_route=\/wp\/v2\/types\/page"}],"author":[{"embeddable":true,"href":"https:\/\/feuerwehr-rehau.de\/index.php?rest_route=\/wp\/v2\/users\/72"}],"replies":[{"embeddable":true,"href":"https:\/\/feuerwehr-rehau.de\/index.php?rest_route=%2Fwp%2Fv2%2Fcomments&post=3313"}],"version-history":[{"count":18,"href":"https:\/\/feuerwehr-rehau.de\/index.php?rest_route=\/wp\/v2\/pages\/3313\/revisions"}],"predecessor-version":[{"id":9524,"href":"https:\/\/feuerwehr-rehau.de\/index.php?rest_route=\/wp\/v2\/pages\/3313\/revisions\/9524"}],"up":[{"embeddable":true,"href":"https:\/\/feuerwehr-rehau.de\/index.php?rest_route=\/wp\/v2\/pages\/97"}],"wp:attachment":[{"href":"https:\/\/feuerwehr-rehau.de\/index.php?rest_route=%2Fwp%2Fv2%2Fmedia&parent=3313"}],"curies":[{"name":"wp","href":"https:\/\/api.w.org\/{rel}","templated":true}]}}