{"id":3528,"date":"2020-07-18T12:52:04","date_gmt":"2020-07-18T10:52:04","guid":{"rendered":"https:\/\/feuerwehr-rehau.de\/?page_id=3528"},"modified":"2020-07-18T13:44:22","modified_gmt":"2020-07-18T11:44:22","slug":"neue-adresse-fuer-die-feuerwehr","status":"publish","type":"page","link":"https:\/\/feuerwehr-rehau.de\/?page_id=3528","title":{"rendered":"Neue Adresse f\u00fcr die Feuerwehr"},"content":{"rendered":"\n<p>Die Rufnummer 112 wird die Feuerwehr behalten, doch die Adresse der Feuerwehr Rehau wird sich k\u00fcnftig \u00e4ndern.<\/p>\n\n\n\n<p>Bekanntlich wird auf dem ehemaligen Gel\u00e4nde der Stadtwerke flei\u00dfig an der neuen Feuerwache gebaut. Doch bislang war die Anschrift nicht eindeutig. Eigentlich geh\u00f6rt das Gel\u00e4nde zur Bahnhofstra\u00dfe, erreicht wird die k\u00fcnftige Wache aber durch die Stichstra\u00dfe in Verl\u00e4ngerung der Goethestra\u00dfe. Diese erh\u00e4lt nun einen eigenen Namen. Der Rehauer Bausenat beschloss in seiner letzten Sitzung die Stichstra\u00dfe zwischen Bahnhofstra\u00dfe und Am krummen Weglein in &#8222;An der Feuerwache&#8220; umzubenennen. Die neue Heimat der Feuerwehr wird daher k\u00fcnftig unter der Anschrift &#8222;An der Feuerwache 1&#8220; zu erreichen sein.<\/p>\n","protected":false},"excerpt":{"rendered":"<p>Die Rufnummer 112 wird die Feuerwehr behalten, doch die Adresse der Feuerwehr Rehau wird sich k\u00fcnftig \u00e4ndern. Bekanntlich wird auf dem ehemaligen Gel\u00e4nde der Stadtwerke flei\u00dfig an der neuen Feuerwache gebaut. Doch bislang war die Anschrift nicht eindeutig. Eigentlich geh\u00f6rt das Gel\u00e4nde zur Bahnhofstra\u00dfe, erreicht wird die k\u00fcnftige Wache aber durch die Stichstra\u00dfe in Verl\u00e4ngerung [&hellip;]<\/p>\n","protected":false},"author":72,"featured_media":0,"parent":3260,"menu_order":2,"comment_status":"closed","ping_status":"closed","template":"","meta":{"footnotes":""},"class_list":["post-3528","page","type-page","status-publish","czr-hentry"],"_links":{"self":[{"href":"https:\/\/feuerwehr-rehau.de\/index.php?rest_route=\/wp\/v2\/pages\/3528","targetHints":{"allow":["GET"]}}],"collection":[{"href":"https:\/\/feuerwehr-rehau.de\/index.php?rest_route=\/wp\/v2\/pages"}],"about":[{"href":"https:\/\/feuerwehr-rehau.de\/index.php?rest_route=\/wp\/v2\/types\/page"}],"author":[{"embeddable":true,"href":"https:\/\/feuerwehr-rehau.de\/index.php?rest_route=\/wp\/v2\/users\/72"}],"replies":[{"embeddable":true,"href":"https:\/\/feuerwehr-rehau.de\/index.php?rest_route=%2Fwp%2Fv2%2Fcomments&post=3528"}],"version-history":[{"count":1,"href":"https:\/\/feuerwehr-rehau.de\/index.php?rest_route=\/wp\/v2\/pages\/3528\/revisions"}],"predecessor-version":[{"id":3530,"href":"https:\/\/feuerwehr-rehau.de\/index.php?rest_route=\/wp\/v2\/pages\/3528\/revisions\/3530"}],"up":[{"embeddable":true,"href":"https:\/\/feuerwehr-rehau.de\/index.php?rest_route=\/wp\/v2\/pages\/3260"}],"wp:attachment":[{"href":"https:\/\/feuerwehr-rehau.de\/index.php?rest_route=%2Fwp%2Fv2%2Fmedia&parent=3528"}],"curies":[{"name":"wp","href":"https:\/\/api.w.org\/{rel}","templated":true}]}}