{"id":3532,"date":"2020-07-18T13:13:02","date_gmt":"2020-07-18T11:13:02","guid":{"rendered":"https:\/\/feuerwehr-rehau.de\/?page_id=3532"},"modified":"2020-07-18T14:13:45","modified_gmt":"2020-07-18T12:13:45","slug":"spatenstich-fuer-die-neue-feuerwache-in-der-stadt-rehau","status":"publish","type":"page","link":"https:\/\/feuerwehr-rehau.de\/?page_id=3532","title":{"rendered":"Spatenstich f\u00fcr die neue Feuerwache in der Stadt Rehau"},"content":{"rendered":"\n<div class=\"wp-block-group\"><div class=\"wp-block-group__inner-container is-layout-flow wp-block-group-is-layout-flow\">\n<p>Das gr\u00f6\u00dfte Hochbauprojekt der Stadt Rehau, das im Jahr 2019 begonnen wird, ist der Neubau des Feuerwehrger\u00e4tehauses. Hierzu fand vor Kurzem der offizielle Spatenstich statt, zu dem B\u00fcrgermeister Michael Abraham zahlreiche G\u00e4ste begr\u00fc\u00dfen konnte. Allen voran hie\u00df er den Stadtrat mit 2. B\u00fcrgermeister Werner Bucher an der Spitze, die Freiwillige Feuerwehr mit den Kommandanten Manuel H\u00f6ll und Volker Bucher sowie Kreisbrandmeister Jochen Bucher willkommen. Im Anschluss begr\u00fc\u00dfte er die Gesch\u00e4ftsf\u00fchrer der Baufirma Roth aus Wunsiedel, Veronika und Florian Sirch, Architekt Torsten Sch\u00f6pe, Ralf Zerner vom IB Widmann sowie Hanns-Peter Kirchmann vom B\u00fcro K-Plan.<\/p>\n\n\n\n<p>In seiner Ansprache berichtete er, dass dieses Projekt eine l\u00e4ngere Vorgeschichte hat, denn seit dem Jahr 2008 gibt es \u00dcberlegungen, das derzeitige, in vielerlei Hinsicht sanierungsbed\u00fcrftige Ger\u00e4tehaus der FFW Rehau (z.B. zu kleine Stellpl\u00e4tze, keine Abgasabsauganlage, nicht energieeffiziente Heizung, veraltetes Elektronetz, fehlende W\u00e4rmed\u00e4mmung, durchfeuchtete Keller, R\u00fcckstauprobleme mit dem Kanal) dem Stand der Zeit anzupassen. In der Sitzung des Bausenats vom 12. Mai 2009 wurde eine Planung \u00fcber die Sanierung des bestehenden Ger\u00e4tehauses vorgestellt, im Ergebnis w\u00e4re ein kompletter Neubau am Standort Goethestra\u00dfe die wirtschaftlichere L\u00f6sung gewesen. Zur Umsetzung der Planung w\u00e4re Grunderwerb notwendig gewesen. Mittlerweile hat sich jedoch herausgestellt, dass diese Studie einsatztaktische Aspekte und Vorgaben von Feuerwehrrichtlinien unzureichend ber\u00fccksichtigte, F\u00f6rdermittel h\u00e4tte es f\u00fcr diese Planung nicht gegeben.<\/p>\n\n\n\n<p>Im Jahr 2011 wurde deshalb die Firma K-Plan (Spezialb\u00fcro f\u00fcr Feuerwehrger\u00e4teh\u00e4user) beauftragt, die Standorte Goethestra\u00dfe unter Einbeziehung des Areals angrenzendes Wohnhaus, Garagen und Stadtwerke zu untersuchen. Der Standort Goethestra\u00dfe erwies sich aus zuschusstechnischen Aspekten (keine Erweiterungsm\u00f6glichkeit, unzureichende Parkplatzsituation, zu kleine verbleibende \u00dcbungsfl\u00e4che) und dem Umstand, dass w\u00e4hrend des laufenden Betriebs gebaut wird, als ungeeignet. Weitere Nachteile: hohe Baukosten durch gro\u00dfe Erdbewegungen, Kosten durch transaktive (Teil)-Unterbringung der Feuerwehr w\u00e4hrend der Bauphase, m\u00f6gliche Notwendigkeit der St\u00fctzung des Bahnk\u00f6rpers, Beteiligung der Bahn am Verfahren und damit verbundene m\u00f6gliche Auflagen. Deshalb wurde der Standort Stadtwerke, der all diese Nachteile nicht aufweist, n\u00e4her untersucht und auch ein Schallgutachten sowie ein Bodengutachten beauftragt.<\/p>\n\n\n\n<p>Zus\u00e4tzlich wurde ein Einsatzzeitengutachten erarbeitet: Mittels simulierter Einsatzfahrten mit diversen Feuerwehrfahrzeugen von verschiedenen m\u00f6glichen Standorten innerhalb und au\u00dferhalb der Innenstadt unter Verwendung von Blaulicht und Martinhorn wurden die Einsatzzeiten zu verschiedenen potenziellen Brandorten in Rehau gemessen: Diese waren die gro\u00dfen Industriebetriebe in Rehau, die Bezirksklinik,die Fritz-Strobel-Siedlung und die Firma B\u00f6hme in Neuk\u00fchschwitz. Die Auswertung dieser Einsatzzeiten, jeweils unter Ber\u00fccksichtigung des Umstandes, wie lange die Wehrleute zu den jeweiligen potenziellen Feuerwehrhausstandorten brauchen, hatten ein klares Ergebnis: Der Standort Stadtwerke erwies sich als der bestm\u00f6gliche Standort f\u00fcr das neue Feuerwehrger\u00e4tehaus Rehau. Schlie\u00dflich wurde ein Raumprogramm sowie ein technisches Programm den staatlichen Zuschussrichtlinien entsprechend erstellt. Auf der Basis dieser Programme wurde ein Massemodell mit Raumprogramm entworfen, um sich von der Situation vor Ort ein Bild machen zu k\u00f6nnen und die Eignung f\u00fcr die internen Betriebsabl\u00e4ufe zu pr\u00fcfen. Auf der Basis aller dieser Grundlagen fasste der Stadtrat in den Sitzungen vom 15. Mai 2013 und 24. Juli 2013 daraufhin den Grundsatzbeschluss, am Standort Stadtwerke ein neues Feuerwehrger\u00e4tehaus zu errichten. In der Folgezeit wurden verschiedene Finanzierungsm\u00f6glichkeiten gepr\u00fcft, im Herbst 2016 wurde schlie\u00dflich die Entwurfsplanung beauftragt, um einen F\u00f6rderantrag stellen zu k\u00f6nnen. Auf der Basis dieser Entwurfsplanung wurde am 20. Juli 2017 bei der Regierung von Oberfrankender F\u00f6rderantrag eingereicht. Mit Bescheid vom 18. Oktober 2017 wurde eine Festbetragsf\u00f6rderung in H\u00f6he von 778.050 Euro bewilligt.<\/p>\n\n\n\n<p>Im Sommer 2017 wurden in Abstimmung mit den Grundst\u00fccksnachbarn f\u00fcnf Garagen, die den Zufahrtsbereich verengten, abgebrochen und so neu errichtet, dass jetzt eine ausreichend breite Zufahrt zur Verf\u00fcgung steht. Am 29. November 2017 wurde, nachdem inzwischen auch eine Genehmigungsplanung erarbeitet wurde, der Bauantrag dem Stadtrat zur Beschlussfassung vorgelegt, das gemeindliche Einvernehmen wurde einstimmig erteilt.<\/p>\n\n\n\n<p>Am Standort des neuen Feuerwehrger\u00e4tehauses befand sich bis Sommer 2018 noch eine Lagerhalle der Stadtwerke, die vom Stadtbauhof und der Firma S\u00fcdwasser genutzt wurde. Der Bauhof hatte mittlerweile eine Ersatzlagerfl\u00e4che f\u00fcr die in dieser Halle untergebrachte Ausr\u00fcstung gefunden, ebenso wie die Firma S\u00fcdwasser. Somit konnte die Stadtwerkehalle im September 2018 abgerissen werden.<\/p>\n\n\n\n<p>W\u00e4hrend dessen wurde f\u00fcr das neue Feuerwehrger\u00e4tehaus eine Funktionalausschreibung durchgef\u00fchrt, am 27. Februar 2019 hat der Stadtrat den Auftrag f\u00fcr diese Ma\u00dfnahme an die Firma Karl Roth aus Wunsiedel mit einer Auftragssumme in H\u00f6he von 7,4 Millionen Euro vergeben. Nach der Erstellung der ersten Ausf\u00fchrungspl\u00e4ne wird Mitte Mai 2019 mit den Bauarbeiten begonnen.<\/p>\n\n\n\n<p>Die Ausf\u00fchrungsplanung erstellt f\u00fcr die Firma Roth das Architekturb\u00fcro Sch\u00f6pe sowie das Ingenieurb\u00fcro Widmann, beide Marktredwitz. Die Firma Roth wird durch die beiden Gesch\u00e4ftsf\u00fchrer Veronika und Florian Sirch vertreten. Mit der Bauoberleitung f\u00fcr die Stadt Rehau ist das B\u00fcro Beyer aus D\u00f6hlau beauftragt, dass die Ma\u00dfnahme in enger Abstimmung mit dem Bauherrn analog zur Sanierung des Schulzentrums betreut.<\/p>\n\n\n\n<p>Die Bauma\u00dfnahme soll bis Ende 2020 fertiggestellt sein. \u201eWir freuen uns, dass unsere Feuerwehr nach dem Einzug in modernen, zeit- und normgerechten R\u00e4umlichkeiten untergebracht sein wird. Sowohl die Fahrzeughalle mit den entsprechenden Funktionsr\u00e4umen als auch das Dienstgeb\u00e4ude mit den Unterrichtsr\u00e4umen, Umkleider\u00e4umen und Bereitschaftsr\u00e4umen entspricht in allen Belangen den Anforderungen der heutigen Zeit.<\/p>\n\n\n\n<p>Die Architektur ist funktional, aber trotzdem modern und wird auch das Stadtbild aufwerten\u201c, stellt B\u00fcrgermeister Michael Abraham fest. \u201eWer freiwillig und ehrenamtlich in st\u00e4ndiger Einsatzbereitschaft seinen Dienst verrichtet, soll vom Gew\u00e4hrtr\u00e4ger auch eine optimale Einsatzbasis bereitgestellt bekommen, um zum Wohl der B\u00fcrgerschaft und Betriebe t\u00e4tig werden zu k\u00f6nnen\u201c, schlie\u00dft der B\u00fcrgermeister.<\/p>\n\n\n\n<p>Veronika Sirch bedankte sich f\u00fcr den Auftrag, den die Firma Roth erhalten hat, und versprach, ein Bauwerk zu errichten, mit dem am Ende alle zufrieden sein werden. Mit 170 Mitarbeitern verf\u00fcgt die Firma Roth \u00fcber die hierf\u00fcr notwendigen Voraussetzungen, au\u00dferdem kennt die Firma Roth aufgrund eigener Erfahrungen im letzten Jahr die Wichtigkeit einer schlagkr\u00e4ftigen Feuerwehr, die schnell vor Ort ist. Architekt Sch\u00f6pe erg\u00e4nzte einige Daten zum Bauwerk, das aus einer Fahrzeughalle mit zehn Stellpl\u00e4tzen, Waschhalle und Werkstadthalle, Atemschutzwerkstatt und Kompaktschlauchpflegeanlage sowie allen weiteren erforderlichen R\u00e4umlichkeiten besteht. Der Sozialbau ist rechtwinklig angegliedert und wird zweist\u00f6ckig, darin sind Umkleider\u00e4ume,Unterrichtsr\u00e4ume, Zentrale sowie weitere Dienst- und Bereitschaftsr\u00e4ume untergebracht. Schlie\u00dflich w\u00fcnschte er einen unfallfreien Bauablauf. <\/p>\n\n\n\n<p>In seinem Gru\u00dfwort dankte Kommandant H\u00f6ll der Stadt, dass es nun losgehe. Weiter brachte er seine Freude zum Ausdruck, dass die Tage, die man noch im derzeitigen Ger\u00e4tehaus untergebracht ist, jetzt z\u00e4hlbar geworden sind und w\u00fcnschte dem Bauvorhaben ebenfalls einen guten und unfallfreien Verlauf.<\/p>\n\n\n\n<p>Bericht Uwe von Dorn &#8211; REHport<\/p>\n\n\n\n<figure class=\"wp-block-gallery columns-4 is-cropped wp-block-gallery-1 is-layout-flex wp-block-gallery-is-layout-flex\"><ul class=\"blocks-gallery-grid\"><li class=\"blocks-gallery-item\"><figure><a href=\"https:\/\/feuerwehr-rehau.de\/wp-content\/uploads\/2020\/07\/Ansprache-Architekt-Thorsten-Sch\u00f6pe.jpg\"><img decoding=\"async\" width=\"1800\" height=\"1200\" src=\"https:\/\/feuerwehr-rehau.de\/wp-content\/uploads\/2020\/07\/Ansprache-Architekt-Thorsten-Sch\u00f6pe.jpg\" alt=\"\" data-id=\"3533\" data-link=\"https:\/\/feuerwehr-rehau.de\/?attachment_id=3533\" class=\"wp-image-3533\" srcset=\"https:\/\/feuerwehr-rehau.de\/wp-content\/uploads\/2020\/07\/Ansprache-Architekt-Thorsten-Sch\u00f6pe.jpg 1800w, https:\/\/feuerwehr-rehau.de\/wp-content\/uploads\/2020\/07\/Ansprache-Architekt-Thorsten-Sch\u00f6pe-1600x1067.jpg 1600w, https:\/\/feuerwehr-rehau.de\/wp-content\/uploads\/2020\/07\/Ansprache-Architekt-Thorsten-Sch\u00f6pe-1536x1024.jpg 1536w\" sizes=\"(max-width: 1800px) 100vw, 1800px\" \/><\/a><figcaption class=\"blocks-gallery-item__caption\">Ansprache Architekt Sch\u00f6pe<\/figcaption><\/figure><\/li><li class=\"blocks-gallery-item\"><figure><a href=\"https:\/\/feuerwehr-rehau.de\/wp-content\/uploads\/2020\/07\/Ansprache-B\u00fcrgermeister-Michael-Abraham.jpg\"><img decoding=\"async\" width=\"1800\" height=\"1200\" src=\"https:\/\/feuerwehr-rehau.de\/wp-content\/uploads\/2020\/07\/Ansprache-B\u00fcrgermeister-Michael-Abraham.jpg\" alt=\"\" data-id=\"3534\" data-link=\"https:\/\/feuerwehr-rehau.de\/?attachment_id=3534\" class=\"wp-image-3534\" srcset=\"https:\/\/feuerwehr-rehau.de\/wp-content\/uploads\/2020\/07\/Ansprache-B\u00fcrgermeister-Michael-Abraham.jpg 1800w, https:\/\/feuerwehr-rehau.de\/wp-content\/uploads\/2020\/07\/Ansprache-B\u00fcrgermeister-Michael-Abraham-1600x1067.jpg 1600w, https:\/\/feuerwehr-rehau.de\/wp-content\/uploads\/2020\/07\/Ansprache-B\u00fcrgermeister-Michael-Abraham-1536x1024.jpg 1536w\" sizes=\"(max-width: 1800px) 100vw, 1800px\" \/><\/a><figcaption class=\"blocks-gallery-item__caption\">Ansprache B\u00fcrgermeister Abraham<\/figcaption><\/figure><\/li><li class=\"blocks-gallery-item\"><figure><a href=\"https:\/\/feuerwehr-rehau.de\/wp-content\/uploads\/2020\/07\/Ansprache-Kommandant-Manuel-H\u00f6ll-rotated.jpg\"><img decoding=\"async\" width=\"1200\" height=\"1600\" src=\"https:\/\/feuerwehr-rehau.de\/wp-content\/uploads\/2020\/07\/Ansprache-Kommandant-Manuel-H\u00f6ll-rotated.jpg\" alt=\"\" data-id=\"3535\" data-link=\"https:\/\/feuerwehr-rehau.de\/?attachment_id=3535\" class=\"wp-image-3535\" srcset=\"https:\/\/feuerwehr-rehau.de\/wp-content\/uploads\/2020\/07\/Ansprache-Kommandant-Manuel-H\u00f6ll-rotated.jpg 1200w, https:\/\/feuerwehr-rehau.de\/wp-content\/uploads\/2020\/07\/Ansprache-Kommandant-Manuel-H\u00f6ll-1152x1536.jpg 1152w\" sizes=\"(max-width: 1200px) 100vw, 1200px\" \/><\/a><figcaption class=\"blocks-gallery-item__caption\">Ansprache Kommandant H\u00f6ll<\/figcaption><\/figure><\/li><li class=\"blocks-gallery-item\"><figure><a href=\"https:\/\/feuerwehr-rehau.de\/wp-content\/uploads\/2020\/07\/Ansprache-Veronika-Sirch-Gesch\u00e4ftsf\u00fchrerin-Fa.-Roth.jpg\"><img decoding=\"async\" width=\"1800\" height=\"1200\" src=\"https:\/\/feuerwehr-rehau.de\/wp-content\/uploads\/2020\/07\/Ansprache-Veronika-Sirch-Gesch\u00e4ftsf\u00fchrerin-Fa.-Roth.jpg\" alt=\"\" data-id=\"3536\" data-link=\"https:\/\/feuerwehr-rehau.de\/?attachment_id=3536\" class=\"wp-image-3536\" srcset=\"https:\/\/feuerwehr-rehau.de\/wp-content\/uploads\/2020\/07\/Ansprache-Veronika-Sirch-Gesch\u00e4ftsf\u00fchrerin-Fa.-Roth.jpg 1800w, https:\/\/feuerwehr-rehau.de\/wp-content\/uploads\/2020\/07\/Ansprache-Veronika-Sirch-Gesch\u00e4ftsf\u00fchrerin-Fa.-Roth-1600x1067.jpg 1600w, https:\/\/feuerwehr-rehau.de\/wp-content\/uploads\/2020\/07\/Ansprache-Veronika-Sirch-Gesch\u00e4ftsf\u00fchrerin-Fa.-Roth-1536x1024.jpg 1536w\" sizes=\"(max-width: 1800px) 100vw, 1800px\" \/><\/a><figcaption class=\"blocks-gallery-item__caption\">Ansprache Fr. Sirch Fa. Roth<\/figcaption><\/figure><\/li><li class=\"blocks-gallery-item\"><figure><a href=\"https:\/\/feuerwehr-rehau.de\/wp-content\/uploads\/2020\/07\/Feuerwehr-Spatenstich-01.jpg\"><img decoding=\"async\" width=\"1800\" height=\"1200\" src=\"https:\/\/feuerwehr-rehau.de\/wp-content\/uploads\/2020\/07\/Feuerwehr-Spatenstich-01.jpg\" alt=\"\" data-id=\"3537\" data-link=\"https:\/\/feuerwehr-rehau.de\/?attachment_id=3537\" class=\"wp-image-3537\" srcset=\"https:\/\/feuerwehr-rehau.de\/wp-content\/uploads\/2020\/07\/Feuerwehr-Spatenstich-01.jpg 1800w, https:\/\/feuerwehr-rehau.de\/wp-content\/uploads\/2020\/07\/Feuerwehr-Spatenstich-01-1600x1067.jpg 1600w, https:\/\/feuerwehr-rehau.de\/wp-content\/uploads\/2020\/07\/Feuerwehr-Spatenstich-01-1536x1024.jpg 1536w\" sizes=\"(max-width: 1800px) 100vw, 1800px\" \/><\/a><\/figure><\/li><li class=\"blocks-gallery-item\"><figure><a href=\"https:\/\/feuerwehr-rehau.de\/wp-content\/uploads\/2020\/07\/Feuerwehr-Spatenstich-25.jpg\"><img decoding=\"async\" width=\"1800\" height=\"1200\" src=\"https:\/\/feuerwehr-rehau.de\/wp-content\/uploads\/2020\/07\/Feuerwehr-Spatenstich-25.jpg\" alt=\"\" data-id=\"3538\" data-link=\"https:\/\/feuerwehr-rehau.de\/?attachment_id=3538\" class=\"wp-image-3538\" srcset=\"https:\/\/feuerwehr-rehau.de\/wp-content\/uploads\/2020\/07\/Feuerwehr-Spatenstich-25.jpg 1800w, https:\/\/feuerwehr-rehau.de\/wp-content\/uploads\/2020\/07\/Feuerwehr-Spatenstich-25-1600x1067.jpg 1600w, https:\/\/feuerwehr-rehau.de\/wp-content\/uploads\/2020\/07\/Feuerwehr-Spatenstich-25-1536x1024.jpg 1536w\" sizes=\"(max-width: 1800px) 100vw, 1800px\" \/><\/a><\/figure><\/li><li class=\"blocks-gallery-item\"><figure><a href=\"https:\/\/feuerwehr-rehau.de\/wp-content\/uploads\/2020\/07\/Feuerwehr-Spatenstich-32.jpg\"><img decoding=\"async\" width=\"1800\" height=\"1200\" src=\"https:\/\/feuerwehr-rehau.de\/wp-content\/uploads\/2020\/07\/Feuerwehr-Spatenstich-32.jpg\" alt=\"\" data-id=\"3539\" data-link=\"https:\/\/feuerwehr-rehau.de\/?attachment_id=3539\" class=\"wp-image-3539\" srcset=\"https:\/\/feuerwehr-rehau.de\/wp-content\/uploads\/2020\/07\/Feuerwehr-Spatenstich-32.jpg 1800w, https:\/\/feuerwehr-rehau.de\/wp-content\/uploads\/2020\/07\/Feuerwehr-Spatenstich-32-1600x1067.jpg 1600w, https:\/\/feuerwehr-rehau.de\/wp-content\/uploads\/2020\/07\/Feuerwehr-Spatenstich-32-1536x1024.jpg 1536w\" sizes=\"(max-width: 1800px) 100vw, 1800px\" \/><\/a><\/figure><\/li><li class=\"blocks-gallery-item\"><figure><a href=\"https:\/\/feuerwehr-rehau.de\/wp-content\/uploads\/2020\/07\/Feuerwehr-Spatenstich-37.jpg\"><img decoding=\"async\" width=\"1800\" height=\"1200\" src=\"https:\/\/feuerwehr-rehau.de\/wp-content\/uploads\/2020\/07\/Feuerwehr-Spatenstich-37.jpg\" alt=\"\" data-id=\"3540\" data-link=\"https:\/\/feuerwehr-rehau.de\/?attachment_id=3540\" class=\"wp-image-3540\" srcset=\"https:\/\/feuerwehr-rehau.de\/wp-content\/uploads\/2020\/07\/Feuerwehr-Spatenstich-37.jpg 1800w, https:\/\/feuerwehr-rehau.de\/wp-content\/uploads\/2020\/07\/Feuerwehr-Spatenstich-37-1600x1067.jpg 1600w, https:\/\/feuerwehr-rehau.de\/wp-content\/uploads\/2020\/07\/Feuerwehr-Spatenstich-37-1536x1024.jpg 1536w\" sizes=\"(max-width: 1800px) 100vw, 1800px\" \/><\/a><\/figure><\/li><li class=\"blocks-gallery-item\"><figure><a href=\"https:\/\/feuerwehr-rehau.de\/wp-content\/uploads\/2020\/07\/IMG_5734.jpg\"><img decoding=\"async\" width=\"1600\" height=\"1200\" src=\"https:\/\/feuerwehr-rehau.de\/wp-content\/uploads\/2020\/07\/IMG_5734.jpg\" alt=\"\" data-id=\"3541\" data-link=\"https:\/\/feuerwehr-rehau.de\/?attachment_id=3541\" class=\"wp-image-3541\" srcset=\"https:\/\/feuerwehr-rehau.de\/wp-content\/uploads\/2020\/07\/IMG_5734.jpg 1600w, https:\/\/feuerwehr-rehau.de\/wp-content\/uploads\/2020\/07\/IMG_5734-1536x1152.jpg 1536w\" sizes=\"(max-width: 1600px) 100vw, 1600px\" \/><\/a><\/figure><\/li><li class=\"blocks-gallery-item\"><figure><a href=\"https:\/\/feuerwehr-rehau.de\/wp-content\/uploads\/2020\/07\/IMG_5762.jpg\"><img decoding=\"async\" width=\"1600\" height=\"1200\" src=\"https:\/\/feuerwehr-rehau.de\/wp-content\/uploads\/2020\/07\/IMG_5762.jpg\" alt=\"\" data-id=\"3542\" data-link=\"https:\/\/feuerwehr-rehau.de\/?attachment_id=3542\" class=\"wp-image-3542\" srcset=\"https:\/\/feuerwehr-rehau.de\/wp-content\/uploads\/2020\/07\/IMG_5762.jpg 1600w, https:\/\/feuerwehr-rehau.de\/wp-content\/uploads\/2020\/07\/IMG_5762-1536x1152.jpg 1536w\" sizes=\"(max-width: 1600px) 100vw, 1600px\" \/><\/a><\/figure><\/li><li class=\"blocks-gallery-item\"><figure><a href=\"https:\/\/feuerwehr-rehau.de\/wp-content\/uploads\/2020\/07\/IMG_5765.jpg\"><img decoding=\"async\" width=\"1600\" height=\"1200\" src=\"https:\/\/feuerwehr-rehau.de\/wp-content\/uploads\/2020\/07\/IMG_5765.jpg\" alt=\"\" data-id=\"3543\" data-full-url=\"https:\/\/feuerwehr-rehau.de\/wp-content\/uploads\/2020\/07\/IMG_5765.jpg\" data-link=\"https:\/\/feuerwehr-rehau.de\/?attachment_id=3543\" class=\"wp-image-3543\" srcset=\"https:\/\/feuerwehr-rehau.de\/wp-content\/uploads\/2020\/07\/IMG_5765.jpg 1600w, https:\/\/feuerwehr-rehau.de\/wp-content\/uploads\/2020\/07\/IMG_5765-1536x1152.jpg 1536w\" sizes=\"(max-width: 1600px) 100vw, 1600px\" \/><\/a><\/figure><\/li><\/ul><\/figure>\n<\/div><\/div>\n","protected":false},"excerpt":{"rendered":"<p>Das gr\u00f6\u00dfte Hochbauprojekt der Stadt Rehau, das im Jahr 2019 begonnen wird, ist der Neubau des Feuerwehrger\u00e4tehauses. Hierzu fand vor Kurzem der offizielle Spatenstich statt, zu dem B\u00fcrgermeister Michael Abraham zahlreiche G\u00e4ste begr\u00fc\u00dfen konnte. Allen voran hie\u00df er den Stadtrat mit 2. B\u00fcrgermeister Werner Bucher an der Spitze, die Freiwillige Feuerwehr mit den Kommandanten Manuel [&hellip;]<\/p>\n","protected":false},"author":72,"featured_media":0,"parent":3260,"menu_order":4,"comment_status":"closed","ping_status":"closed","template":"","meta":{"footnotes":""},"class_list":["post-3532","page","type-page","status-publish","czr-hentry"],"_links":{"self":[{"href":"https:\/\/feuerwehr-rehau.de\/index.php?rest_route=\/wp\/v2\/pages\/3532","targetHints":{"allow":["GET"]}}],"collection":[{"href":"https:\/\/feuerwehr-rehau.de\/index.php?rest_route=\/wp\/v2\/pages"}],"about":[{"href":"https:\/\/feuerwehr-rehau.de\/index.php?rest_route=\/wp\/v2\/types\/page"}],"author":[{"embeddable":true,"href":"https:\/\/feuerwehr-rehau.de\/index.php?rest_route=\/wp\/v2\/users\/72"}],"replies":[{"embeddable":true,"href":"https:\/\/feuerwehr-rehau.de\/index.php?rest_route=%2Fwp%2Fv2%2Fcomments&post=3532"}],"version-history":[{"count":1,"href":"https:\/\/feuerwehr-rehau.de\/index.php?rest_route=\/wp\/v2\/pages\/3532\/revisions"}],"predecessor-version":[{"id":3545,"href":"https:\/\/feuerwehr-rehau.de\/index.php?rest_route=\/wp\/v2\/pages\/3532\/revisions\/3545"}],"up":[{"embeddable":true,"href":"https:\/\/feuerwehr-rehau.de\/index.php?rest_route=\/wp\/v2\/pages\/3260"}],"wp:attachment":[{"href":"https:\/\/feuerwehr-rehau.de\/index.php?rest_route=%2Fwp%2Fv2%2Fmedia&parent=3532"}],"curies":[{"name":"wp","href":"https:\/\/api.w.org\/{rel}","templated":true}]}}