{"id":4123,"date":"2021-01-29T17:45:32","date_gmt":"2021-01-29T16:45:32","guid":{"rendered":"https:\/\/feuerwehr-rehau.de\/?page_id=4123"},"modified":"2025-03-27T18:42:09","modified_gmt":"2025-03-27T20:42:09","slug":"downloads","status":"publish","type":"page","link":"https:\/\/feuerwehr-rehau.de\/?page_id=4123","title":{"rendered":"Downloads"},"content":{"rendered":"<p><a href=\"https:\/\/feuerwehr-rehau.de\/?sdm_downloads=beitrittserklaerung-jugend-feuerwehr-rehau\">Beitrittserkl\u00e4rung (Jugend) Feuerwehr Rehau<\/a><\/p>\n<hr \/>\n<p><a href=\"https:\/\/feuerwehr-rehau.de\/?sdm_downloads=beitrittserklaerung-aktiv-feuerwehr-rehau\">Beitrittserkl\u00e4rung (aktiv) Feuerwehr Rehau<\/a><\/p>\n<hr \/>\n<p><a href=\"https:\/\/feuerwehr-rehau.de\/?sdm_downloads=beitrittserklaerung-foerdernd\">Beitrittserkl\u00e4rung F\u00f6rdernd<\/a><\/p>\n\n\n<p><\/p>\n","protected":false},"excerpt":{"rendered":"<p>Beitrittserkl\u00e4rung (Jugend) Feuerwehr Rehau Beitrittserkl\u00e4rung (aktiv) Feuerwehr Rehau Beitrittserkl\u00e4rung F\u00f6rdernd<\/p>\n","protected":false},"author":72,"featured_media":0,"parent":69,"menu_order":0,"comment_status":"closed","ping_status":"closed","template":"","meta":{"footnotes":""},"class_list":["post-4123","page","type-page","status-publish","czr-hentry"],"_links":{"self":[{"href":"https:\/\/feuerwehr-rehau.de\/index.php?rest_route=\/wp\/v2\/pages\/4123","targetHints":{"allow":["GET"]}}],"collection":[{"href":"https:\/\/feuerwehr-rehau.de\/index.php?rest_route=\/wp\/v2\/pages"}],"about":[{"href":"https:\/\/feuerwehr-rehau.de\/index.php?rest_route=\/wp\/v2\/types\/page"}],"author":[{"embeddable":true,"href":"https:\/\/feuerwehr-rehau.de\/index.php?rest_route=\/wp\/v2\/users\/72"}],"replies":[{"embeddable":true,"href":"https:\/\/feuerwehr-rehau.de\/index.php?rest_route=%2Fwp%2Fv2%2Fcomments&post=4123"}],"version-history":[{"count":16,"href":"https:\/\/feuerwehr-rehau.de\/index.php?rest_route=\/wp\/v2\/pages\/4123\/revisions"}],"predecessor-version":[{"id":8049,"href":"https:\/\/feuerwehr-rehau.de\/index.php?rest_route=\/wp\/v2\/pages\/4123\/revisions\/8049"}],"up":[{"embeddable":true,"href":"https:\/\/feuerwehr-rehau.de\/index.php?rest_route=\/wp\/v2\/pages\/69"}],"wp:attachment":[{"href":"https:\/\/feuerwehr-rehau.de\/index.php?rest_route=%2Fwp%2Fv2%2Fmedia&parent=4123"}],"curies":[{"name":"wp","href":"https:\/\/api.w.org\/{rel}","templated":true}]}}