{"id":441,"date":"2016-03-30T21:48:35","date_gmt":"2016-03-30T19:48:35","guid":{"rendered":"http:\/\/ffw-rehau.net\/wordpress\/?page_id=441"},"modified":"2021-01-29T17:49:32","modified_gmt":"2021-01-29T16:49:32","slug":"gaestebuch","status":"publish","type":"page","link":"https:\/\/feuerwehr-rehau.de\/?page_id=441","title":{"rendered":"G\u00e4stebuch"},"content":{"rendered":"<p style=\"text-align: center;\"><div class=\"gwolle-gb\"><div class=\"gwolle_gb_messages_top_container gwolle-gb-messages-top-container\"><\/div>\n\t\t\t<div class=\"gwolle-gb-write-button\">\n\t\t\t\t<input type=\"button\" name=\"gwolle-gb-write-button\" class=\"button btn btn-default \" value=\"Neuen Eintrag schreiben\" aria-expanded=\"false\" \/>\n\t\t\t<\/div>\n\t\t\t<form action=\"#\" method=\"POST\" class=\"gwolle-gb-write gwolle-gb-hide gwolle-gb-float gwolle_gb_form_ajax gwolle-gb-form-ajax gwolle-gb-ajax gwolle-gb-not-logged-in\">\n\t\t\t\t<h3>Einen neuen Eintrag f\u00fcr das G\u00e4stebuch schreiben<\/h3>\n\t\t\t\t<button type=\"button\" class=\"gb-notice-dismiss\">x<span class=\"screen-reader-text\">Dieses Formular ausblenden<\/span><\/button>\n\t\t\t\n\t\t\t\t<input type=\"hidden\" name=\"gwolle_gb_function\" class=\"gwolle_gb_function\" value=\"add_entry\" \/><input type=\"hidden\" name=\"gwolle_gb_book_id\" class=\"gwolle_gb_book_id\" value=\"1\" \/><div class=\"gwolle_gb_50a129d7e13e5c39c8edf20d4812bd86\">\n\t\t\t\t<div class=\"label\"><label for=\"gwolle_gb_50a129d7e13e5c39c8edf20d4812bd86-1\" class=\"text-info\">Name <span class=\"required\">*<\/span><\/label><\/div>\n\t\t\t\t<div class=\"input\"><input class=\"wp-exclude-emoji gwolle_gb_50a129d7e13e5c39c8edf20d4812bd86\" value=\"\" type=\"text\" id=\"gwolle_gb_50a129d7e13e5c39c8edf20d4812bd86-1\" name=\"gwolle_gb_50a129d7e13e5c39c8edf20d4812bd86\" required \/><\/div>\n\t\t\t\t<div class=\"clearBoth\">&nbsp;<\/div>\n\t\t\t<\/div><div class=\"gwolle_gb_96771258090c309f24ccd71f46b892f1\">\n\t\t\t\t\t<div class=\"label\"><label for=\"gwolle_gb_96771258090c309f24ccd71f46b892f1-1\" class=\"text-info\">Stadt<\/label><\/div>\n\t\t\t\t\t<div class=\"input\"><input class=\"wp-exclude-emoji gwolle_gb_96771258090c309f24ccd71f46b892f1\" value=\"\" type=\"text\" id=\"gwolle_gb_96771258090c309f24ccd71f46b892f1-1\" name=\"gwolle_gb_96771258090c309f24ccd71f46b892f1\" \/><\/div>\n\t\t\t\t\t<div class=\"clearBoth\">&nbsp;<\/div>\n\t\t\t\t<\/div><div class=\"gwolle_gb_31b2af3c45bd025fd79e600d358dbae6\">\n\t\t\t\t<div class=\"label\"><label for=\"gwolle_gb_31b2af3c45bd025fd79e600d358dbae6-1\" class=\"text-info\">E-Mail <span class=\"required\">*<\/span><\/label><\/div>\n\t\t\t\t<div class=\"input\"><input class=\"gwolle_gb_31b2af3c45bd025fd79e600d358dbae6\" value=\"\" type=\"email\" id=\"gwolle_gb_31b2af3c45bd025fd79e600d358dbae6-1\" name=\"gwolle_gb_31b2af3c45bd025fd79e600d358dbae6\" required \/><\/div>\n\t\t\t\t<div class=\"clearBoth\">&nbsp;<\/div>\n\t\t\t<\/div><div class=\"gwolle_gb_f071e115cac822e5357d478ea5cf46e8\">\n\t\t\t\t<div class=\"label\"><label for=\"gwolle_gb_f071e115cac822e5357d478ea5cf46e8-1\" class=\"text-info\">Website<\/label><\/div>\n\t\t\t\t<div class=\"input\"><input class=\"gwolle_gb_f071e115cac822e5357d478ea5cf46e8\" value=\"\" type=\"url\" id=\"gwolle_gb_f071e115cac822e5357d478ea5cf46e8-1\" name=\"gwolle_gb_f071e115cac822e5357d478ea5cf46e8\" \/><\/div>\n\t\t\t\t<div class=\"clearBoth\">&nbsp;<\/div>\n\t\t\t<\/div>\n\t\t\t<div class=\"gwolle_gb_b57f9a7f9a22bcbecc39e2c8b7a15ac9\" style=\"display:none;overflow:hidden;\" hidden=\"true\" aria-hidden=\"true\">\n\t\t\t\t<div class=\"label\">\n\t\t\t\t\t<label for=\"gwolle_gb_b57f9a7f9a22bcbecc39e2c8b7a15ac9-1\" class=\"text-primary\">Hier nichts eingeben<\/label>\n\t\t\t\t\t<label for=\"gwolle_gb_3e32561c9a430d58651d4c0fafbbe6bc-1\" class=\"text-primary\">Hier nichts eingeben<\/label>\n\t\t\t\t<\/div>\n\t\t\t\t<div class=\"input\">\n\t\t\t\t\t<input value=\"66\" type=\"text\" id=\"gwolle_gb_b57f9a7f9a22bcbecc39e2c8b7a15ac9-1\" name=\"gwolle_gb_b57f9a7f9a22bcbecc39e2c8b7a15ac9\" class=\"gwolle_gb_b57f9a7f9a22bcbecc39e2c8b7a15ac9\" style=\"transform: translateY(10000px);\" \/>\n\t\t\t\t\t<input value=\"\" type=\"text\" name=\"gwolle_gb_3e32561c9a430d58651d4c0fafbbe6bc\" id=\"gwolle_gb_3e32561c9a430d58651d4c0fafbbe6bc-1\" class=\"gwolle_gb_3e32561c9a430d58651d4c0fafbbe6bc\" style=\"transform: translateY(10000px);\" \/>\n\t\t\t\t<\/div>\n\t\t\t\t<div class=\"clearBoth\"><\/div>\n\t\t\t<\/div>\n\t\t\t<div class=\"gwolle_gb_aa71acee928fe16cd9e1e477e31e3bc8\" style=\"display:none;overflow:hidden;\" hidden=\"true\" aria-hidden=\"true\">\n\t\t\t\t<div class=\"label\">\n\t\t\t\t\t<label for=\"gwolle_gb_aa71acee928fe16cd9e1e477e31e3bc8-1\" class=\"text-primary\">Hier nichts eingeben<\/label>\n\t\t\t\t\t<label for=\"gwolle_gb_da205c275fc8a03beb9bc15ebdf90d34-1\" class=\"text-primary\">Hier nichts eingeben<\/label>\n\t\t\t\t<\/div>\n\t\t\t\t<div class=\"input\">\n\t\t\t\t\t<input value=\"15492\" type=\"text\" id=\"gwolle_gb_aa71acee928fe16cd9e1e477e31e3bc8-1\" name=\"gwolle_gb_aa71acee928fe16cd9e1e477e31e3bc8\" class=\"gwolle_gb_aa71acee928fe16cd9e1e477e31e3bc8\" style=\"transform: translateY(10000px);\" \/>\n\t\t\t\t\t<input value=\"15492\" type=\"text\"id=\"gwolle_gb_da205c275fc8a03beb9bc15ebdf90d34-1\" name=\"gwolle_gb_da205c275fc8a03beb9bc15ebdf90d34\" class=\"gwolle_gb_da205c275fc8a03beb9bc15ebdf90d34\" style=\"transform: translateY(10000px);\" \/>\n\t\t\t\t<\/div>\n\t\t\t\t<div class=\"clearBoth\"><\/div>\n\t\t\t<\/div><div class=\"gwolle_gb_content\">\n\t\t\t\t<div class=\"label\"><label for=\"gwolle_gb_content-1\" class=\"text-info\">G\u00e4stebucheintrag <span class=\"required\">*<\/span><\/label><\/div>\n\t\t\t\t<div class=\"input\"><textarea id=\"gwolle_gb_content-1\" name=\"gwolle_gb_content\" class=\"gwolle_gb_content wp-exclude-emoji\" required ><\/textarea><\/div>\n\t\t\t\t\t<div class=\"clearBoth\">&nbsp;<\/div>\n\t\t\t\t<\/div><input type=\"hidden\" class=\"gwolle_gb_81d7fb3a3522a96a4034829908e85e59\" id=\"gwolle_gb_81d7fb3a3522a96a4034829908e85e59-1\" name=\"gwolle_gb_81d7fb3a3522a96a4034829908e85e59\" value=\"c09ac540ae\" \/>\n\t\t\t<div class=\"gwolle_gb_messages_bottom_container gwolle-gb-messages-bottom-container\"><\/div>\n\n\t\t\t<noscript><div class=\"no-js\">Warnung: Dieses Formular kann nur verwendet werden, wenn in deinem Browser JavaScript aktiviert ist.<\/div><\/noscript>\n\n\t\t\t<div class=\"gwolle_gb_submit\">\n\t\t\t\t<div class=\"label gwolle-gb-invisible text-muted\">&nbsp;<\/div>\n\t\t\t\t<div class=\"input\">\n\t\t\t\t\t<input type=\"submit\" name=\"gwolle_gb_submit\" class=\"gwolle_gb_submit button btn btn-primary \" value=\"Absenden\" \/>\n\t\t\t\t\t<span class=\"gwolle_gb_submit_ajax_icon\"><\/span>\n\t\t\t\n\t\t\t\t<\/div>\n\t\t\t\t<div class=\"clearBoth\">&nbsp;<\/div>\n\t\t\t<\/div>\n\n\t\t\t<div class=\"gwolle_gb_notice\">\n\t\t\t\tMit * gekennzeichnete Felder sind Pflichtfelder.<br \/>\r\nDie E-Mail-Adresse wird nicht ver\u00f6ffentlicht.<br \/>\r\nAus Sicherheitsgr\u00fcnden speichern wir die IP-Adresse 216.73.216.49.<br \/>\r\nEs k\u00f6nnte sein, dass der Eintrag im G\u00e4stebuch erst sichtbar ist, nachdem wir ihn gepr\u00fcft haben.<br \/>\r\nWir behalten uns das Recht vor, Eintr\u00e4ge zu bearbeiten, zu l\u00f6schen oder Eintr\u00e4ge nicht zu ver\u00f6ffentlichen.\n\t\t\t<\/div><\/form><div class=\"gwolle-gb-read gwolle-gb-ajax gwolle-gb-entries-list\" data-book_id=\"1\" data-page_id=\"1\">\n\t\t<div id=\"gwolle-gb-total\" class=\"gwolle-gb-total\">9 Eintr\u00e4ge<\/div><!-- Gwolle-GB Entry: Default Template Loaded -->\n\t\t\t\t<div class=\"gb-entry gb-entry_83 gb-entry-count_1 gwolle_gb_uneven gwolle-gb-uneven gwolle-gb-first\" id=\"gb-entry_83\" data-entry_id=\"83\">\n\t\t\t\t<article>\n\t\t\t\t\t<div class=\"gb-author-info\">\n\t\t\t\t\t\t<span class=\"gb-author-avatar\"><img referrerpolicy=\"no-referrer\" alt='Leon Schmidtke' src='https:\/\/secure.gravatar.com\/avatar\/9de2a31d18fb40cbf0844c6a1b5cfca041422646abf7f761e7d743494ac66b3c?s=32&#038;d=mm&#038;r=g' srcset='https:\/\/secure.gravatar.com\/avatar\/9de2a31d18fb40cbf0844c6a1b5cfca041422646abf7f761e7d743494ac66b3c?s=64&#038;d=mm&#038;r=g 2x' class='avatar avatar-32 photo' height='32' width='32' \/><\/span>\n\t\t\t\t\t\t<span class=\"gb-author-name\"><a href=\"https:\/\/pixabay.com\/users\/45005352\/\" target=\"_blank\" rel=\"nofollow noopener noreferrer\"\n\t\t\t\t\t\t\ttitle=\"Besuche die Website von Leon Schmidtke: https:\/\/pixabay.com\/users\/45005352\/\">Leon Schmidtke<\/a>\n\t\t\t\t\t\t<\/span>\n\t\t\t\t\t\t<span class=\"gb-author-origin\">\n\t\t\t\t\t\t\t<span class=\"gb-author-origin-from-text\"> aus<\/span>\n\t\t\t\t\t\t\t<span class=\"gb-author-origin-text\"> BZ Venlo<\/span>\n\t\t\t\t\t\t<\/span>\n\t\t\t\t\t\t<span class=\"gb-datetime\">\n\t\t\t\t\t\t\t<span class=\"gb-date\"><span class=\"gb-date-wrote-text\"> schrieb am<\/span><span class=\"gb-date-text\"> 19. Juli 2024<\/span>\n\t\t\t\t\t\t\t<\/span><span class=\"gb-time\">\n\t\t\t\t\t\t\t\t\t<span class=\"gb-time-at-text\"> um<\/span>\n\t\t\t\t\t\t\t\t\t<span class=\"gb-time-text\"> 5:11<\/span>\n\t\t\t\t\t\t\t\t<\/span>\n\t\t\t\t\t\t<\/span> \n\t\t\t\t\t<\/div>\n\t\t\t\t\t<div class=\"gb-entry-content\">Richtig klasse. Macht bitte weiter so !\n\t\t\t\t\t<\/div>\n\t\t\t\t<\/article>\n\t\t\t<\/div>\n\t\t\t<div class=\"gb-entry gb-entry_76 gb-entry-count_2 gwolle_gb_even gwolle-gb-even\" id=\"gb-entry_76\" data-entry_id=\"76\">\n\t\t\t\t<article>\n\t\t\t\t\t<div class=\"gb-author-info\">\n\t\t\t\t\t\t<span class=\"gb-author-avatar\"><img referrerpolicy=\"no-referrer\" alt='albi' src='https:\/\/secure.gravatar.com\/avatar\/b6e4eb08594c53be3abbdb7aa817056cc42d1f91cbe737ce2becd83f8046a644?s=32&#038;d=mm&#038;r=g' srcset='https:\/\/secure.gravatar.com\/avatar\/b6e4eb08594c53be3abbdb7aa817056cc42d1f91cbe737ce2becd83f8046a644?s=64&#038;d=mm&#038;r=g 2x' class='avatar avatar-32 photo' height='32' width='32' \/><\/span>\n\t\t\t\t\t\t<span class=\"gb-author-name\">albi\n\t\t\t\t\t\t<\/span>\n\t\t\t\t\t\t<span class=\"gb-datetime\">\n\t\t\t\t\t\t\t<span class=\"gb-date\"><span class=\"gb-date-wrote-text\"> schrieb am<\/span><span class=\"gb-date-text\"> 16. April 2023<\/span>\n\t\t\t\t\t\t\t<\/span><span class=\"gb-time\">\n\t\t\t\t\t\t\t\t\t<span class=\"gb-time-at-text\"> um<\/span>\n\t\t\t\t\t\t\t\t\t<span class=\"gb-time-text\"> 19:03<\/span>\n\t\t\t\t\t\t\t\t<\/span>\n\t\t\t\t\t\t<\/span> \n\t\t\t\t\t<\/div>\n\t\t\t\t\t<div class=\"gb-entry-content\">Die Feuerwehr ist ein wichtiger Teil unserer Gesellschaft und verdient Anerkennung f\u00fcr ihre unerm\u00fcdliche Arbeit, um Leben und Eigentum zu sch\u00fctzen. Danke f\u00fcr eure Tapferkeit und Opferbereitschaft!\n\t\t\t\t\t<\/div>\n\t\t\t\t<\/article>\n\t\t\t<\/div>\n\t\t\t<div class=\"gb-entry gb-entry_32 gb-entry-count_3 gwolle_gb_uneven gwolle-gb-uneven\" id=\"gb-entry_32\" data-entry_id=\"32\">\n\t\t\t\t<article>\n\t\t\t\t\t<div class=\"gb-author-info\">\n\t\t\t\t\t\t<span class=\"gb-author-avatar\"><img referrerpolicy=\"no-referrer\" alt='Jens Schr\u00f6der' src='https:\/\/secure.gravatar.com\/avatar\/404af70aa8b0c5f0715112202e443c628e4ad00c690fe4418f3b13154ec45e2c?s=32&#038;d=mm&#038;r=g' srcset='https:\/\/secure.gravatar.com\/avatar\/404af70aa8b0c5f0715112202e443c628e4ad00c690fe4418f3b13154ec45e2c?s=64&#038;d=mm&#038;r=g 2x' class='avatar avatar-32 photo' height='32' width='32' \/><\/span>\n\t\t\t\t\t\t<span class=\"gb-author-name\"><a href=\"https:\/\/ebt-aluminiumbau.de\/carport-montage\/\" target=\"_blank\" rel=\"nofollow noopener noreferrer\"\n\t\t\t\t\t\t\ttitle=\"Besuche die Website von Jens Schr\u00f6der: https:\/\/ebt-aluminiumbau.de\/carport-montage\/\">Jens Schr\u00f6der<\/a>\n\t\t\t\t\t\t<\/span>\n\t\t\t\t\t\t<span class=\"gb-author-origin\">\n\t\t\t\t\t\t\t<span class=\"gb-author-origin-from-text\"> aus<\/span>\n\t\t\t\t\t\t\t<span class=\"gb-author-origin-text\"> Bamberg<\/span>\n\t\t\t\t\t\t<\/span>\n\t\t\t\t\t\t<span class=\"gb-datetime\">\n\t\t\t\t\t\t\t<span class=\"gb-date\"><span class=\"gb-date-wrote-text\"> schrieb am<\/span><span class=\"gb-date-text\"> 10. April 2020<\/span>\n\t\t\t\t\t\t\t<\/span><span class=\"gb-time\">\n\t\t\t\t\t\t\t\t\t<span class=\"gb-time-at-text\"> um<\/span>\n\t\t\t\t\t\t\t\t\t<span class=\"gb-time-text\"> 21:59<\/span>\n\t\t\t\t\t\t\t\t<\/span>\n\t\t\t\t\t\t<\/span> \n\t\t\t\t\t<\/div>\n\t\t\t\t\t<div class=\"gb-entry-content\">Ihr seit die beste und h\u00e4rteste Feuerwehr die ich kenne und ihr hab eine absolute sch\u00f6ne Webseite pflegt sie gut gr\u00fc\u00df Jens\n\t\t\t\t\t<\/div>\n\t\t\t\t<\/article>\n\t\t\t<\/div>\n\t\t\t<div class=\"gb-entry gb-entry_30 gb-entry-count_4 gwolle_gb_even gwolle-gb-even\" id=\"gb-entry_30\" data-entry_id=\"30\">\n\t\t\t\t<article>\n\t\t\t\t\t<div class=\"gb-author-info\">\n\t\t\t\t\t\t<span class=\"gb-author-avatar\"><img referrerpolicy=\"no-referrer\" alt='Horst Voigt' src='https:\/\/secure.gravatar.com\/avatar\/f63a4f2fe9fec60c3fac007b4bf94a2fb52915c950820c06ff76a056885c0cff?s=32&#038;d=mm&#038;r=g' srcset='https:\/\/secure.gravatar.com\/avatar\/f63a4f2fe9fec60c3fac007b4bf94a2fb52915c950820c06ff76a056885c0cff?s=64&#038;d=mm&#038;r=g 2x' class='avatar avatar-32 photo' height='32' width='32' \/><\/span>\n\t\t\t\t\t\t<span class=\"gb-author-name\"><a href=\"http:\/\/www.ff-markneukirchen.de\" target=\"_blank\" rel=\"nofollow noopener noreferrer\"\n\t\t\t\t\t\t\ttitle=\"Besuche die Website von Horst Voigt: http:\/\/www.ff-markneukirchen.de\">Horst Voigt<\/a>\n\t\t\t\t\t\t<\/span>\n\t\t\t\t\t\t<span class=\"gb-author-origin\">\n\t\t\t\t\t\t\t<span class=\"gb-author-origin-from-text\"> aus<\/span>\n\t\t\t\t\t\t\t<span class=\"gb-author-origin-text\"> Markneukirchen<\/span>\n\t\t\t\t\t\t<\/span>\n\t\t\t\t\t\t<span class=\"gb-datetime\">\n\t\t\t\t\t\t\t<span class=\"gb-date\"><span class=\"gb-date-wrote-text\"> schrieb am<\/span><span class=\"gb-date-text\"> 2. Januar 2019<\/span>\n\t\t\t\t\t\t\t<\/span><span class=\"gb-time\">\n\t\t\t\t\t\t\t\t\t<span class=\"gb-time-at-text\"> um<\/span>\n\t\t\t\t\t\t\t\t\t<span class=\"gb-time-text\"> 18:42<\/span>\n\t\t\t\t\t\t\t\t<\/span>\n\t\t\t\t\t\t<\/span> \n\t\t\t\t\t<\/div>\n\t\t\t\t\t<div class=\"gb-entry-content\">Liebe Rehauer Feuerwehrkameradinnen und Kameraden,<br \/>\nich w\u00fcnsche Euch f\u00fcr 2019 alles erdenklich Gute viel Gesundheit und immer eine gute Heimkehr von Eins\u00e4tzen. <br \/>\nIch hoffe auf ein Wiedersehen in 2019 - bis dahin servus und viele Gr\u00fc\u00dfe aus Markneukirchen.<br \/>\nHorst Voigt\n\t\t\t\t\t<\/div>\n\t\t\t\t<\/article>\n\t\t\t<\/div>\n\t\t\t<div class=\"gb-entry gb-entry_29 gb-entry-count_5 gwolle_gb_uneven gwolle-gb-uneven\" id=\"gb-entry_29\" data-entry_id=\"29\">\n\t\t\t\t<article>\n\t\t\t\t\t<div class=\"gb-author-info\">\n\t\t\t\t\t\t<span class=\"gb-author-avatar\"><img referrerpolicy=\"no-referrer\" alt='INTERSIGNAL WARNSYSTEME' src='https:\/\/secure.gravatar.com\/avatar\/2d68266289f01ea626ababacb34e14cc43565c4e8bf342b70b70853f993a00b4?s=32&#038;d=mm&#038;r=g' srcset='https:\/\/secure.gravatar.com\/avatar\/2d68266289f01ea626ababacb34e14cc43565c4e8bf342b70b70853f993a00b4?s=64&#038;d=mm&#038;r=g 2x' class='avatar avatar-32 photo' height='32' width='32' \/><\/span>\n\t\t\t\t\t\t<span class=\"gb-author-name\"><a href=\"http:\/\/www.intersignal.at\" target=\"_blank\" rel=\"nofollow noopener noreferrer\"\n\t\t\t\t\t\t\ttitle=\"Besuche die Website von INTERSIGNAL WARNSYSTEME: http:\/\/www.intersignal.at\">INTERSIGNAL WARNSYSTEME<\/a>\n\t\t\t\t\t\t<\/span>\n\t\t\t\t\t\t<span class=\"gb-datetime\">\n\t\t\t\t\t\t\t<span class=\"gb-date\"><span class=\"gb-date-wrote-text\"> schrieb am<\/span><span class=\"gb-date-text\"> 6. Dezember 2018<\/span>\n\t\t\t\t\t\t\t<\/span><span class=\"gb-time\">\n\t\t\t\t\t\t\t\t\t<span class=\"gb-time-at-text\"> um<\/span>\n\t\t\t\t\t\t\t\t\t<span class=\"gb-time-text\"> 18:43<\/span>\n\t\t\t\t\t\t\t\t<\/span>\n\t\t\t\t\t\t<\/span> \n\t\t\t\t\t<\/div>\n\t\t\t\t\t<div class=\"gb-entry-content\">Tolle Seite - Sch\u00f6ne Gr\u00fc\u00dfe w\u00fcnscht euch das INTERSIGNAL TEAM <br \/>\nwww.intersignal.at\n\t\t\t\t\t<\/div>\n\t\t\t\t<\/article>\n\t\t\t<\/div>\n\t\t\t<div class=\"gb-entry gb-entry_12 gb-entry-count_6 gwolle_gb_even gwolle-gb-even\" id=\"gb-entry_12\" data-entry_id=\"12\">\n\t\t\t\t<article>\n\t\t\t\t\t<div class=\"gb-author-info\">\n\t\t\t\t\t\t<span class=\"gb-author-avatar\"><img referrerpolicy=\"no-referrer\" alt='Michael' src='https:\/\/secure.gravatar.com\/avatar\/cc28f4f3360e604df8cbc9c0a78dfc078c7987f68378679657c10c91a8ebddcd?s=32&#038;d=mm&#038;r=g' srcset='https:\/\/secure.gravatar.com\/avatar\/cc28f4f3360e604df8cbc9c0a78dfc078c7987f68378679657c10c91a8ebddcd?s=64&#038;d=mm&#038;r=g 2x' class='avatar avatar-32 photo' height='32' width='32' \/><\/span>\n\t\t\t\t\t\t<span class=\"gb-author-name\">Michael\n\t\t\t\t\t\t<\/span>\n\t\t\t\t\t\t<span class=\"gb-datetime\">\n\t\t\t\t\t\t\t<span class=\"gb-date\"><span class=\"gb-date-wrote-text\"> schrieb am<\/span><span class=\"gb-date-text\"> 28. M\u00e4rz 2017<\/span>\n\t\t\t\t\t\t\t<\/span><span class=\"gb-time\">\n\t\t\t\t\t\t\t\t\t<span class=\"gb-time-at-text\"> um<\/span>\n\t\t\t\t\t\t\t\t\t<span class=\"gb-time-text\"> 22:24<\/span>\n\t\t\t\t\t\t\t\t<\/span>\n\t\t\t\t\t\t<\/span> \n\t\t\t\t\t<\/div>\n\t\t\t\t\t<div class=\"gb-entry-content\">Ein dickes Lob an alle eingesetzten Kr\u00e4fte zum heutigen Gefahrguteinsatz in Rehau. Es war ein sehr ruhiges, professionelles und gut koordiniertes Arbeiten, welches auch und vorallem dem sachlichen und wohl \u00fcberlegten Handeln des Einsatzleiters und seiner gesamten F\u00fchrungsmannschaft inkl. der Unterst\u00fctzungsgruppe zu verdanken war. Jeder Einzelne z\u00e4hlt und wurde heute sehr deutlich gelebt. Danke.\n\t\t\t\t\t<\/div>\n\t\t\t\t<\/article>\n\t\t\t<\/div>\n\t\t\t<div class=\"gb-entry gb-entry_10 gb-entry-count_7 gwolle_gb_uneven gwolle-gb-uneven\" id=\"gb-entry_10\" data-entry_id=\"10\">\n\t\t\t\t<article>\n\t\t\t\t\t<div class=\"gb-author-info\">\n\t\t\t\t\t\t<span class=\"gb-author-avatar\"><img referrerpolicy=\"no-referrer\" alt='Marius' src='https:\/\/secure.gravatar.com\/avatar\/30322155b7aedce96f8f10c82cee2cba1185230d6a2ae77828c5d4c08a2ee506?s=32&#038;d=mm&#038;r=g' srcset='https:\/\/secure.gravatar.com\/avatar\/30322155b7aedce96f8f10c82cee2cba1185230d6a2ae77828c5d4c08a2ee506?s=64&#038;d=mm&#038;r=g 2x' class='avatar avatar-32 photo' height='32' width='32' \/><\/span>\n\t\t\t\t\t\t<span class=\"gb-author-name\">Marius\n\t\t\t\t\t\t<\/span>\n\t\t\t\t\t\t<span class=\"gb-author-origin\">\n\t\t\t\t\t\t\t<span class=\"gb-author-origin-from-text\"> aus<\/span>\n\t\t\t\t\t\t\t<span class=\"gb-author-origin-text\"> b\u00f6blingen<\/span>\n\t\t\t\t\t\t<\/span>\n\t\t\t\t\t\t<span class=\"gb-datetime\">\n\t\t\t\t\t\t\t<span class=\"gb-date\"><span class=\"gb-date-wrote-text\"> schrieb am<\/span><span class=\"gb-date-text\"> 6. Januar 2017<\/span>\n\t\t\t\t\t\t\t<\/span><span class=\"gb-time\">\n\t\t\t\t\t\t\t\t\t<span class=\"gb-time-at-text\"> um<\/span>\n\t\t\t\t\t\t\t\t\t<span class=\"gb-time-text\"> 16:11<\/span>\n\t\t\t\t\t\t\t\t<\/span>\n\t\t\t\t\t\t<\/span> \n\t\t\t\t\t<\/div>\n\t\t\t\t\t<div class=\"gb-entry-content\">Hallo Feuerwehr Rehau,<br \/>\r\nSie haben echt eine super Seite und super Mitglieder!<br \/>\r\nEin junger Mann namens Alessandro Buchta ist ein freiwilliger Feuerwehrmann und ist sehr zuverl\u00e4ssig. Ich mag ihn echt super gerne und w\u00fcrde es bevorzugen wenn sie ihn lebensl\u00e4nglich als Feuerwehrmann einstellen w\u00fcrden. <br \/>\r\n<br \/>\r\nlg Marius\n\t\t\t\t\t<\/div>\n\t\t\t\t<\/article>\n\t\t\t<\/div>\n\t\t\t<div class=\"gb-entry gb-entry_6 gb-entry-count_8 gwolle_gb_even gwolle-gb-even\" id=\"gb-entry_6\" data-entry_id=\"6\">\n\t\t\t\t<article>\n\t\t\t\t\t<div class=\"gb-author-info\">\n\t\t\t\t\t\t<span class=\"gb-author-avatar\"><img referrerpolicy=\"no-referrer\" alt='Ute' src='https:\/\/secure.gravatar.com\/avatar\/bfbd47b8a08980624971520e0c4e8f543191adad0c79be2b0e50a3149afb5a09?s=32&#038;d=mm&#038;r=g' srcset='https:\/\/secure.gravatar.com\/avatar\/bfbd47b8a08980624971520e0c4e8f543191adad0c79be2b0e50a3149afb5a09?s=64&#038;d=mm&#038;r=g 2x' class='avatar avatar-32 photo' height='32' width='32' \/><\/span>\n\t\t\t\t\t\t<span class=\"gb-author-name\">Ute\n\t\t\t\t\t\t<\/span>\n\t\t\t\t\t\t<span class=\"gb-datetime\">\n\t\t\t\t\t\t\t<span class=\"gb-date\"><span class=\"gb-date-wrote-text\"> schrieb am<\/span><span class=\"gb-date-text\"> 15. April 2016<\/span>\n\t\t\t\t\t\t\t<\/span><span class=\"gb-time\">\n\t\t\t\t\t\t\t\t\t<span class=\"gb-time-at-text\"> um<\/span>\n\t\t\t\t\t\t\t\t\t<span class=\"gb-time-text\"> 14:08<\/span>\n\t\t\t\t\t\t\t\t<\/span>\n\t\t\t\t\t\t<\/span> \n\t\t\t\t\t<\/div>\n\t\t\t\t\t<div class=\"gb-entry-content\">Eure Seite ist richtig spitze geworden, kann sich wirklich sehen lassen. Gute Arbeit Webmaster und Team.\n\t\t\t\t\t<\/div>\n\t\t\t\t<\/article>\n\t\t\t<\/div>\n\t\t\t<div class=\"gb-entry gb-entry_5 gb-entry-count_9 gwolle_gb_uneven gwolle-gb-uneven\" id=\"gb-entry_5\" data-entry_id=\"5\">\n\t\t\t\t<article>\n\t\t\t\t\t<div class=\"gb-author-info\">\n\t\t\t\t\t\t<span class=\"gb-author-avatar\"><img referrerpolicy=\"no-referrer\" alt='Heike Bucher' src='https:\/\/secure.gravatar.com\/avatar\/42c10910d6837d8b57b440cc6bde6e7c205e9e2ca133181a619745cd2d3b8d1f?s=32&#038;d=mm&#038;r=g' srcset='https:\/\/secure.gravatar.com\/avatar\/42c10910d6837d8b57b440cc6bde6e7c205e9e2ca133181a619745cd2d3b8d1f?s=64&#038;d=mm&#038;r=g 2x' class='avatar avatar-32 photo' height='32' width='32' \/><\/span>\n\t\t\t\t\t\t<span class=\"gb-author-name\">Heike Bucher\n\t\t\t\t\t\t<\/span>\n\t\t\t\t\t\t<span class=\"gb-datetime\">\n\t\t\t\t\t\t\t<span class=\"gb-date\"><span class=\"gb-date-wrote-text\"> schrieb am<\/span><span class=\"gb-date-text\"> 8. April 2016<\/span>\n\t\t\t\t\t\t\t<\/span><span class=\"gb-time\">\n\t\t\t\t\t\t\t\t\t<span class=\"gb-time-at-text\"> um<\/span>\n\t\t\t\t\t\t\t\t\t<span class=\"gb-time-text\"> 13:51<\/span>\n\t\t\t\t\t\t\t\t<\/span>\n\t\t\t\t\t\t<\/span> \n\t\t\t\t\t<\/div>\n\t\t\t\t\t<div class=\"gb-entry-content\">R E S P EK T JUNGS!!!!!<br \/>\r\nSuper, \u00fcbersichtliche, moderne Seite habt ihr da auf die Beine gestellt!!!<br \/>\r\n<br \/>\r\nHERZLICHEN DANK F\u00dcR EURE M\u00dcHEN!!!!! und vor allem die Zeit, die ihr hierf\u00fcr investiert und auf Eure Freizeit verzichtet habt!!!<br \/>\r\n<br \/>\r\nDANKE!!!!!\n\t\t\t\t\t<\/div>\n\t\t\t\t<\/article>\n\t\t\t<\/div>\n\t\t\t<\/div><\/div><\/p>\n","protected":false},"excerpt":{"rendered":"","protected":false},"author":4,"featured_media":0,"parent":69,"menu_order":2,"comment_status":"closed","ping_status":"closed","template":"","meta":{"footnotes":""},"class_list":["post-441","page","type-page","status-publish","czr-hentry"],"_links":{"self":[{"href":"https:\/\/feuerwehr-rehau.de\/index.php?rest_route=\/wp\/v2\/pages\/441","targetHints":{"allow":["GET"]}}],"collection":[{"href":"https:\/\/feuerwehr-rehau.de\/index.php?rest_route=\/wp\/v2\/pages"}],"about":[{"href":"https:\/\/feuerwehr-rehau.de\/index.php?rest_route=\/wp\/v2\/types\/page"}],"author":[{"embeddable":true,"href":"https:\/\/feuerwehr-rehau.de\/index.php?rest_route=\/wp\/v2\/users\/4"}],"replies":[{"embeddable":true,"href":"https:\/\/feuerwehr-rehau.de\/index.php?rest_route=%2Fwp%2Fv2%2Fcomments&post=441"}],"version-history":[{"count":4,"href":"https:\/\/feuerwehr-rehau.de\/index.php?rest_route=\/wp\/v2\/pages\/441\/revisions"}],"predecessor-version":[{"id":446,"href":"https:\/\/feuerwehr-rehau.de\/index.php?rest_route=\/wp\/v2\/pages\/441\/revisions\/446"}],"up":[{"embeddable":true,"href":"https:\/\/feuerwehr-rehau.de\/index.php?rest_route=\/wp\/v2\/pages\/69"}],"wp:attachment":[{"href":"https:\/\/feuerwehr-rehau.de\/index.php?rest_route=%2Fwp%2Fv2%2Fmedia&parent=441"}],"curies":[{"name":"wp","href":"https:\/\/api.w.org\/{rel}","templated":true}]}}