{"id":7752,"date":"2024-12-24T10:00:00","date_gmt":"2024-12-24T09:00:00","guid":{"rendered":"https:\/\/feuerwehr-rehau.de\/?page_id=7752"},"modified":"2024-12-23T15:59:43","modified_gmt":"2024-12-23T14:59:43","slug":"3d-rundgang-durch-die-feuerwache","status":"publish","type":"page","link":"https:\/\/feuerwehr-rehau.de\/?page_id=7752","title":{"rendered":"3D-Rundgang durch die Feuerwache"},"content":{"rendered":"\n<p>Mit unserem virtuellen 3D-Rundgang m\u00f6chten wir Ihnen einen exklusiven Einblick in den Alltag und die Ausstattung unserer Feuerwehr geben. Tauchen Sie ein in die faszinierende Welt des Brandschutzes, der technischen Hilfeleistung und des Rettungsdienstes \u2013 bequem von \u00fcberall aus.<\/p>\n\n\n\n<p>Dieser Rundgang erm\u00f6glicht Ihnen, unsere moderne Feuerwache mit all ihren Bereichen kennenzulernen: von der Fahrzeughalle \u00fcber die Einsatzzentrale bis hin zu Schulungs- und Aufenthaltsr\u00e4umen. Sie erfahren, wie wir arbeiten, uns auf Eins\u00e4tze vorbereiten und welche Technik uns zur Verf\u00fcgung steht. Ganz gleich, ob Sie sich f\u00fcr unsere Arbeit interessieren, \u00fcberlegen, selbst Teil unseres Teams zu werden, oder einfach einen Blick hinter die Kulissen werfen m\u00f6chten \u2013 dieser Rundgang ist Ihre Gelegenheit dazu.<\/p>\n\n\n\n<p>Die Feuerwehr Rehau steht f\u00fcr Einsatzbereitschaft, Teamgeist und modernste Technik. Mit dem virtuellen Rundgang m\u00f6chten wir diese Werte erlebbar machen und Ihnen die Bedeutung unseres Engagements f\u00fcr die Sicherheit in der Region n\u00e4herbringen.<\/p>\n\n\n\n<p>Wir freuen uns, Sie auf dieser digitalen Reise durch unsere Feuerwache zu begleiten!<\/p>\n\n\n\n<p><strong>Virtuellen Rundgang starten:<\/strong><\/p>\n\n\n\n<figure class=\"wp-block-image size-full\"><a href=\"https:\/\/my.matterport.com\/show\/?m=GJQxZAmTibG\"><img decoding=\"async\" width=\"1771\" height=\"855\" src=\"https:\/\/feuerwehr-rehau.de\/wp-content\/uploads\/2024\/12\/image-2.png\" alt=\"\" class=\"wp-image-7757\" srcset=\"https:\/\/feuerwehr-rehau.de\/wp-content\/uploads\/2024\/12\/image-2.png 1771w, https:\/\/feuerwehr-rehau.de\/wp-content\/uploads\/2024\/12\/image-2-1600x772.png 1600w, https:\/\/feuerwehr-rehau.de\/wp-content\/uploads\/2024\/12\/image-2-1536x742.png 1536w\" sizes=\"(max-width: 1771px) 100vw, 1771px\" \/><\/a><\/figure>\n","protected":false},"excerpt":{"rendered":"<p>Mit unserem virtuellen 3D-Rundgang m\u00f6chten wir Ihnen einen exklusiven Einblick in den Alltag und die Ausstattung unserer Feuerwehr geben. Tauchen Sie ein in die faszinierende Welt des Brandschutzes, der technischen Hilfeleistung und des Rettungsdienstes \u2013 bequem von \u00fcberall aus. Dieser Rundgang erm\u00f6glicht Ihnen, unsere moderne Feuerwache mit all ihren Bereichen kennenzulernen: von der Fahrzeughalle \u00fcber [&hellip;]<\/p>\n","protected":false},"author":184,"featured_media":0,"parent":0,"menu_order":0,"comment_status":"closed","ping_status":"closed","template":"","meta":{"footnotes":""},"class_list":["post-7752","page","type-page","status-publish","czr-hentry"],"_links":{"self":[{"href":"https:\/\/feuerwehr-rehau.de\/index.php?rest_route=\/wp\/v2\/pages\/7752","targetHints":{"allow":["GET"]}}],"collection":[{"href":"https:\/\/feuerwehr-rehau.de\/index.php?rest_route=\/wp\/v2\/pages"}],"about":[{"href":"https:\/\/feuerwehr-rehau.de\/index.php?rest_route=\/wp\/v2\/types\/page"}],"author":[{"embeddable":true,"href":"https:\/\/feuerwehr-rehau.de\/index.php?rest_route=\/wp\/v2\/users\/184"}],"replies":[{"embeddable":true,"href":"https:\/\/feuerwehr-rehau.de\/index.php?rest_route=%2Fwp%2Fv2%2Fcomments&post=7752"}],"version-history":[{"count":6,"href":"https:\/\/feuerwehr-rehau.de\/index.php?rest_route=\/wp\/v2\/pages\/7752\/revisions"}],"predecessor-version":[{"id":7808,"href":"https:\/\/feuerwehr-rehau.de\/index.php?rest_route=\/wp\/v2\/pages\/7752\/revisions\/7808"}],"wp:attachment":[{"href":"https:\/\/feuerwehr-rehau.de\/index.php?rest_route=%2Fwp%2Fv2%2Fmedia&parent=7752"}],"curies":[{"name":"wp","href":"https:\/\/api.w.org\/{rel}","templated":true}]}}