{"id":8555,"date":"2025-07-01T23:01:00","date_gmt":"2025-07-01T21:01:00","guid":{"rendered":"https:\/\/feuerwehr-rehau.de\/?page_id=8555"},"modified":"2025-07-01T23:01:01","modified_gmt":"2025-07-01T21:01:01","slug":"3-4-stunden-uebung","status":"publish","type":"page","link":"https:\/\/feuerwehr-rehau.de\/?page_id=8555","title":{"rendered":"3. 4-Stunden \u00dcbung"},"content":{"rendered":"\n<p><strong>Neben dem Einsatzdienst geh\u00f6rt das \u00dcben seit jeher zum festen Bestandteil der Feuerwehrarbeit \u2013 damals wie heute.<\/strong><\/p>\n\n\n\n<p><br>Fr\u00fcher fanden in regelm\u00e4\u00dfigen Abst\u00e4nden sogenannte <em>\u201e4-Stunden-\u00dcbungen\u201c<\/em> statt \u2013 gr\u00f6\u00dfere Ausbildungsdienste, an denen die gesamte Wehr teilnahm. Solche Gesamt\u00fcbungen sind heute eher die Ausnahme.<\/p>\n\n\n\n<p>Der Wandel liegt unter anderem in der zunehmenden Spezialisierung innerhalb der Feuerwehr: Verschiedene Fachbereiche wie die Absturzsicherung, die Atemschutzgruppe, die Drohnengruppe oder die Dekontaminationsgruppe f\u00fchren regelm\u00e4\u00dfig eigene, gezielte \u00dcbungen durch. Jede dieser Gruppen fokussiert sich auf ihr spezielles Aufgabengebiet \u2013 und viele Feuerwehrleute sind gleich in mehreren Einheiten aktiv.<\/p>\n\n\n\n<p>Trotz dieser Aufteilung findet <strong>monatlich eine gemeinsame L\u00f6schzug\u00fcbung<\/strong> statt, bei der das Zusammenspiel aller Kr\u00e4fte im Vordergrund steht.<\/p>\n\n\n\n<p>Aus heutiger Sicht br\u00e4uchte man fast eine <em>\u201e8-Stunden-\u00dcbung\u201c<\/em>, um das gesamte K\u00f6nnen und Wissen der Wehr in einer einzigen Ausbildungseinheit vollst\u00e4ndig abzudecken.<\/p>\n\n\n\n<p><strong>4-Stunden \u00dcbung im Juli 1991<\/strong><\/p>\n\n\n\n<p style=\"font-style:italic;font-weight:400\"><strong>Schadenslage:<\/strong><\/p>\n\n\n\n<p style=\"font-family: 'Courier New', monospace;\">\n&#8222;Rehau, Zehstra\u00dfe am st\u00e4dt. Bauhof &#8211; VU mit 1 PKW, 1 Kleinbus, und 1 Tankfahrzeug, \nMehrere Personen eingeklemmt, auslaufendes Gefahrgut&#8220;\n<\/p>\n\n\n\n\n<p>Mit diesem Stichwort machten sich der Einsatzleitwagen, das Trockentankl\u00f6schfahrzeug, der Ger\u00e4tewagen und das LF8 mit \u00d6lschadensanh\u00e4nger auf den weg in Richtung Stadtbauhof<\/p>\n\n\n\n<figure class=\"wp-block-image size-large\"><a href=\"https:\/\/feuerwehr-rehau.de\/wp-content\/uploads\/2025\/07\/IMG_4581-scaled.jpeg\"><img decoding=\"async\" width=\"2500\" height=\"1825\" src=\"https:\/\/feuerwehr-rehau.de\/wp-content\/uploads\/2025\/07\/IMG_4581-2500x1825.jpeg\" alt=\"\" class=\"wp-image-8552\" style=\"aspect-ratio:4\/3;object-fit:cover\" srcset=\"https:\/\/feuerwehr-rehau.de\/wp-content\/uploads\/2025\/07\/IMG_4581-2500x1825.jpeg 2500w, https:\/\/feuerwehr-rehau.de\/wp-content\/uploads\/2025\/07\/IMG_4581-1600x1168.jpeg 1600w, https:\/\/feuerwehr-rehau.de\/wp-content\/uploads\/2025\/07\/IMG_4581-1536x1121.jpeg 1536w, https:\/\/feuerwehr-rehau.de\/wp-content\/uploads\/2025\/07\/IMG_4581-2048x1495.jpeg 2048w\" sizes=\"(max-width: 2500px) 100vw, 2500px\" \/><\/a><figcaption class=\"wp-element-caption\">Anfahrt des TroTlf <\/figcaption><\/figure>\n\n\n\n<p>Vor Ort angekommen, ergab sich folgendes Bild:<\/p>\n\n\n\n<figure class=\"wp-block-image size-large is-style-default\"><a href=\"https:\/\/feuerwehr-rehau.de\/wp-content\/uploads\/2025\/07\/IMG_4580-scaled.jpeg\"><img decoding=\"async\" width=\"2500\" height=\"1721\" src=\"https:\/\/feuerwehr-rehau.de\/wp-content\/uploads\/2025\/07\/IMG_4580-2500x1721.jpeg\" alt=\"\" class=\"wp-image-8551\" style=\"aspect-ratio:16\/9;object-fit:contain\" srcset=\"https:\/\/feuerwehr-rehau.de\/wp-content\/uploads\/2025\/07\/IMG_4580-2500x1721.jpeg 2500w, https:\/\/feuerwehr-rehau.de\/wp-content\/uploads\/2025\/07\/IMG_4580-1600x1102.jpeg 1600w, https:\/\/feuerwehr-rehau.de\/wp-content\/uploads\/2025\/07\/IMG_4580-1536x1058.jpeg 1536w, https:\/\/feuerwehr-rehau.de\/wp-content\/uploads\/2025\/07\/IMG_4580-2048x1410.jpeg 2048w\" sizes=\"(max-width: 2500px) 100vw, 2500px\" \/><\/a><figcaption class=\"wp-element-caption\">Vorgefundene Schadenslage im Bauhof<\/figcaption><\/figure>\n\n\n\n<p>Sofort wurde erkannt, in dem Verunfallten LKW wird Diesel transportiert, und dieser l\u00e4uft aus dem LKW. Au\u00dferdem wurde angenommen, das in dem PKW sowie dem Kleinbus mehrere Personen eingeklemmt sind.<\/p>\n\n\n\n<figure class=\"wp-block-image size-large\"><a href=\"https:\/\/feuerwehr-rehau.de\/wp-content\/uploads\/2025\/07\/IMG_4583-scaled.jpeg\"><img decoding=\"async\" width=\"2500\" height=\"1702\" src=\"https:\/\/feuerwehr-rehau.de\/wp-content\/uploads\/2025\/07\/IMG_4583-2500x1702.jpeg\" alt=\"\" class=\"wp-image-8554\" srcset=\"https:\/\/feuerwehr-rehau.de\/wp-content\/uploads\/2025\/07\/IMG_4583-2500x1702.jpeg 2500w, https:\/\/feuerwehr-rehau.de\/wp-content\/uploads\/2025\/07\/IMG_4583-1600x1089.jpeg 1600w, https:\/\/feuerwehr-rehau.de\/wp-content\/uploads\/2025\/07\/IMG_4583-1536x1046.jpeg 1536w, https:\/\/feuerwehr-rehau.de\/wp-content\/uploads\/2025\/07\/IMG_4583-2048x1394.jpeg 2048w\" sizes=\"(max-width: 2500px) 100vw, 2500px\" \/><\/a><figcaption class=\"wp-element-caption\">Auslaufender Gefahrstoff<\/figcaption><\/figure>\n\n\n\n<p>Im \u00dcbungsverlauf wurde die Regenrinne und Gullideckel abgedichtet, sodass der &#8222;Diesel&#8220; nicht in die Umwelt gelangt. Interessant anzumerken ist hier, dass in der heutigen Zeit daf\u00fcr spezielle Gullidichtkissen eingesetzt werden, die sich mit Druckluft ausdehnen lassen, damals wurde sich mit einem st\u00e4rkeren Gummibeh\u00e4lter, der mit Wasser bef\u00fcllt wurde, beholfen. Klappte aber auch<\/p>\n\n\n\n<figure class=\"wp-block-image size-large\"><a href=\"https:\/\/feuerwehr-rehau.de\/wp-content\/uploads\/2025\/07\/IMG_4584-scaled.jpeg\"><img decoding=\"async\" width=\"2500\" height=\"1744\" src=\"https:\/\/feuerwehr-rehau.de\/wp-content\/uploads\/2025\/07\/IMG_4584-2500x1744.jpeg\" alt=\"\" class=\"wp-image-8556\" srcset=\"https:\/\/feuerwehr-rehau.de\/wp-content\/uploads\/2025\/07\/IMG_4584-2500x1744.jpeg 2500w, https:\/\/feuerwehr-rehau.de\/wp-content\/uploads\/2025\/07\/IMG_4584-1600x1116.jpeg 1600w, https:\/\/feuerwehr-rehau.de\/wp-content\/uploads\/2025\/07\/IMG_4584-1536x1071.jpeg 1536w, https:\/\/feuerwehr-rehau.de\/wp-content\/uploads\/2025\/07\/IMG_4584-2048x1429.jpeg 2048w\" sizes=\"(max-width: 2500px) 100vw, 2500px\" \/><\/a><figcaption class=\"wp-element-caption\">Gulli Abdichten<\/figcaption><\/figure>\n\n\n\n<p>Parallel dazu wurden im ELW die notwendigen Gefahrgutunterlagen herausgesucht, um wichtige Informationen, wie zum Beispiel den Flammpunkt des Gefahrstoffes herauszufinden. Das TroTlf sicherte den 3-Fachen Brandschutz mit einem Pulverrohr, einem Schwerschaumrohr und einem C-Rohr. Zudem wurden Blechmulden unter die Fahrzeuge verteilt, und die Rettungsschere f\u00fcr die Technische Rettung vorbereitet.<\/p>\n\n\n\n<figure class=\"wp-block-gallery has-nested-images columns-default is-cropped wp-block-gallery-1 is-layout-flex wp-block-gallery-is-layout-flex\">\n<figure class=\"wp-block-image size-large\"><a href=\"https:\/\/feuerwehr-rehau.de\/wp-content\/uploads\/2025\/07\/IMG_4586-scaled.jpeg\"><img decoding=\"async\" width=\"2500\" height=\"1588\" data-id=\"8558\" src=\"https:\/\/feuerwehr-rehau.de\/wp-content\/uploads\/2025\/07\/IMG_4586-2500x1588.jpeg\" alt=\"\" class=\"wp-image-8558\" srcset=\"https:\/\/feuerwehr-rehau.de\/wp-content\/uploads\/2025\/07\/IMG_4586-2500x1588.jpeg 2500w, https:\/\/feuerwehr-rehau.de\/wp-content\/uploads\/2025\/07\/IMG_4586-1600x1016.jpeg 1600w, https:\/\/feuerwehr-rehau.de\/wp-content\/uploads\/2025\/07\/IMG_4586-1536x975.jpeg 1536w, https:\/\/feuerwehr-rehau.de\/wp-content\/uploads\/2025\/07\/IMG_4586-2048x1301.jpeg 2048w\" sizes=\"(max-width: 2500px) 100vw, 2500px\" \/><\/a><figcaption class=\"wp-element-caption\">3-Facher Brandschutz<\/figcaption><\/figure>\n\n\n\n<figure class=\"wp-block-image size-large\"><a href=\"https:\/\/feuerwehr-rehau.de\/wp-content\/uploads\/2025\/07\/IMG_4585-scaled.jpeg\"><img decoding=\"async\" width=\"2500\" height=\"1563\" data-id=\"8557\" src=\"https:\/\/feuerwehr-rehau.de\/wp-content\/uploads\/2025\/07\/IMG_4585-2500x1563.jpeg\" alt=\"\" class=\"wp-image-8557\" srcset=\"https:\/\/feuerwehr-rehau.de\/wp-content\/uploads\/2025\/07\/IMG_4585-2500x1563.jpeg 2500w, https:\/\/feuerwehr-rehau.de\/wp-content\/uploads\/2025\/07\/IMG_4585-1600x1000.jpeg 1600w, https:\/\/feuerwehr-rehau.de\/wp-content\/uploads\/2025\/07\/IMG_4585-1536x960.jpeg 1536w, https:\/\/feuerwehr-rehau.de\/wp-content\/uploads\/2025\/07\/IMG_4585-2048x1281.jpeg 2048w\" sizes=\"(max-width: 2500px) 100vw, 2500px\" \/><\/a><figcaption class=\"wp-element-caption\">3-Facher Brandschutz<\/figcaption><\/figure>\n<\/figure>\n\n\n\n<p>Weitere Feuerwehrleute k\u00fcmmerten sich um die Befreiung der Personen aus den PKW\u00b4s<\/p>\n\n\n\n<figure class=\"wp-block-gallery has-nested-images columns-default is-cropped wp-block-gallery-2 is-layout-flex wp-block-gallery-is-layout-flex\">\n<figure class=\"wp-block-image size-large\"><a href=\"https:\/\/feuerwehr-rehau.de\/wp-content\/uploads\/2025\/07\/IMG_4597.jpeg\"><img decoding=\"async\" width=\"2500\" height=\"1745\" data-id=\"8569\" src=\"https:\/\/feuerwehr-rehau.de\/wp-content\/uploads\/2025\/07\/IMG_4597-2500x1745.jpeg\" alt=\"\" class=\"wp-image-8569\" srcset=\"https:\/\/feuerwehr-rehau.de\/wp-content\/uploads\/2025\/07\/IMG_4597-2500x1745.jpeg 2500w, https:\/\/feuerwehr-rehau.de\/wp-content\/uploads\/2025\/07\/IMG_4597-1600x1117.jpeg 1600w, https:\/\/feuerwehr-rehau.de\/wp-content\/uploads\/2025\/07\/IMG_4597-1536x1072.jpeg 1536w, https:\/\/feuerwehr-rehau.de\/wp-content\/uploads\/2025\/07\/IMG_4597-2048x1429.jpeg 2048w\" sizes=\"(max-width: 2500px) 100vw, 2500px\" \/><\/a><figcaption class=\"wp-element-caption\">Technische Rettung<\/figcaption><\/figure>\n\n\n\n<figure class=\"wp-block-image size-large\"><a href=\"https:\/\/feuerwehr-rehau.de\/wp-content\/uploads\/2025\/07\/IMG_4596-scaled.jpeg\"><img decoding=\"async\" width=\"2500\" height=\"1542\" data-id=\"8568\" src=\"https:\/\/feuerwehr-rehau.de\/wp-content\/uploads\/2025\/07\/IMG_4596-2500x1542.jpeg\" alt=\"\" class=\"wp-image-8568\" srcset=\"https:\/\/feuerwehr-rehau.de\/wp-content\/uploads\/2025\/07\/IMG_4596-2500x1542.jpeg 2500w, https:\/\/feuerwehr-rehau.de\/wp-content\/uploads\/2025\/07\/IMG_4596-1600x987.jpeg 1600w, https:\/\/feuerwehr-rehau.de\/wp-content\/uploads\/2025\/07\/IMG_4596-1536x947.jpeg 1536w, https:\/\/feuerwehr-rehau.de\/wp-content\/uploads\/2025\/07\/IMG_4596-2048x1263.jpeg 2048w\" sizes=\"(max-width: 2500px) 100vw, 2500px\" \/><\/a><figcaption class=\"wp-element-caption\">Technische Rettung<\/figcaption><\/figure>\n\n\n\n<figure class=\"wp-block-image size-large\"><a href=\"https:\/\/feuerwehr-rehau.de\/wp-content\/uploads\/2025\/07\/IMG_4595-scaled.jpeg\"><img decoding=\"async\" width=\"2500\" height=\"1597\" data-id=\"8567\" src=\"https:\/\/feuerwehr-rehau.de\/wp-content\/uploads\/2025\/07\/IMG_4595-2500x1597.jpeg\" alt=\"\" class=\"wp-image-8567\" srcset=\"https:\/\/feuerwehr-rehau.de\/wp-content\/uploads\/2025\/07\/IMG_4595-2500x1597.jpeg 2500w, https:\/\/feuerwehr-rehau.de\/wp-content\/uploads\/2025\/07\/IMG_4595-1600x1022.jpeg 1600w, https:\/\/feuerwehr-rehau.de\/wp-content\/uploads\/2025\/07\/IMG_4595-1536x981.jpeg 1536w, https:\/\/feuerwehr-rehau.de\/wp-content\/uploads\/2025\/07\/IMG_4595-2048x1309.jpeg 2048w\" sizes=\"(max-width: 2500px) 100vw, 2500px\" \/><\/a><figcaption class=\"wp-element-caption\">Technische Rettung<\/figcaption><\/figure>\n\n\n\n<figure class=\"wp-block-image size-large\"><a href=\"https:\/\/feuerwehr-rehau.de\/wp-content\/uploads\/2025\/07\/IMG_4594.jpeg\"><img decoding=\"async\" width=\"2352\" height=\"1760\" data-id=\"8566\" src=\"https:\/\/feuerwehr-rehau.de\/wp-content\/uploads\/2025\/07\/IMG_4594.jpeg\" alt=\"\" class=\"wp-image-8566\" srcset=\"https:\/\/feuerwehr-rehau.de\/wp-content\/uploads\/2025\/07\/IMG_4594.jpeg 2352w, https:\/\/feuerwehr-rehau.de\/wp-content\/uploads\/2025\/07\/IMG_4594-1600x1197.jpeg 1600w, https:\/\/feuerwehr-rehau.de\/wp-content\/uploads\/2025\/07\/IMG_4594-1536x1149.jpeg 1536w, https:\/\/feuerwehr-rehau.de\/wp-content\/uploads\/2025\/07\/IMG_4594-2048x1533.jpeg 2048w\" sizes=\"(max-width: 2352px) 100vw, 2352px\" \/><\/a><figcaption class=\"wp-element-caption\">Technische Rettung<\/figcaption><\/figure>\n\n\n\n<figure class=\"wp-block-image size-large\"><a href=\"https:\/\/feuerwehr-rehau.de\/wp-content\/uploads\/2025\/07\/IMG_4589.jpeg\"><img decoding=\"async\" width=\"2479\" height=\"1622\" data-id=\"8561\" src=\"https:\/\/feuerwehr-rehau.de\/wp-content\/uploads\/2025\/07\/IMG_4589.jpeg\" alt=\"\" class=\"wp-image-8561\" srcset=\"https:\/\/feuerwehr-rehau.de\/wp-content\/uploads\/2025\/07\/IMG_4589.jpeg 2479w, https:\/\/feuerwehr-rehau.de\/wp-content\/uploads\/2025\/07\/IMG_4589-1600x1047.jpeg 1600w, https:\/\/feuerwehr-rehau.de\/wp-content\/uploads\/2025\/07\/IMG_4589-1536x1005.jpeg 1536w, https:\/\/feuerwehr-rehau.de\/wp-content\/uploads\/2025\/07\/IMG_4589-2048x1340.jpeg 2048w\" sizes=\"(max-width: 2479px) 100vw, 2479px\" \/><\/a><figcaption class=\"wp-element-caption\">Technische Rettung<\/figcaption><\/figure>\n<\/figure>\n\n\n\n<p>Das LF 8 mit \u00d6SA setzte seine Aufgaben fort, indem sie sich auf dem Tankwagen befanden, und den &#8222;Diesel&#8220; in spezielle Auffangbeh\u00e4lter umpumpen. Daf\u00fcr musste spezielle Schutzausr\u00fcstung getragen werden. Feuerwehr bedeutet nicht nur Brandbek\u00e4mpfung, sondern mitdenken, anpacken und flexibel handeln. So wurde mit dem vorhandenen Sand aus dem Bauhof ein provisorischer Damm gebaut, um Gefahrstoffe einzud\u00e4mmen.<\/p>\n\n\n\n<figure class=\"wp-block-gallery has-nested-images columns-default is-cropped wp-block-gallery-3 is-layout-flex wp-block-gallery-is-layout-flex\">\n<figure class=\"wp-block-image size-large\"><a href=\"https:\/\/feuerwehr-rehau.de\/wp-content\/uploads\/2025\/07\/IMG_4591-scaled.jpeg\"><img decoding=\"async\" width=\"2500\" height=\"1693\" data-id=\"8563\" src=\"https:\/\/feuerwehr-rehau.de\/wp-content\/uploads\/2025\/07\/IMG_4591-2500x1693.jpeg\" alt=\"\" class=\"wp-image-8563\" srcset=\"https:\/\/feuerwehr-rehau.de\/wp-content\/uploads\/2025\/07\/IMG_4591-2500x1693.jpeg 2500w, https:\/\/feuerwehr-rehau.de\/wp-content\/uploads\/2025\/07\/IMG_4591-1600x1083.jpeg 1600w, https:\/\/feuerwehr-rehau.de\/wp-content\/uploads\/2025\/07\/IMG_4591-1536x1040.jpeg 1536w, https:\/\/feuerwehr-rehau.de\/wp-content\/uploads\/2025\/07\/IMG_4591-2048x1387.jpeg 2048w\" sizes=\"(max-width: 2500px) 100vw, 2500px\" \/><\/a><figcaption class=\"wp-element-caption\">Anbringen des Umf\u00fcllstutze<\/figcaption><\/figure>\n\n\n\n<figure class=\"wp-block-image size-large\"><a href=\"https:\/\/feuerwehr-rehau.de\/wp-content\/uploads\/2025\/07\/IMG_4590-scaled.jpeg\"><img decoding=\"async\" width=\"2500\" height=\"1725\" data-id=\"8562\" src=\"https:\/\/feuerwehr-rehau.de\/wp-content\/uploads\/2025\/07\/IMG_4590-2500x1725.jpeg\" alt=\"\" class=\"wp-image-8562\" srcset=\"https:\/\/feuerwehr-rehau.de\/wp-content\/uploads\/2025\/07\/IMG_4590-2500x1725.jpeg 2500w, https:\/\/feuerwehr-rehau.de\/wp-content\/uploads\/2025\/07\/IMG_4590-1600x1104.jpeg 1600w, https:\/\/feuerwehr-rehau.de\/wp-content\/uploads\/2025\/07\/IMG_4590-1536x1060.jpeg 1536w, https:\/\/feuerwehr-rehau.de\/wp-content\/uploads\/2025\/07\/IMG_4590-2048x1413.jpeg 2048w\" sizes=\"(max-width: 2500px) 100vw, 2500px\" \/><\/a><figcaption class=\"wp-element-caption\">Aufbau der Auffangbeh\u00e4lter<\/figcaption><\/figure>\n\n\n\n<figure class=\"wp-block-image size-large\"><a href=\"https:\/\/feuerwehr-rehau.de\/wp-content\/uploads\/2025\/07\/IMG_4592-scaled.jpeg\"><img decoding=\"async\" width=\"2500\" height=\"1570\" data-id=\"8564\" src=\"https:\/\/feuerwehr-rehau.de\/wp-content\/uploads\/2025\/07\/IMG_4592-2500x1570.jpeg\" alt=\"\" class=\"wp-image-8564\" srcset=\"https:\/\/feuerwehr-rehau.de\/wp-content\/uploads\/2025\/07\/IMG_4592-2500x1570.jpeg 2500w, https:\/\/feuerwehr-rehau.de\/wp-content\/uploads\/2025\/07\/IMG_4592-1600x1005.jpeg 1600w, https:\/\/feuerwehr-rehau.de\/wp-content\/uploads\/2025\/07\/IMG_4592-1536x965.jpeg 1536w, https:\/\/feuerwehr-rehau.de\/wp-content\/uploads\/2025\/07\/IMG_4592-2048x1286.jpeg 2048w\" sizes=\"(max-width: 2500px) 100vw, 2500px\" \/><\/a><figcaption class=\"wp-element-caption\">Aufbau der Auffangbeh\u00e4lter<\/figcaption><\/figure>\n\n\n\n<figure class=\"wp-block-image size-large\"><a href=\"https:\/\/feuerwehr-rehau.de\/wp-content\/uploads\/2025\/07\/IMG_4593-scaled.jpeg\"><img decoding=\"async\" width=\"2500\" height=\"1586\" data-id=\"8565\" src=\"https:\/\/feuerwehr-rehau.de\/wp-content\/uploads\/2025\/07\/IMG_4593-2500x1586.jpeg\" alt=\"\" class=\"wp-image-8565\" srcset=\"https:\/\/feuerwehr-rehau.de\/wp-content\/uploads\/2025\/07\/IMG_4593-2500x1586.jpeg 2500w, https:\/\/feuerwehr-rehau.de\/wp-content\/uploads\/2025\/07\/IMG_4593-1600x1015.jpeg 1600w, https:\/\/feuerwehr-rehau.de\/wp-content\/uploads\/2025\/07\/IMG_4593-1536x974.jpeg 1536w, https:\/\/feuerwehr-rehau.de\/wp-content\/uploads\/2025\/07\/IMG_4593-2048x1299.jpeg 2048w\" sizes=\"(max-width: 2500px) 100vw, 2500px\" \/><\/a><figcaption class=\"wp-element-caption\">Aufbau der Auffangbeh\u00e4lter<\/figcaption><\/figure>\n\n\n\n<figure class=\"wp-block-image size-large\"><a href=\"https:\/\/feuerwehr-rehau.de\/wp-content\/uploads\/2025\/07\/IMG_4600-scaled.jpeg\"><img decoding=\"async\" width=\"2500\" height=\"1634\" data-id=\"8572\" src=\"https:\/\/feuerwehr-rehau.de\/wp-content\/uploads\/2025\/07\/IMG_4600-2500x1634.jpeg\" alt=\"\" class=\"wp-image-8572\" srcset=\"https:\/\/feuerwehr-rehau.de\/wp-content\/uploads\/2025\/07\/IMG_4600-2500x1634.jpeg 2500w, https:\/\/feuerwehr-rehau.de\/wp-content\/uploads\/2025\/07\/IMG_4600-1600x1046.jpeg 1600w, https:\/\/feuerwehr-rehau.de\/wp-content\/uploads\/2025\/07\/IMG_4600-1536x1004.jpeg 1536w, https:\/\/feuerwehr-rehau.de\/wp-content\/uploads\/2025\/07\/IMG_4600-2048x1339.jpeg 2048w\" sizes=\"(max-width: 2500px) 100vw, 2500px\" \/><\/a><figcaption class=\"wp-element-caption\">Abdichten des Lecks<\/figcaption><\/figure>\n<\/figure>\n\n\n\n<p>Gegen 17:30 konnte das \u00dcbungsziel gemeinsam erreicht werden, und die damaligen Kameraden waren wieder bestens Ausgebildet f\u00fcr Verkehrsunf\u00e4lle, Gefahrgutunf\u00e4lle und vielem mehr.<\/p>\n\n\n\n<figure class=\"wp-block-image size-large\"><a href=\"https:\/\/feuerwehr-rehau.de\/wp-content\/uploads\/2025\/07\/IMG_4601-scaled.jpeg\"><img decoding=\"async\" width=\"2500\" height=\"1578\" src=\"https:\/\/feuerwehr-rehau.de\/wp-content\/uploads\/2025\/07\/IMG_4601-2500x1578.jpeg\" alt=\"\" class=\"wp-image-8573\" srcset=\"https:\/\/feuerwehr-rehau.de\/wp-content\/uploads\/2025\/07\/IMG_4601-2500x1578.jpeg 2500w, https:\/\/feuerwehr-rehau.de\/wp-content\/uploads\/2025\/07\/IMG_4601-1600x1010.jpeg 1600w, https:\/\/feuerwehr-rehau.de\/wp-content\/uploads\/2025\/07\/IMG_4601-1536x970.jpeg 1536w, https:\/\/feuerwehr-rehau.de\/wp-content\/uploads\/2025\/07\/IMG_4601-2048x1293.jpeg 2048w\" sizes=\"(max-width: 2500px) 100vw, 2500px\" \/><\/a><figcaption class=\"wp-element-caption\">Aufr\u00e4umarbeiten<\/figcaption><\/figure>\n\n\n\n<div style=\"text-align: right; font-style: italic; margin-top: 2em;\">\n  Ein Bericht von Lukas Bucher\n<\/div>\n\n","protected":false},"excerpt":{"rendered":"<p>Neben dem Einsatzdienst geh\u00f6rt das \u00dcben seit jeher zum festen Bestandteil der Feuerwehrarbeit \u2013 damals wie heute. Fr\u00fcher fanden in regelm\u00e4\u00dfigen Abst\u00e4nden sogenannte \u201e4-Stunden-\u00dcbungen\u201c statt \u2013 gr\u00f6\u00dfere Ausbildungsdienste, an denen die gesamte Wehr teilnahm. Solche Gesamt\u00fcbungen sind heute eher die Ausnahme. Der Wandel liegt unter anderem in der zunehmenden Spezialisierung innerhalb der Feuerwehr: Verschiedene Fachbereiche [&hellip;]<\/p>\n","protected":false},"author":184,"featured_media":0,"parent":0,"menu_order":0,"comment_status":"closed","ping_status":"closed","template":"","meta":{"footnotes":""},"class_list":["post-8555","page","type-page","status-publish","czr-hentry"],"_links":{"self":[{"href":"https:\/\/feuerwehr-rehau.de\/index.php?rest_route=\/wp\/v2\/pages\/8555","targetHints":{"allow":["GET"]}}],"collection":[{"href":"https:\/\/feuerwehr-rehau.de\/index.php?rest_route=\/wp\/v2\/pages"}],"about":[{"href":"https:\/\/feuerwehr-rehau.de\/index.php?rest_route=\/wp\/v2\/types\/page"}],"author":[{"embeddable":true,"href":"https:\/\/feuerwehr-rehau.de\/index.php?rest_route=\/wp\/v2\/users\/184"}],"replies":[{"embeddable":true,"href":"https:\/\/feuerwehr-rehau.de\/index.php?rest_route=%2Fwp%2Fv2%2Fcomments&post=8555"}],"version-history":[{"count":7,"href":"https:\/\/feuerwehr-rehau.de\/index.php?rest_route=\/wp\/v2\/pages\/8555\/revisions"}],"predecessor-version":[{"id":8580,"href":"https:\/\/feuerwehr-rehau.de\/index.php?rest_route=\/wp\/v2\/pages\/8555\/revisions\/8580"}],"wp:attachment":[{"href":"https:\/\/feuerwehr-rehau.de\/index.php?rest_route=%2Fwp%2Fv2%2Fmedia&parent=8555"}],"curies":[{"name":"wp","href":"https:\/\/api.w.org\/{rel}","templated":true}]}}