{"id":8790,"date":"2025-07-30T11:24:29","date_gmt":"2025-07-30T09:24:29","guid":{"rendered":"https:\/\/feuerwehr-rehau.de\/?page_id=8790"},"modified":"2025-07-30T11:32:58","modified_gmt":"2025-07-30T09:32:58","slug":"6-vom-trompeter-zum-digitalen-funkwecker","status":"publish","type":"page","link":"https:\/\/feuerwehr-rehau.de\/?page_id=8790","title":{"rendered":"6. Vom Trompeter zum Digitalen Funkwecker"},"content":{"rendered":"\n<p><strong>Rehau 1865<\/strong> &#8211; Das Gr\u00fcndungsjahr der Freiwilligen Feuerwehr Stadt Rehau. <\/p>\n\n\n\n<p>Wie wurden damals unsere Feuerwehrleute um Hilfe gerufen? <\/p>\n\n\n\n<p>Im Jahr 1865, eine Zeit ohne Fernseher, ohne Smartphones, ohne Digitalen Endger\u00e4ten, wurden Feuerwehrleute mittels Trompeter \u00fcber den Kirchturm um Hilfe gerufen. Anfang der 1930er Jahre, wurde die erste Feuerwehrsirene im Stadtgebiet Rehau in Betrieb genommen. Im zweiten Weltkrieg 1939-1945 wurde mit der Sirene nicht nur die Feuerwehr Alarmiert, sie l\u00f6ste auch eine Bev\u00f6lkerungswarnung aus, der sogenannte ,,Fliegeralarm,,. Anfang der 1950er Jahre, begann die Zeit der sogenannten Stillen-Alarmierung. Eine Rundsteueranlage, diese bestand aus einem Holzbrett, auf dem eine Klingel, eine Lampe und die Technik zum Auswerten der Signale unter gebracht waren. Der Stecker der Anlage wurde einfach in die Steckdose gesteckt und die Anlage war einsatzbereit. Bei einem Alarm, wurde meist die Polizei verst\u00e4ndigt, diese wiederum verst\u00e4ndigte den sogenannten Nachtw\u00e4chter. Der Nachtw\u00e4chter sendete einen Impuls durch das Stromnetz der daf\u00fcr sorgte das die Klingel ausgel\u00f6st wurde. Ende der 1970er Jahre wurden die ersten tragbaren Analoge Funkmeldeempf\u00e4nger (FME) in Rehau eingef\u00fchrt. Bei den ersten Ger\u00e4ten handelte es sich um den Telesignal B der Firma Telefunken. Das Ger\u00e4t war nahezu so gro\u00df wie ein Ziegelstein.<\/p>\n\n\n\n<p>Da der Funkmelder allerdings \u00fcber keine Speicherm\u00f6glichkeit von Sprachnachrichten verf\u00fcgte, musste dieses Ger\u00e4t zur Erreichbarkeit permanent mit sich gef\u00fchrt werden. Aufgrund der Ger\u00e4tegr\u00f6\u00dfe erwies sich dies mitunter jedoch als umst\u00e4ndlich.<\/p>\n\n\n\n<p>Bis Anfang der 1990er Jahren waren die Ger\u00e4te im Dienst. Mitte der 1980er Jahre, wurden die ersten Ger\u00e4te der Firma Motorola mit dem sogenannten Motorola BMD Melde- und Alarmempf\u00e4nger an die Feuerwehrleute in Rehau ausgegeben. Das Ger\u00e4t ist durch seine Kompakte Gr\u00f6\u00dfe deutlich angenehmer zu tragen. Die Alarmierung erfolgt analog \u00fcber eine <a href=\"https:\/\/de.wikipedia.org\/wiki\/5-Ton-Folge\">5-Ton-Folge<\/a>, auf die das Ger\u00e4t spezifisch kodiert werden muss. Anfang 2004 kamen die ersten Funkmeldeempf\u00e4nger des Herstellers Swissphone nach Rehau. Der ,,Quattro,, ein bis heute sehr beliebter Funkmeldeempf\u00e4nger, schmales Design, Kompakt, eingebautes Display, sowie der Uhrzeit. Zuverl\u00e4ssig alarmierte der Quattro mit einer anschlie\u00dfenden Sprachdurchsage der Integrierten Leitstelle Hochfranken, die die Einsatzkr\u00e4fte gut h\u00f6rbar mit Informationen zum Einsatz versorgte. Der Akku hielt bis zu einer Woche, bevor der Melder geladen werden musste und sie waren handlich und praktisch mitzuf\u00fchren.<\/p>\n\n\n\n<p>Am 3. Januar 2025 erfolgte die Ausgabe der Digitalen Funkmeldeempf\u00e4nger an die Feuerwehrdienstleistenden der Stadt Rehau. Mit Einf\u00fchrung des digitalen Sprechfunks vor einigen Jahren ist die Alarmierung nun vorerst der letzte Baustein zum vollst\u00e4ndigen Umstieg auf Digital. Durch die Taktisch-Technische-Betriebsstelle (TTB) beim Landratsamt Hof erfolgt die Ersteinrichtung und Registrierung der Ger\u00e4te. Die Feuerwehrdienstleistenden werden Zug um Zug die analogen Melder gegen die Digitalen Meldeempf\u00e4nger (DME) der Marke Motorola tauschen. Somit geht St\u00fcck f\u00fcr St\u00fcck die \u00c4ra des analogen Funknetzes im Landkreis Hof zu Ende. Rund ein halbes Jahrhundert wurde der Sprechfunk sowie die Alarmierung \u00fcber dieses Funknetz abgewickelt. Anstelle der fr\u00fcheren praktischen Sprachdurchsage wird nun die Einsatzmeldung im Display angezeigt. Diese kann daf\u00fcr aber mehrmals nachgelesen werden. Ein deutlicher Vorteil der digitalen Alarmierung ergibt sich bei der Geschwindigkeit mehrerer ben\u00f6tigter Schleifen bzw. Einheiten. Dauerte im Analogfunk die vollst\u00e4ndige Alarmierung zu einem gr\u00f6\u00dferen Schadensereignis teilweise Minuten, geschieht dies nun parallel in Bruchteilen von Sekunden. Die Speicherpl\u00e4tze der Analogmelder waren hinsichtlich der Anzahl programmierbarer Alarmschleifen sehr beschr\u00e4nkt, nun ist die Belegung mit unterschiedlichen Alarmgruppen schier unbegrenzt. Zudem gibt der Digitalmelder eine Info, sollte er keinen Netzempfang haben. Die Alarmierung sowie der Sprechfunkverkehr ist im digitalen TETRA-BOS Funknetz verschl\u00fcsselt und abh\u00f6rsicher. Der Umstieg auf die digitale Alarmierung im TETRA-Netz betrifft nicht nur uns, sondern wird \u2013 sofern nicht bereits geschehen \u2013 bei allen Bayerischen Feuerwehren durchgef\u00fchrt.<\/p>\n\n\n\n<p>F\u00fcr die Bev\u00f6lkerung \u00e4ndert sich durch den Umstieg hingegen nichts. Selbstverst\u00e4ndlich sind wir im Notfall weiterhin Tag und Nacht schnell und zuverl\u00e4ssig abrufbar<\/p>\n\n\n\n<figure class=\"wp-block-image size-full is-style-rounded\"><a href=\"https:\/\/feuerwehr-rehau.de\/wp-content\/uploads\/2025\/07\/Screenshot-2025-07-30-112249.png\"><img decoding=\"async\" width=\"832\" height=\"572\" src=\"https:\/\/feuerwehr-rehau.de\/wp-content\/uploads\/2025\/07\/Screenshot-2025-07-30-112249.png\" alt=\"\" class=\"wp-image-8791\"\/><\/a><figcaption class=\"wp-element-caption\">Die Funkwecker im Wandel der Zeit<\/figcaption><\/figure>\n\n\n\n<div style=\"text-align: right; font-style: italic; margin-top: 2em;\">\n  Ein Bericht von Lukas Bucher &#038; Florian Konrad\n<\/div>\n","protected":false},"excerpt":{"rendered":"<p>Rehau 1865 &#8211; Das Gr\u00fcndungsjahr der Freiwilligen Feuerwehr Stadt Rehau. Wie wurden damals unsere Feuerwehrleute um Hilfe gerufen? Im Jahr 1865, eine Zeit ohne Fernseher, ohne Smartphones, ohne Digitalen Endger\u00e4ten, wurden Feuerwehrleute mittels Trompeter \u00fcber den Kirchturm um Hilfe gerufen. Anfang der 1930er Jahre, wurde die erste Feuerwehrsirene im Stadtgebiet Rehau in Betrieb genommen. Im [&hellip;]<\/p>\n","protected":false},"author":184,"featured_media":0,"parent":0,"menu_order":0,"comment_status":"closed","ping_status":"closed","template":"","meta":{"footnotes":""},"class_list":["post-8790","page","type-page","status-publish","czr-hentry"],"_links":{"self":[{"href":"https:\/\/feuerwehr-rehau.de\/index.php?rest_route=\/wp\/v2\/pages\/8790","targetHints":{"allow":["GET"]}}],"collection":[{"href":"https:\/\/feuerwehr-rehau.de\/index.php?rest_route=\/wp\/v2\/pages"}],"about":[{"href":"https:\/\/feuerwehr-rehau.de\/index.php?rest_route=\/wp\/v2\/types\/page"}],"author":[{"embeddable":true,"href":"https:\/\/feuerwehr-rehau.de\/index.php?rest_route=\/wp\/v2\/users\/184"}],"replies":[{"embeddable":true,"href":"https:\/\/feuerwehr-rehau.de\/index.php?rest_route=%2Fwp%2Fv2%2Fcomments&post=8790"}],"version-history":[{"count":2,"href":"https:\/\/feuerwehr-rehau.de\/index.php?rest_route=\/wp\/v2\/pages\/8790\/revisions"}],"predecessor-version":[{"id":8797,"href":"https:\/\/feuerwehr-rehau.de\/index.php?rest_route=\/wp\/v2\/pages\/8790\/revisions\/8797"}],"wp:attachment":[{"href":"https:\/\/feuerwehr-rehau.de\/index.php?rest_route=%2Fwp%2Fv2%2Fmedia&parent=8790"}],"curies":[{"name":"wp","href":"https:\/\/api.w.org\/{rel}","templated":true}]}}